{"id":8157,"date":"2025-04-25T21:44:35","date_gmt":"2025-04-26T00:44:35","guid":{"rendered":"https:\/\/varietieseym.com.uy\/?post_type=product&#038;p=8157"},"modified":"2026-03-05T07:54:35","modified_gmt":"2026-03-05T10:54:35","slug":"removedor-de-pestanas-navina","status":"publish","type":"product","link":"https:\/\/varietieseym.com.uy\/index.php\/producto\/removedor-de-pestanas-navina\/","title":{"rendered":"Removedor de Pesta\u00f1as Navina"},"content":{"rendered":"<p>Removedor de Pegamento para Pesta\u00f1as Navina, la soluci\u00f3n avanzada para una eliminaci\u00f3n segura y eficaz de pesta\u00f1as semipermanentes o individuales:<\/p>\n<p>\ud83e\uddf4\u00a0<strong>F\u00f3rmula Avanzada:<\/strong>\u00a0Con una pasta removedora especialmente formulada, proporciona una eliminaci\u00f3n m\u00e1s segura y efectiva, minimizando ondulaciones y protegiendo tanto las pesta\u00f1as naturales como las extensiones.<\/p>\n<p>&nbsp;<\/p>\n","protected":false},"excerpt":{"rendered":"<p>Removedor de Pegamento para Pesta\u00f1as Navina, la soluci\u00f3n avanzada para una eliminaci\u00f3n segura y eficaz de pesta\u00f1as semipermanentes o individuales: \ud83e\uddf4\u00a0F\u00f3rmula Avanzada:\u00a0Con una pasta removedora especialmente formulada, proporciona una eliminaci\u00f3n m\u00e1s segura y efectiva, minimizando ondulaciones y protegiendo tanto las pesta\u00f1as naturales como las extensiones. &nbsp;<\/p>\n","protected":false},"featured_media":8159,"template":"","meta":{"_uag_custom_page_level_css":"","site-sidebar-layout":"default","site-content-layout":"","ast-site-content-layout":"default","site-content-style":"default","site-sidebar-style":"default","ast-global-header-display":"","ast-banner-title-visibility":"","ast-main-header-display":"","ast-hfb-above-header-display":"","ast-hfb-below-header-display":"","ast-hfb-mobile-header-display":"","site-post-title":"","ast-breadcrumbs-content":"","ast-featured-img":"","footer-sml-layout":"","theme-transparent-header-meta":"default","adv-header-id-meta":"","stick-header-meta":"","header-above-stick-meta":"","header-main-stick-meta":"","header-below-stick-meta":"","astra-migrate-meta-layouts":"set","_joinchat":[]},"product_brand":[],"product_cat":[255,258,147],"product_tag":[],"class_list":{"0":"post-8157","1":"product","2":"type-product","3":"status-publish","4":"has-post-thumbnail","6":"product_cat-pelo-a-pelo","7":"product_cat-postizas","8":"product_cat-pestanas","9":"desktop-align-center","10":"tablet-align-left","11":"mobile-align-left","13":"first","14":"instock","15":"shipping-taxable","16":"purchasable","17":"product-type-simple"},"uagb_featured_image_src":{"full":["https:\/\/varietieseym.com.uy\/wp-content\/uploads\/2025\/04\/remov-pestana-navina.jpg",850,844,false],"thumbnail":["https:\/\/varietieseym.com.uy\/wp-content\/uploads\/2025\/04\/remov-pestana-navina-150x150.jpg",150,150,true],"medium":["https:\/\/varietieseym.com.uy\/wp-content\/uploads\/2025\/04\/remov-pestana-navina-300x298.jpg",300,298,true],"medium_large":["https:\/\/varietieseym.com.uy\/wp-content\/uploads\/2025\/04\/remov-pestana-navina-768x763.jpg",768,763,true],"large":["https:\/\/varietieseym.com.uy\/wp-content\/uploads\/2025\/04\/remov-pestana-navina.jpg",850,844,false],"1536x1536":["https:\/\/varietieseym.com.uy\/wp-content\/uploads\/2025\/04\/remov-pestana-navina.jpg",850,844,false],"2048x2048":["https:\/\/varietieseym.com.uy\/wp-content\/uploads\/2025\/04\/remov-pestana-navina.jpg",850,844,false],"woocommerce_thumbnail":["https:\/\/varietieseym.com.uy\/wp-content\/uploads\/2025\/04\/remov-pestana-navina-300x300.jpg",300,300,true],"woocommerce_single":["https:\/\/varietieseym.com.uy\/wp-content\/uploads\/2025\/04\/remov-pestana-navina-600x596.jpg",600,596,true],"woocommerce_gallery_thumbnail":["https:\/\/varietieseym.com.uy\/wp-content\/uploads\/2025\/04\/remov-pestana-navina-100x100.jpg",100,100,true]},"uagb_author_info":{"display_name":"Varietieseym","author_link":"https:\/\/varietieseym.com.uy\/index.php\/author\/"},"uagb_comment_info":0,"uagb_excerpt":"Removedor de Pegamento para Pesta\u00f1as Navina, la soluci\u00f3n avanzada para una eliminaci\u00f3n segura y eficaz de pesta\u00f1as semipermanentes o individuales: \ud83e\uddf4\u00a0F\u00f3rmula Avanzada:\u00a0Con una pasta removedora especialmente formulada, proporciona una eliminaci\u00f3n m\u00e1s segura y efectiva, minimizando ondulaciones y protegiendo tanto las pesta\u00f1as naturales como las extensiones. &nbsp;","_links":{"self":[{"href":"https:\/\/varietieseym.com.uy\/index.php\/wp-json\/wp\/v2\/product\/8157","targetHints":{"allow":["GET"]}}],"collection":[{"href":"https:\/\/varietieseym.com.uy\/index.php\/wp-json\/wp\/v2\/product"}],"about":[{"href":"https:\/\/varietieseym.com.uy\/index.php\/wp-json\/wp\/v2\/types\/product"}],"wp:featuredmedia":[{"embeddable":true,"href":"https:\/\/varietieseym.com.uy\/index.php\/wp-json\/wp\/v2\/media\/8159"}],"wp:attachment":[{"href":"https:\/\/varietieseym.com.uy\/index.php\/wp-json\/wp\/v2\/media?parent=8157"}],"wp:term":[{"taxonomy":"product_brand","embeddable":true,"href":"https:\/\/varietieseym.com.uy\/index.php\/wp-json\/wp\/v2\/product_brand?post=8157"},{"taxonomy":"product_cat","embeddable":true,"href":"https:\/\/varietieseym.com.uy\/index.php\/wp-json\/wp\/v2\/product_cat?post=8157"},{"taxonomy":"product_tag","embeddable":true,"href":"https:\/\/varietieseym.com.uy\/index.php\/wp-json\/wp\/v2\/product_tag?post=8157"}],"curies":[{"name":"wp","href":"https:\/\/api.w.org\/{rel}","templated":true}]}}