{"id":8184,"date":"2025-04-29T19:02:17","date_gmt":"2025-04-29T22:02:17","guid":{"rendered":"https:\/\/varietieseym.com.uy\/?post_type=product&#038;p=8184"},"modified":"2025-04-29T19:08:06","modified_gmt":"2025-04-29T22:08:06","slug":"perfume-arabe-evershine","status":"publish","type":"product","link":"https:\/\/varietieseym.com.uy\/index.php\/producto\/perfume-arabe-evershine\/","title":{"rendered":"Perfume Arabe Evershine"},"content":{"rendered":"<h4><span style=\"font-weight: 400;\">Es adecuada para el uso diario, fiestas, trabajo, etc. La estructura del aroma de este producto es afrutada y tiene notas altas de pomelo, mandarina y manzana, notas medias de lavanda y albahaca, y notas bajas de nuez moscada, musgo y s\u00e1ndalo, que le brindan encanto, energ\u00eda positiva y frescura. La colonia Emirati Shine for Men tiene un aroma duradero y excelente que podr\u00e1s disfrutar durante horas con solo una pulverizaci\u00f3n en tu ropa, cuello o mu\u00f1eca. Puedes utilizar este producto en estaciones c\u00e1lidas como primavera y verano. Shine For Men Eau de Toilette, con su \u00fanico y hermoso color azul y su caja adecuada, es un regalo valioso y especial para sus seres queridos<\/span><\/h4>\n","protected":false},"excerpt":{"rendered":"<p><span style=\"font-weight: 400;\">Estructura de la fragancia: Afrutado<\/span><\/p>\n<p><span style=\"font-weight: 400;\">Notas de salida: Pomelo, mandarina y manzana<\/span><\/p>\n<p><span style=\"font-weight: 400;\">Notas medias: Lavanda y albahaca<\/span><\/p>\n<p><span style=\"font-weight: 400;\">Notas de fondo: Nuez moscada, y s\u00e1ndalo<\/span><\/p>\n","protected":false},"featured_media":8185,"template":"","meta":{"_uag_custom_page_level_css":"","site-sidebar-layout":"default","site-content-layout":"","ast-site-content-layout":"default","site-content-style":"default","site-sidebar-style":"default","ast-global-header-display":"","ast-banner-title-visibility":"","ast-main-header-display":"","ast-hfb-above-header-display":"","ast-hfb-below-header-display":"","ast-hfb-mobile-header-display":"","site-post-title":"","ast-breadcrumbs-content":"","ast-featured-img":"","footer-sml-layout":"","theme-transparent-header-meta":"default","adv-header-id-meta":"","stick-header-meta":"","header-above-stick-meta":"","header-main-stick-meta":"","header-below-stick-meta":"","astra-migrate-meta-layouts":"set","_joinchat":[]},"product_brand":[],"product_cat":[384],"product_tag":[],"class_list":{"0":"post-8184","1":"product","2":"type-product","3":"status-publish","4":"has-post-thumbnail","6":"product_cat-perfumes","7":"desktop-align-center","8":"tablet-align-left","9":"mobile-align-left","11":"first","12":"instock","13":"shipping-taxable","14":"purchasable","15":"product-type-simple"},"uagb_featured_image_src":{"full":["https:\/\/varietieseym.com.uy\/wp-content\/uploads\/2025\/04\/evershine1.jpg",533,622,false],"thumbnail":["https:\/\/varietieseym.com.uy\/wp-content\/uploads\/2025\/04\/evershine1-150x150.jpg",150,150,true],"medium":["https:\/\/varietieseym.com.uy\/wp-content\/uploads\/2025\/04\/evershine1-257x300.jpg",257,300,true],"medium_large":["https:\/\/varietieseym.com.uy\/wp-content\/uploads\/2025\/04\/evershine1.jpg",533,622,false],"large":["https:\/\/varietieseym.com.uy\/wp-content\/uploads\/2025\/04\/evershine1.jpg",533,622,false],"1536x1536":["https:\/\/varietieseym.com.uy\/wp-content\/uploads\/2025\/04\/evershine1.jpg",533,622,false],"2048x2048":["https:\/\/varietieseym.com.uy\/wp-content\/uploads\/2025\/04\/evershine1.jpg",533,622,false],"woocommerce_thumbnail":["https:\/\/varietieseym.com.uy\/wp-content\/uploads\/2025\/04\/evershine1-300x300.jpg",300,300,true],"woocommerce_single":["https:\/\/varietieseym.com.uy\/wp-content\/uploads\/2025\/04\/evershine1.jpg",533,622,false],"woocommerce_gallery_thumbnail":["https:\/\/varietieseym.com.uy\/wp-content\/uploads\/2025\/04\/evershine1-100x100.jpg",100,100,true]},"uagb_author_info":{"display_name":"Varietieseym","author_link":"https:\/\/varietieseym.com.uy\/index.php\/author\/"},"uagb_comment_info":0,"uagb_excerpt":"Estructura de la fragancia: Afrutado Notas de salida: Pomelo, mandarina y manzana Notas medias: Lavanda y albahaca Notas de fondo: Nuez moscada, y s\u00e1ndalo","_links":{"self":[{"href":"https:\/\/varietieseym.com.uy\/index.php\/wp-json\/wp\/v2\/product\/8184","targetHints":{"allow":["GET"]}}],"collection":[{"href":"https:\/\/varietieseym.com.uy\/index.php\/wp-json\/wp\/v2\/product"}],"about":[{"href":"https:\/\/varietieseym.com.uy\/index.php\/wp-json\/wp\/v2\/types\/product"}],"wp:featuredmedia":[{"embeddable":true,"href":"https:\/\/varietieseym.com.uy\/index.php\/wp-json\/wp\/v2\/media\/8185"}],"wp:attachment":[{"href":"https:\/\/varietieseym.com.uy\/index.php\/wp-json\/wp\/v2\/media?parent=8184"}],"wp:term":[{"taxonomy":"product_brand","embeddable":true,"href":"https:\/\/varietieseym.com.uy\/index.php\/wp-json\/wp\/v2\/product_brand?post=8184"},{"taxonomy":"product_cat","embeddable":true,"href":"https:\/\/varietieseym.com.uy\/index.php\/wp-json\/wp\/v2\/product_cat?post=8184"},{"taxonomy":"product_tag","embeddable":true,"href":"https:\/\/varietieseym.com.uy\/index.php\/wp-json\/wp\/v2\/product_tag?post=8184"}],"curies":[{"name":"wp","href":"https:\/\/api.w.org\/{rel}","templated":true}]}}