{"id":8189,"date":"2025-04-29T19:19:18","date_gmt":"2025-04-29T22:19:18","guid":{"rendered":"https:\/\/varietieseym.com.uy\/?post_type=product&#038;p=8189"},"modified":"2025-04-29T19:23:30","modified_gmt":"2025-04-29T22:23:30","slug":"8189","status":"publish","type":"product","link":"https:\/\/varietieseym.com.uy\/index.php\/producto\/8189\/","title":{"rendered":""},"content":{"rendered":"<p><span style=\"font-weight: 400;\">Es una fragancia floral oriental para mujer.<\/span><\/p>\n<p><span style=\"font-weight: 400;\"> Las notas de salida son frambuesa, naranja amarga y pimienta rosa; las notas de coraz\u00f3n son nardos, flor de azahar, osmanto, jazm\u00edn y neroli; las notas de fondo son haba tonka, vainilla, almizcle, benju\u00ed, madera de cachemira y \u00e1mbar.<\/span><\/p>\n","protected":false},"excerpt":{"rendered":"<p>Es una fragancia floral oriental para mujer. Las notas de salida son frambuesa, naranja amarga y pimienta rosa; las notas de coraz\u00f3n son nardos, flor de azahar, osmanto, jazm\u00edn y neroli; las notas de fondo son haba tonka, vainilla, almizcle, benju\u00ed, madera de cachemira y \u00e1mbar.<\/p>\n","protected":false},"featured_media":8187,"template":"","meta":{"_uag_custom_page_level_css":"","site-sidebar-layout":"default","site-content-layout":"","ast-site-content-layout":"default","site-content-style":"default","site-sidebar-style":"default","ast-global-header-display":"","ast-banner-title-visibility":"","ast-main-header-display":"","ast-hfb-above-header-display":"","ast-hfb-below-header-display":"","ast-hfb-mobile-header-display":"","site-post-title":"","ast-breadcrumbs-content":"","ast-featured-img":"","footer-sml-layout":"","theme-transparent-header-meta":"default","adv-header-id-meta":"","stick-header-meta":"","header-above-stick-meta":"","header-main-stick-meta":"","header-below-stick-meta":"","astra-migrate-meta-layouts":"set","_joinchat":[]},"product_brand":[],"product_cat":[384],"product_tag":[],"class_list":{"0":"post-8189","1":"product","2":"type-product","3":"status-publish","4":"has-post-thumbnail","6":"product_cat-perfumes","7":"desktop-align-center","8":"tablet-align-left","9":"mobile-align-left","11":"first","12":"instock","13":"shipping-taxable","14":"purchasable","15":"product-type-simple"},"uagb_featured_image_src":{"full":["https:\/\/varietieseym.com.uy\/wp-content\/uploads\/2025\/04\/kehkasha.jpg",581,560,false],"thumbnail":["https:\/\/varietieseym.com.uy\/wp-content\/uploads\/2025\/04\/kehkasha-150x150.jpg",150,150,true],"medium":["https:\/\/varietieseym.com.uy\/wp-content\/uploads\/2025\/04\/kehkasha-300x289.jpg",300,289,true],"medium_large":["https:\/\/varietieseym.com.uy\/wp-content\/uploads\/2025\/04\/kehkasha.jpg",581,560,false],"large":["https:\/\/varietieseym.com.uy\/wp-content\/uploads\/2025\/04\/kehkasha.jpg",581,560,false],"1536x1536":["https:\/\/varietieseym.com.uy\/wp-content\/uploads\/2025\/04\/kehkasha.jpg",581,560,false],"2048x2048":["https:\/\/varietieseym.com.uy\/wp-content\/uploads\/2025\/04\/kehkasha.jpg",581,560,false],"woocommerce_thumbnail":["https:\/\/varietieseym.com.uy\/wp-content\/uploads\/2025\/04\/kehkasha-300x300.jpg",300,300,true],"woocommerce_single":["https:\/\/varietieseym.com.uy\/wp-content\/uploads\/2025\/04\/kehkasha.jpg",581,560,false],"woocommerce_gallery_thumbnail":["https:\/\/varietieseym.com.uy\/wp-content\/uploads\/2025\/04\/kehkasha-100x100.jpg",100,100,true]},"uagb_author_info":{"display_name":"Varietieseym","author_link":"https:\/\/varietieseym.com.uy\/index.php\/author\/"},"uagb_comment_info":0,"uagb_excerpt":"Es una fragancia floral oriental para mujer. Las notas de salida son frambuesa, naranja amarga y pimienta rosa; las notas de coraz\u00f3n son nardos, flor de azahar, osmanto, jazm\u00edn y neroli; las notas de fondo son haba tonka, vainilla, almizcle, benju\u00ed, madera de cachemira y \u00e1mbar.","_links":{"self":[{"href":"https:\/\/varietieseym.com.uy\/index.php\/wp-json\/wp\/v2\/product\/8189","targetHints":{"allow":["GET"]}}],"collection":[{"href":"https:\/\/varietieseym.com.uy\/index.php\/wp-json\/wp\/v2\/product"}],"about":[{"href":"https:\/\/varietieseym.com.uy\/index.php\/wp-json\/wp\/v2\/types\/product"}],"wp:featuredmedia":[{"embeddable":true,"href":"https:\/\/varietieseym.com.uy\/index.php\/wp-json\/wp\/v2\/media\/8187"}],"wp:attachment":[{"href":"https:\/\/varietieseym.com.uy\/index.php\/wp-json\/wp\/v2\/media?parent=8189"}],"wp:term":[{"taxonomy":"product_brand","embeddable":true,"href":"https:\/\/varietieseym.com.uy\/index.php\/wp-json\/wp\/v2\/product_brand?post=8189"},{"taxonomy":"product_cat","embeddable":true,"href":"https:\/\/varietieseym.com.uy\/index.php\/wp-json\/wp\/v2\/product_cat?post=8189"},{"taxonomy":"product_tag","embeddable":true,"href":"https:\/\/varietieseym.com.uy\/index.php\/wp-json\/wp\/v2\/product_tag?post=8189"}],"curies":[{"name":"wp","href":"https:\/\/api.w.org\/{rel}","templated":true}]}}