{"id":8195,"date":"2025-04-30T21:46:56","date_gmt":"2025-05-01T00:46:56","guid":{"rendered":"https:\/\/varietieseym.com.uy\/?post_type=product&#038;p=8195"},"modified":"2025-04-30T21:46:56","modified_gmt":"2025-05-01T00:46:56","slug":"perfume-ghala-zayed","status":"publish","type":"product","link":"https:\/\/varietieseym.com.uy\/index.php\/producto\/perfume-ghala-zayed\/","title":{"rendered":"Perfume Ghala Zayed"},"content":{"rendered":"<p><span>Ghala Zayed Pink es un perfume delicado y cautivador, dedicado a la mujer que brilla por su naturalidad y refinamiento.<\/span><\/p>\n<p><span>Notas de salida: Almizcle, s\u00e1ndalo.<\/span><\/p>\n<p><span>Notas medias: Jazm\u00edn, Rosa<\/span><\/p>\n<p><span>Notas de fondo: Bergamota, Lavanda, Pachul\u00ed<\/span><\/p>\n","protected":false},"excerpt":{"rendered":"<p>Ghala Zayed Pink es un perfume delicado y cautivador, dedicado a la mujer que brilla por su naturalidad y refinamiento. Notas de salida: Almizcle, s\u00e1ndalo. Notas medias: Jazm\u00edn, Rosa Notas de fondo: Bergamota, Lavanda, Pachul\u00ed<\/p>\n","protected":false},"featured_media":8196,"template":"","meta":{"_uag_custom_page_level_css":"","site-sidebar-layout":"default","site-content-layout":"","ast-site-content-layout":"default","site-content-style":"default","site-sidebar-style":"default","ast-global-header-display":"","ast-banner-title-visibility":"","ast-main-header-display":"","ast-hfb-above-header-display":"","ast-hfb-below-header-display":"","ast-hfb-mobile-header-display":"","site-post-title":"","ast-breadcrumbs-content":"","ast-featured-img":"","footer-sml-layout":"","theme-transparent-header-meta":"default","adv-header-id-meta":"","stick-header-meta":"","header-above-stick-meta":"","header-main-stick-meta":"","header-below-stick-meta":"","astra-migrate-meta-layouts":"set","_joinchat":[]},"product_brand":[],"product_cat":[384],"product_tag":[],"class_list":{"0":"post-8195","1":"product","2":"type-product","3":"status-publish","4":"has-post-thumbnail","6":"product_cat-perfumes","7":"desktop-align-center","8":"tablet-align-left","9":"mobile-align-left","11":"first","12":"instock","13":"shipping-taxable","14":"purchasable","15":"product-type-simple"},"uagb_featured_image_src":{"full":["https:\/\/varietieseym.com.uy\/wp-content\/uploads\/2025\/04\/ghala-.jpg",807,739,false],"thumbnail":["https:\/\/varietieseym.com.uy\/wp-content\/uploads\/2025\/04\/ghala--150x150.jpg",150,150,true],"medium":["https:\/\/varietieseym.com.uy\/wp-content\/uploads\/2025\/04\/ghala--300x275.jpg",300,275,true],"medium_large":["https:\/\/varietieseym.com.uy\/wp-content\/uploads\/2025\/04\/ghala--768x703.jpg",768,703,true],"large":["https:\/\/varietieseym.com.uy\/wp-content\/uploads\/2025\/04\/ghala-.jpg",807,739,false],"1536x1536":["https:\/\/varietieseym.com.uy\/wp-content\/uploads\/2025\/04\/ghala-.jpg",807,739,false],"2048x2048":["https:\/\/varietieseym.com.uy\/wp-content\/uploads\/2025\/04\/ghala-.jpg",807,739,false],"woocommerce_thumbnail":["https:\/\/varietieseym.com.uy\/wp-content\/uploads\/2025\/04\/ghala--300x300.jpg",300,300,true],"woocommerce_single":["https:\/\/varietieseym.com.uy\/wp-content\/uploads\/2025\/04\/ghala--600x549.jpg",600,549,true],"woocommerce_gallery_thumbnail":["https:\/\/varietieseym.com.uy\/wp-content\/uploads\/2025\/04\/ghala--100x100.jpg",100,100,true]},"uagb_author_info":{"display_name":"Varietieseym","author_link":"https:\/\/varietieseym.com.uy\/index.php\/author\/"},"uagb_comment_info":0,"uagb_excerpt":"Ghala Zayed Pink es un perfume delicado y cautivador, dedicado a la mujer que brilla por su naturalidad y refinamiento. Notas de salida: Almizcle, s\u00e1ndalo. Notas medias: Jazm\u00edn, Rosa Notas de fondo: Bergamota, Lavanda, Pachul\u00ed","_links":{"self":[{"href":"https:\/\/varietieseym.com.uy\/index.php\/wp-json\/wp\/v2\/product\/8195","targetHints":{"allow":["GET"]}}],"collection":[{"href":"https:\/\/varietieseym.com.uy\/index.php\/wp-json\/wp\/v2\/product"}],"about":[{"href":"https:\/\/varietieseym.com.uy\/index.php\/wp-json\/wp\/v2\/types\/product"}],"wp:featuredmedia":[{"embeddable":true,"href":"https:\/\/varietieseym.com.uy\/index.php\/wp-json\/wp\/v2\/media\/8196"}],"wp:attachment":[{"href":"https:\/\/varietieseym.com.uy\/index.php\/wp-json\/wp\/v2\/media?parent=8195"}],"wp:term":[{"taxonomy":"product_brand","embeddable":true,"href":"https:\/\/varietieseym.com.uy\/index.php\/wp-json\/wp\/v2\/product_brand?post=8195"},{"taxonomy":"product_cat","embeddable":true,"href":"https:\/\/varietieseym.com.uy\/index.php\/wp-json\/wp\/v2\/product_cat?post=8195"},{"taxonomy":"product_tag","embeddable":true,"href":"https:\/\/varietieseym.com.uy\/index.php\/wp-json\/wp\/v2\/product_tag?post=8195"}],"curies":[{"name":"wp","href":"https:\/\/api.w.org\/{rel}","templated":true}]}}