{"id":8197,"date":"2025-04-30T22:11:24","date_gmt":"2025-05-01T01:11:24","guid":{"rendered":"https:\/\/varietieseym.com.uy\/?post_type=product&#038;p=8197"},"modified":"2025-04-30T22:12:02","modified_gmt":"2025-05-01T01:12:02","slug":"perfume-hot-lady-18","status":"publish","type":"product","link":"https:\/\/varietieseym.com.uy\/index.php\/producto\/perfume-hot-lady-18\/","title":{"rendered":"Perfume Hot Lady +18"},"content":{"rendered":"<p><span style=\"font-weight: 400;\">Hot Lady +18<\/span><\/p>\n<p><span style=\"font-weight: 400;\">Es un perfume muy agradable, suave, de olor dulce y de larga duraci\u00f3n. Viene en un dise\u00f1o incre\u00edble con una hermosa botella de vidrio.\u00a0<\/span><\/p>\n","protected":false},"excerpt":{"rendered":"<p>Hot Lady +18 Es un perfume muy agradable, suave, de olor dulce y de larga duraci\u00f3n. Viene en un dise\u00f1o incre\u00edble con una hermosa botella de vidrio.\u00a0<\/p>\n","protected":false},"featured_media":8198,"template":"","meta":{"_uag_custom_page_level_css":"","site-sidebar-layout":"default","site-content-layout":"","ast-site-content-layout":"default","site-content-style":"default","site-sidebar-style":"default","ast-global-header-display":"","ast-banner-title-visibility":"","ast-main-header-display":"","ast-hfb-above-header-display":"","ast-hfb-below-header-display":"","ast-hfb-mobile-header-display":"","site-post-title":"","ast-breadcrumbs-content":"","ast-featured-img":"","footer-sml-layout":"","theme-transparent-header-meta":"default","adv-header-id-meta":"","stick-header-meta":"","header-above-stick-meta":"","header-main-stick-meta":"","header-below-stick-meta":"","astra-migrate-meta-layouts":"set","_joinchat":[]},"product_brand":[],"product_cat":[384],"product_tag":[],"class_list":{"0":"post-8197","1":"product","2":"type-product","3":"status-publish","4":"has-post-thumbnail","6":"product_cat-perfumes","7":"desktop-align-center","8":"tablet-align-left","9":"mobile-align-left","11":"first","12":"instock","13":"shipping-taxable","14":"purchasable","15":"product-type-simple"},"uagb_featured_image_src":{"full":["https:\/\/varietieseym.com.uy\/wp-content\/uploads\/2025\/04\/hot-lady-18.jpg",705,793,false],"thumbnail":["https:\/\/varietieseym.com.uy\/wp-content\/uploads\/2025\/04\/hot-lady-18-150x150.jpg",150,150,true],"medium":["https:\/\/varietieseym.com.uy\/wp-content\/uploads\/2025\/04\/hot-lady-18-267x300.jpg",267,300,true],"medium_large":["https:\/\/varietieseym.com.uy\/wp-content\/uploads\/2025\/04\/hot-lady-18.jpg",705,793,false],"large":["https:\/\/varietieseym.com.uy\/wp-content\/uploads\/2025\/04\/hot-lady-18.jpg",705,793,false],"1536x1536":["https:\/\/varietieseym.com.uy\/wp-content\/uploads\/2025\/04\/hot-lady-18.jpg",705,793,false],"2048x2048":["https:\/\/varietieseym.com.uy\/wp-content\/uploads\/2025\/04\/hot-lady-18.jpg",705,793,false],"woocommerce_thumbnail":["https:\/\/varietieseym.com.uy\/wp-content\/uploads\/2025\/04\/hot-lady-18-300x300.jpg",300,300,true],"woocommerce_single":["https:\/\/varietieseym.com.uy\/wp-content\/uploads\/2025\/04\/hot-lady-18-600x675.jpg",600,675,true],"woocommerce_gallery_thumbnail":["https:\/\/varietieseym.com.uy\/wp-content\/uploads\/2025\/04\/hot-lady-18-100x100.jpg",100,100,true]},"uagb_author_info":{"display_name":"Varietieseym","author_link":"https:\/\/varietieseym.com.uy\/index.php\/author\/"},"uagb_comment_info":0,"uagb_excerpt":"Hot Lady +18 Es un perfume muy agradable, suave, de olor dulce y de larga duraci\u00f3n. Viene en un dise\u00f1o incre\u00edble con una hermosa botella de vidrio.\u00a0","_links":{"self":[{"href":"https:\/\/varietieseym.com.uy\/index.php\/wp-json\/wp\/v2\/product\/8197","targetHints":{"allow":["GET"]}}],"collection":[{"href":"https:\/\/varietieseym.com.uy\/index.php\/wp-json\/wp\/v2\/product"}],"about":[{"href":"https:\/\/varietieseym.com.uy\/index.php\/wp-json\/wp\/v2\/types\/product"}],"wp:featuredmedia":[{"embeddable":true,"href":"https:\/\/varietieseym.com.uy\/index.php\/wp-json\/wp\/v2\/media\/8198"}],"wp:attachment":[{"href":"https:\/\/varietieseym.com.uy\/index.php\/wp-json\/wp\/v2\/media?parent=8197"}],"wp:term":[{"taxonomy":"product_brand","embeddable":true,"href":"https:\/\/varietieseym.com.uy\/index.php\/wp-json\/wp\/v2\/product_brand?post=8197"},{"taxonomy":"product_cat","embeddable":true,"href":"https:\/\/varietieseym.com.uy\/index.php\/wp-json\/wp\/v2\/product_cat?post=8197"},{"taxonomy":"product_tag","embeddable":true,"href":"https:\/\/varietieseym.com.uy\/index.php\/wp-json\/wp\/v2\/product_tag?post=8197"}],"curies":[{"name":"wp","href":"https:\/\/api.w.org\/{rel}","templated":true}]}}