{"id":8212,"date":"2025-05-02T18:15:53","date_gmt":"2025-05-02T21:15:53","guid":{"rendered":"https:\/\/varietieseym.com.uy\/?post_type=product&#038;p=8212"},"modified":"2025-05-02T18:16:43","modified_gmt":"2025-05-02T21:16:43","slug":"perfume","status":"publish","type":"product","link":"https:\/\/varietieseym.com.uy\/index.php\/producto\/perfume\/","title":{"rendered":"Perfume Inta Hayaati"},"content":{"rendered":"<p><span style=\"font-weight: 400;\">El aroma inicial de este perfume incluye jazm\u00edn y almendra verde, por lo que puedes percibir un aroma \u00fanico inmediatamente despu\u00e9s de rociarlo. Con el tiempo, llegan las notas medias del perfume, que incluyen regaliz y gardenia fragante, haciendo que el aroma sea un poco m\u00e1s c\u00e1lido. El aroma final consiste en una combinaci\u00f3n de vainilla, melocot\u00f3n y s\u00e1ndalo, donde la vainilla le da una dulzura suave y aceptable al aroma de la colonia y hace que el aroma de la colonia dure m\u00e1s tiempo.<\/span><\/p>\n<ul>\n<li style=\"font-weight: 400;\" aria-level=\"1\"><b>Notas de salida:<\/b><span style=\"font-weight: 400;\"> Jazm\u00edn &#8211; Almendra verde<\/span>&nbsp;<\/li>\n<li style=\"font-weight: 400;\" aria-level=\"1\"><b>Notas medias:<\/b><span style=\"font-weight: 400;\"> Gardenia fragante &#8211; regaliz &#8211; pralin\u00e9<\/span>&nbsp;<\/li>\n<li style=\"font-weight: 400;\" aria-level=\"1\"><b>Notas de fondo:<\/b><span style=\"font-weight: 400;\"> vainilla &#8211; s\u00e1ndalo &#8211; melocot\u00f3n &#8211; albaricoque<\/span><\/li>\n<\/ul>\n","protected":false},"excerpt":{"rendered":"<p>El aroma inicial de este perfume incluye jazm\u00edn y almendra verde, por lo que puedes percibir un aroma \u00fanico inmediatamente despu\u00e9s de rociarlo. Con el tiempo, llegan las notas medias del perfume, que incluyen regaliz y gardenia fragante, haciendo que el aroma sea un poco m\u00e1s c\u00e1lido. El aroma final consiste en una combinaci\u00f3n de &hellip;<\/p>\n<p class=\"read-more\"> <a class=\"\" href=\"https:\/\/varietieseym.com.uy\/index.php\/producto\/perfume\/\"> <span class=\"screen-reader-text\">Perfume Inta Hayaati<\/span> Leer m\u00e1s &raquo;<\/a><\/p>\n","protected":false},"featured_media":8213,"template":"","meta":{"_uag_custom_page_level_css":"","site-sidebar-layout":"default","site-content-layout":"","ast-site-content-layout":"default","site-content-style":"default","site-sidebar-style":"default","ast-global-header-display":"","ast-banner-title-visibility":"","ast-main-header-display":"","ast-hfb-above-header-display":"","ast-hfb-below-header-display":"","ast-hfb-mobile-header-display":"","site-post-title":"","ast-breadcrumbs-content":"","ast-featured-img":"","footer-sml-layout":"","theme-transparent-header-meta":"default","adv-header-id-meta":"","stick-header-meta":"","header-above-stick-meta":"","header-main-stick-meta":"","header-below-stick-meta":"","astra-migrate-meta-layouts":"set","_joinchat":[]},"product_brand":[],"product_cat":[384],"product_tag":[],"class_list":{"0":"post-8212","1":"product","2":"type-product","3":"status-publish","4":"has-post-thumbnail","6":"product_cat-perfumes","7":"desktop-align-center","8":"tablet-align-left","9":"mobile-align-left","11":"first","12":"instock","13":"shipping-taxable","14":"purchasable","15":"product-type-simple"},"uagb_featured_image_src":{"full":["https:\/\/varietieseym.com.uy\/wp-content\/uploads\/2025\/05\/inta.jpg",431,588,false],"thumbnail":["https:\/\/varietieseym.com.uy\/wp-content\/uploads\/2025\/05\/inta-150x150.jpg",150,150,true],"medium":["https:\/\/varietieseym.com.uy\/wp-content\/uploads\/2025\/05\/inta-220x300.jpg",220,300,true],"medium_large":["https:\/\/varietieseym.com.uy\/wp-content\/uploads\/2025\/05\/inta.jpg",431,588,false],"large":["https:\/\/varietieseym.com.uy\/wp-content\/uploads\/2025\/05\/inta.jpg",431,588,false],"1536x1536":["https:\/\/varietieseym.com.uy\/wp-content\/uploads\/2025\/05\/inta.jpg",431,588,false],"2048x2048":["https:\/\/varietieseym.com.uy\/wp-content\/uploads\/2025\/05\/inta.jpg",431,588,false],"woocommerce_thumbnail":["https:\/\/varietieseym.com.uy\/wp-content\/uploads\/2025\/05\/inta-300x300.jpg",300,300,true],"woocommerce_single":["https:\/\/varietieseym.com.uy\/wp-content\/uploads\/2025\/05\/inta.jpg",431,588,false],"woocommerce_gallery_thumbnail":["https:\/\/varietieseym.com.uy\/wp-content\/uploads\/2025\/05\/inta-100x100.jpg",100,100,true]},"uagb_author_info":{"display_name":"Varietieseym","author_link":"https:\/\/varietieseym.com.uy\/index.php\/author\/"},"uagb_comment_info":0,"uagb_excerpt":"El aroma inicial de este perfume incluye jazm\u00edn y almendra verde, por lo que puedes percibir un aroma \u00fanico inmediatamente despu\u00e9s de rociarlo. Con el tiempo, llegan las notas medias del perfume, que incluyen regaliz y gardenia fragante, haciendo que el aroma sea un poco m\u00e1s c\u00e1lido. El aroma final consiste en una combinaci\u00f3n de&hellip;","_links":{"self":[{"href":"https:\/\/varietieseym.com.uy\/index.php\/wp-json\/wp\/v2\/product\/8212","targetHints":{"allow":["GET"]}}],"collection":[{"href":"https:\/\/varietieseym.com.uy\/index.php\/wp-json\/wp\/v2\/product"}],"about":[{"href":"https:\/\/varietieseym.com.uy\/index.php\/wp-json\/wp\/v2\/types\/product"}],"wp:featuredmedia":[{"embeddable":true,"href":"https:\/\/varietieseym.com.uy\/index.php\/wp-json\/wp\/v2\/media\/8213"}],"wp:attachment":[{"href":"https:\/\/varietieseym.com.uy\/index.php\/wp-json\/wp\/v2\/media?parent=8212"}],"wp:term":[{"taxonomy":"product_brand","embeddable":true,"href":"https:\/\/varietieseym.com.uy\/index.php\/wp-json\/wp\/v2\/product_brand?post=8212"},{"taxonomy":"product_cat","embeddable":true,"href":"https:\/\/varietieseym.com.uy\/index.php\/wp-json\/wp\/v2\/product_cat?post=8212"},{"taxonomy":"product_tag","embeddable":true,"href":"https:\/\/varietieseym.com.uy\/index.php\/wp-json\/wp\/v2\/product_tag?post=8212"}],"curies":[{"name":"wp","href":"https:\/\/api.w.org\/{rel}","templated":true}]}}