{"id":8243,"date":"2025-05-11T01:00:57","date_gmt":"2025-05-11T04:00:57","guid":{"rendered":"https:\/\/varietieseym.com.uy\/?post_type=product&#038;p=8243"},"modified":"2026-03-06T00:08:40","modified_gmt":"2026-03-06T03:08:40","slug":"serum-feg-pro-potenciador-natural-maximo-de-pestanas-para-longitud-grosor-y-oscuridad","status":"publish","type":"product","link":"https:\/\/varietieseym.com.uy\/index.php\/producto\/serum-feg-pro-potenciador-natural-maximo-de-pestanas-para-longitud-grosor-y-oscuridad\/","title":{"rendered":"Serum FEG PRO potenciador natural m\u00e1ximo de pesta\u00f1as para longitud, grosor y oscuridad"},"content":{"rendered":"<p>Aplica todas las noches directamente sobre la piel del margen superior del p\u00e1rpado en la base de las pesta\u00f1as con los aplicadores que lo acompa\u00f1an. Seca cualquier exceso de soluci\u00f3n m\u00e1s all\u00e1 del margen del p\u00e1rpado.<\/p>\n","protected":false},"excerpt":{"rendered":"<p>Aplica todas las noches directamente sobre la piel del margen superior del p\u00e1rpado en la base de las pesta\u00f1as con los aplicadores que lo acompa\u00f1an. Seca cualquier exceso de soluci\u00f3n m\u00e1s all\u00e1 del margen del p\u00e1rpado.<\/p>\n","protected":false},"featured_media":8247,"template":"","meta":{"_uag_custom_page_level_css":"","site-sidebar-layout":"default","site-content-layout":"","ast-site-content-layout":"default","site-content-style":"default","site-sidebar-style":"default","ast-global-header-display":"","ast-banner-title-visibility":"","ast-main-header-display":"","ast-hfb-above-header-display":"","ast-hfb-below-header-display":"","ast-hfb-mobile-header-display":"","site-post-title":"","ast-breadcrumbs-content":"","ast-featured-img":"","footer-sml-layout":"","theme-transparent-header-meta":"default","adv-header-id-meta":"","stick-header-meta":"","header-above-stick-meta":"","header-main-stick-meta":"","header-below-stick-meta":"","astra-migrate-meta-layouts":"set","_joinchat":[]},"product_brand":[],"product_cat":[147],"product_tag":[],"class_list":{"0":"post-8243","1":"product","2":"type-product","3":"status-publish","4":"has-post-thumbnail","6":"product_cat-pestanas","7":"desktop-align-center","8":"tablet-align-left","9":"mobile-align-left","11":"first","12":"outofstock","13":"shipping-taxable","14":"purchasable","15":"product-type-simple"},"uagb_featured_image_src":{"full":["https:\/\/varietieseym.com.uy\/wp-content\/uploads\/2025\/05\/serum-feg-pro3.jpg",871,879,false],"thumbnail":["https:\/\/varietieseym.com.uy\/wp-content\/uploads\/2025\/05\/serum-feg-pro3-150x150.jpg",150,150,true],"medium":["https:\/\/varietieseym.com.uy\/wp-content\/uploads\/2025\/05\/serum-feg-pro3-297x300.jpg",297,300,true],"medium_large":["https:\/\/varietieseym.com.uy\/wp-content\/uploads\/2025\/05\/serum-feg-pro3-768x775.jpg",768,775,true],"large":["https:\/\/varietieseym.com.uy\/wp-content\/uploads\/2025\/05\/serum-feg-pro3.jpg",871,879,false],"1536x1536":["https:\/\/varietieseym.com.uy\/wp-content\/uploads\/2025\/05\/serum-feg-pro3.jpg",871,879,false],"2048x2048":["https:\/\/varietieseym.com.uy\/wp-content\/uploads\/2025\/05\/serum-feg-pro3.jpg",871,879,false],"woocommerce_thumbnail":["https:\/\/varietieseym.com.uy\/wp-content\/uploads\/2025\/05\/serum-feg-pro3-300x300.jpg",300,300,true],"woocommerce_single":["https:\/\/varietieseym.com.uy\/wp-content\/uploads\/2025\/05\/serum-feg-pro3-600x606.jpg",600,606,true],"woocommerce_gallery_thumbnail":["https:\/\/varietieseym.com.uy\/wp-content\/uploads\/2025\/05\/serum-feg-pro3-100x100.jpg",100,100,true]},"uagb_author_info":{"display_name":"Varietieseym","author_link":"https:\/\/varietieseym.com.uy\/index.php\/author\/"},"uagb_comment_info":0,"uagb_excerpt":"Aplica todas las noches directamente sobre la piel del margen superior del p\u00e1rpado en la base de las pesta\u00f1as con los aplicadores que lo acompa\u00f1an. Seca cualquier exceso de soluci\u00f3n m\u00e1s all\u00e1 del margen del p\u00e1rpado.","_links":{"self":[{"href":"https:\/\/varietieseym.com.uy\/index.php\/wp-json\/wp\/v2\/product\/8243","targetHints":{"allow":["GET"]}}],"collection":[{"href":"https:\/\/varietieseym.com.uy\/index.php\/wp-json\/wp\/v2\/product"}],"about":[{"href":"https:\/\/varietieseym.com.uy\/index.php\/wp-json\/wp\/v2\/types\/product"}],"wp:featuredmedia":[{"embeddable":true,"href":"https:\/\/varietieseym.com.uy\/index.php\/wp-json\/wp\/v2\/media\/8247"}],"wp:attachment":[{"href":"https:\/\/varietieseym.com.uy\/index.php\/wp-json\/wp\/v2\/media?parent=8243"}],"wp:term":[{"taxonomy":"product_brand","embeddable":true,"href":"https:\/\/varietieseym.com.uy\/index.php\/wp-json\/wp\/v2\/product_brand?post=8243"},{"taxonomy":"product_cat","embeddable":true,"href":"https:\/\/varietieseym.com.uy\/index.php\/wp-json\/wp\/v2\/product_cat?post=8243"},{"taxonomy":"product_tag","embeddable":true,"href":"https:\/\/varietieseym.com.uy\/index.php\/wp-json\/wp\/v2\/product_tag?post=8243"}],"curies":[{"name":"wp","href":"https:\/\/api.w.org\/{rel}","templated":true}]}}