{"id":8325,"date":"2025-06-05T16:01:45","date_gmt":"2025-06-05T19:01:45","guid":{"rendered":"https:\/\/varietieseym.com.uy\/?post_type=product&#038;p=8325"},"modified":"2025-06-05T16:13:30","modified_gmt":"2025-06-05T19:13:30","slug":"tips-soft-gel-504-piezas-cortas","status":"publish","type":"product","link":"https:\/\/varietieseym.com.uy\/index.php\/producto\/tips-soft-gel-504-piezas-cortas\/","title":{"rendered":"Tips Soft gel 504 piezas cortas"},"content":{"rendered":"<ul>\n<li>Tips Soft Gel , ultradelgados y flexibles .Fabricados 100% PMMA\u00a0 Resina Gel UV \u2013 Soak off \u2013 ultra transparente y flexible, que traspasa el 95% de la Luz UV para un polimerizado completo.<\/li>\n<li>Caja : 504 piezas en distintos tama\u00f1os<\/li>\n<\/ul>\n<p>Es una de las t\u00e9cnicas m\u00e1s utilizadas en la actualidad, preferida por muchas, por su practicidad y duraci\u00f3n.<\/p>\n<p>Las u\u00f1as se extienden en poco tiempo y este material novedoso hace que la u\u00f1a quede m\u00e1s natural, lo que permite un acabado m\u00e1s realista.<br \/>\nLas u\u00f1as son m\u00e1s ligeras y flexibles con menos tendencia a quebrar.<\/p>\n","protected":false},"excerpt":{"rendered":"<p>Tips Soft Gel , ultradelgados y flexibles .Fabricados 100% PMMA\u00a0 Resina Gel UV \u2013 Soak off \u2013 ultra transparente y flexible, que traspasa el 95% de la Luz UV para un polimerizado completo. Caja : 504 piezas en distintos tama\u00f1os Es una de las t\u00e9cnicas m\u00e1s utilizadas en la actualidad, preferida por muchas, por su &hellip;<\/p>\n<p class=\"read-more\"> <a class=\"\" href=\"https:\/\/varietieseym.com.uy\/index.php\/producto\/tips-soft-gel-504-piezas-cortas\/\"> <span class=\"screen-reader-text\">Tips Soft gel 504 piezas cortas<\/span> Leer m\u00e1s &raquo;<\/a><\/p>\n","protected":false},"featured_media":8335,"template":"","meta":{"_uag_custom_page_level_css":"","site-sidebar-layout":"default","site-content-layout":"","ast-site-content-layout":"default","site-content-style":"default","site-sidebar-style":"default","ast-global-header-display":"","ast-banner-title-visibility":"","ast-main-header-display":"","ast-hfb-above-header-display":"","ast-hfb-below-header-display":"","ast-hfb-mobile-header-display":"","site-post-title":"","ast-breadcrumbs-content":"","ast-featured-img":"","footer-sml-layout":"","theme-transparent-header-meta":"default","adv-header-id-meta":"","stick-header-meta":"","header-above-stick-meta":"","header-main-stick-meta":"","header-below-stick-meta":"","astra-migrate-meta-layouts":"set","_joinchat":[]},"product_brand":[],"product_cat":[283,131],"product_tag":[],"class_list":{"0":"post-8325","1":"product","2":"type-product","3":"status-publish","4":"has-post-thumbnail","6":"product_cat-tips","7":"product_cat-unas","8":"desktop-align-center","9":"tablet-align-left","10":"mobile-align-left","12":"first","13":"instock","14":"shipping-taxable","15":"purchasable","16":"product-type-variable"},"uagb_featured_image_src":{"full":["https:\/\/varietieseym.com.uy\/wp-content\/uploads\/2025\/06\/tip-soft-cortas-3.jpg",2048,2048,false],"thumbnail":["https:\/\/varietieseym.com.uy\/wp-content\/uploads\/2025\/06\/tip-soft-cortas-3-150x150.jpg",150,150,true],"medium":["https:\/\/varietieseym.com.uy\/wp-content\/uploads\/2025\/06\/tip-soft-cortas-3-300x300.jpg",300,300,true],"medium_large":["https:\/\/varietieseym.com.uy\/wp-content\/uploads\/2025\/06\/tip-soft-cortas-3-768x768.jpg",768,768,true],"large":["https:\/\/varietieseym.com.uy\/wp-content\/uploads\/2025\/06\/tip-soft-cortas-3-1024x1024.jpg",1024,1024,true],"1536x1536":["https:\/\/varietieseym.com.uy\/wp-content\/uploads\/2025\/06\/tip-soft-cortas-3-1536x1536.jpg",1536,1536,true],"2048x2048":["https:\/\/varietieseym.com.uy\/wp-content\/uploads\/2025\/06\/tip-soft-cortas-3.jpg",2048,2048,false],"woocommerce_thumbnail":["https:\/\/varietieseym.com.uy\/wp-content\/uploads\/2025\/06\/tip-soft-cortas-3-300x300.jpg",300,300,true],"woocommerce_single":["https:\/\/varietieseym.com.uy\/wp-content\/uploads\/2025\/06\/tip-soft-cortas-3-600x600.jpg",600,600,true],"woocommerce_gallery_thumbnail":["https:\/\/varietieseym.com.uy\/wp-content\/uploads\/2025\/06\/tip-soft-cortas-3-100x100.jpg",100,100,true]},"uagb_author_info":{"display_name":"Varietieseym","author_link":"https:\/\/varietieseym.com.uy\/index.php\/author\/"},"uagb_comment_info":0,"uagb_excerpt":"Tips Soft Gel , ultradelgados y flexibles .Fabricados 100% PMMA\u00a0 Resina Gel UV \u2013 Soak off \u2013 ultra transparente y flexible, que traspasa el 95% de la Luz UV para un polimerizado completo. Caja : 504 piezas en distintos tama\u00f1os Es una de las t\u00e9cnicas m\u00e1s utilizadas en la actualidad, preferida por muchas, por su&hellip;","_links":{"self":[{"href":"https:\/\/varietieseym.com.uy\/index.php\/wp-json\/wp\/v2\/product\/8325","targetHints":{"allow":["GET"]}}],"collection":[{"href":"https:\/\/varietieseym.com.uy\/index.php\/wp-json\/wp\/v2\/product"}],"about":[{"href":"https:\/\/varietieseym.com.uy\/index.php\/wp-json\/wp\/v2\/types\/product"}],"wp:featuredmedia":[{"embeddable":true,"href":"https:\/\/varietieseym.com.uy\/index.php\/wp-json\/wp\/v2\/media\/8335"}],"wp:attachment":[{"href":"https:\/\/varietieseym.com.uy\/index.php\/wp-json\/wp\/v2\/media?parent=8325"}],"wp:term":[{"taxonomy":"product_brand","embeddable":true,"href":"https:\/\/varietieseym.com.uy\/index.php\/wp-json\/wp\/v2\/product_brand?post=8325"},{"taxonomy":"product_cat","embeddable":true,"href":"https:\/\/varietieseym.com.uy\/index.php\/wp-json\/wp\/v2\/product_cat?post=8325"},{"taxonomy":"product_tag","embeddable":true,"href":"https:\/\/varietieseym.com.uy\/index.php\/wp-json\/wp\/v2\/product_tag?post=8325"}],"curies":[{"name":"wp","href":"https:\/\/api.w.org\/{rel}","templated":true}]}}