{"id":8373,"date":"2025-06-12T20:25:05","date_gmt":"2025-06-12T23:25:05","guid":{"rendered":"https:\/\/varietieseym.com.uy\/?post_type=product&#038;p=8373"},"modified":"2026-03-23T18:03:33","modified_gmt":"2026-03-23T21:03:33","slug":"esterilizador-sanitizante-profesional-instrumentos-calor-seco","status":"publish","type":"product","link":"https:\/\/varietieseym.com.uy\/index.php\/producto\/esterilizador-sanitizante-profesional-instrumentos-calor-seco\/","title":{"rendered":"Esterilizador Sanitizante Profesional Instrumentos Calor seco"},"content":{"rendered":"<ul class=\"a-unordered-list a-vertical a-spacing-mini\">\n<li class=\"a-spacing-mini\"><span class=\"a-list-item\">Esterilizador perfecto para salones de belleza, salones de u\u00f1as, pedicuras, barber\u00edas, cl\u00ednicas dentales o uso dom\u00e9stico. El esterilizador tambi\u00e9n se puede utilizar para limas cosm\u00e9ticas y pinzas dentales, para desinfectar herramientas de metal.<\/span><\/li>\n<li class=\"a-spacing-mini\"><span class=\"a-list-item\">Ajuste de tiempo y temperatura Solo tienes que introducir los art\u00edculos y girar el dial de temperatura para ajustar el tiempo de desinfecci\u00f3n seg\u00fan sea necesario. El tiempo de desinfecci\u00f3n est\u00e1ndar es de solo 15 minutos a 125 \u00b0C. La temperatura se puede ajustar de 0 \u00b0C a 220 \u00b0C y se apagar\u00e1 autom\u00e1ticamente al alcanzar la temperatura m\u00e1xima.<\/span><\/li>\n<li class=\"a-spacing-mini\"><span class=\"a-list-item\">Contenedor de acero inoxidable de 2L La construcci\u00f3n de la bandeja de acero inoxidable en el interior es duradera. Tiene un contenedor extra\u00edble para almacenamiento e instrumentos. La espaciosa caja de desinfecci\u00f3n tambi\u00e9n se puede utilizar como caja de herramientas para almacenar art\u00edculos desinfectados, como tijeras de corte de pelo o limas de pedicura, corta\u00fa\u00f1as.<\/span><\/li>\n<li class=\"a-spacing-mini\"><span class=\"a-list-item\">Resistente y robusto funciona con calor seco sin presi\u00f3n ni vapor, lo que aumenta la seguridad y no requiere limpieza peri\u00f3dica. La caja de desinfecci\u00f3n est\u00e1 hecha de acero inoxidable, es duradera y antioxidante.<\/span><\/li>\n<li class=\"a-spacing-mini\"><span class=\"a-list-item\">Esterilizador de alta temperatura no puede desinfectar herramientas de pl\u00e1stico, solo herramientas de metal.\u00a0<\/span><br \/>\n<h1 class=\"ui-pdp-title\"><\/h1>\n<\/li>\n<\/ul>\n","protected":false},"excerpt":{"rendered":"<p>Esterilizador perfecto para salones de belleza, salones de u\u00f1as, pedicuras, barber\u00edas, cl\u00ednicas dentales o uso dom\u00e9stico. El esterilizador tambi\u00e9n se puede utilizar para limas cosm\u00e9ticas y pinzas dentales, para desinfectar herramientas de metal. Ajuste de tiempo y temperatura Solo tienes que introducir los art\u00edculos y girar el dial de temperatura para ajustar el tiempo de &hellip;<\/p>\n<p class=\"read-more\"> <a class=\"\" href=\"https:\/\/varietieseym.com.uy\/index.php\/producto\/esterilizador-sanitizante-profesional-instrumentos-calor-seco\/\"> <span class=\"screen-reader-text\">Esterilizador Sanitizante Profesional Instrumentos Calor seco<\/span> Leer m\u00e1s &raquo;<\/a><\/p>\n","protected":false},"featured_media":8386,"template":"","meta":{"_uag_custom_page_level_css":"","site-sidebar-layout":"default","site-content-layout":"","ast-site-content-layout":"default","site-content-style":"default","site-sidebar-style":"default","ast-global-header-display":"","ast-banner-title-visibility":"","ast-main-header-display":"","ast-hfb-above-header-display":"","ast-hfb-below-header-display":"","ast-hfb-mobile-header-display":"","site-post-title":"","ast-breadcrumbs-content":"","ast-featured-img":"","footer-sml-layout":"","theme-transparent-header-meta":"default","adv-header-id-meta":"","stick-header-meta":"","header-above-stick-meta":"","header-main-stick-meta":"","header-below-stick-meta":"","astra-migrate-meta-layouts":"set","_joinchat":[]},"product_brand":[],"product_cat":[131,137,146,147,15],"product_tag":[],"class_list":{"0":"post-8373","1":"product","2":"type-product","3":"status-publish","4":"has-post-thumbnail","6":"product_cat-unas","7":"product_cat-otros","8":"product_cat-cejas","9":"product_cat-pestanas","10":"product_cat-sin-categorizar","11":"desktop-align-center","12":"tablet-align-left","13":"mobile-align-left","15":"first","16":"instock","17":"sale","18":"shipping-taxable","19":"purchasable","20":"product-type-simple"},"uagb_featured_image_src":{"full":["https:\/\/varietieseym.com.uy\/wp-content\/uploads\/2025\/06\/esterilizadorgrande2.jpg",865,877,false],"thumbnail":["https:\/\/varietieseym.com.uy\/wp-content\/uploads\/2025\/06\/esterilizadorgrande2-150x150.jpg",150,150,true],"medium":["https:\/\/varietieseym.com.uy\/wp-content\/uploads\/2025\/06\/esterilizadorgrande2-296x300.jpg",296,300,true],"medium_large":["https:\/\/varietieseym.com.uy\/wp-content\/uploads\/2025\/06\/esterilizadorgrande2-768x779.jpg",768,779,true],"large":["https:\/\/varietieseym.com.uy\/wp-content\/uploads\/2025\/06\/esterilizadorgrande2.jpg",865,877,false],"1536x1536":["https:\/\/varietieseym.com.uy\/wp-content\/uploads\/2025\/06\/esterilizadorgrande2.jpg",865,877,false],"2048x2048":["https:\/\/varietieseym.com.uy\/wp-content\/uploads\/2025\/06\/esterilizadorgrande2.jpg",865,877,false],"woocommerce_thumbnail":["https:\/\/varietieseym.com.uy\/wp-content\/uploads\/2025\/06\/esterilizadorgrande2-300x300.jpg",300,300,true],"woocommerce_single":["https:\/\/varietieseym.com.uy\/wp-content\/uploads\/2025\/06\/esterilizadorgrande2-600x608.jpg",600,608,true],"woocommerce_gallery_thumbnail":["https:\/\/varietieseym.com.uy\/wp-content\/uploads\/2025\/06\/esterilizadorgrande2-100x100.jpg",100,100,true]},"uagb_author_info":{"display_name":"Varietieseym","author_link":"https:\/\/varietieseym.com.uy\/index.php\/author\/"},"uagb_comment_info":0,"uagb_excerpt":"Esterilizador perfecto para salones de belleza, salones de u\u00f1as, pedicuras, barber\u00edas, cl\u00ednicas dentales o uso dom\u00e9stico. El esterilizador tambi\u00e9n se puede utilizar para limas cosm\u00e9ticas y pinzas dentales, para desinfectar herramientas de metal. Ajuste de tiempo y temperatura Solo tienes que introducir los art\u00edculos y girar el dial de temperatura para ajustar el tiempo de&hellip;","_links":{"self":[{"href":"https:\/\/varietieseym.com.uy\/index.php\/wp-json\/wp\/v2\/product\/8373","targetHints":{"allow":["GET"]}}],"collection":[{"href":"https:\/\/varietieseym.com.uy\/index.php\/wp-json\/wp\/v2\/product"}],"about":[{"href":"https:\/\/varietieseym.com.uy\/index.php\/wp-json\/wp\/v2\/types\/product"}],"wp:featuredmedia":[{"embeddable":true,"href":"https:\/\/varietieseym.com.uy\/index.php\/wp-json\/wp\/v2\/media\/8386"}],"wp:attachment":[{"href":"https:\/\/varietieseym.com.uy\/index.php\/wp-json\/wp\/v2\/media?parent=8373"}],"wp:term":[{"taxonomy":"product_brand","embeddable":true,"href":"https:\/\/varietieseym.com.uy\/index.php\/wp-json\/wp\/v2\/product_brand?post=8373"},{"taxonomy":"product_cat","embeddable":true,"href":"https:\/\/varietieseym.com.uy\/index.php\/wp-json\/wp\/v2\/product_cat?post=8373"},{"taxonomy":"product_tag","embeddable":true,"href":"https:\/\/varietieseym.com.uy\/index.php\/wp-json\/wp\/v2\/product_tag?post=8373"}],"curies":[{"name":"wp","href":"https:\/\/api.w.org\/{rel}","templated":true}]}}