{"id":8405,"date":"2025-06-13T20:53:26","date_gmt":"2025-06-13T23:53:26","guid":{"rendered":"https:\/\/varietieseym.com.uy\/?post_type=product&#038;p=8405"},"modified":"2026-04-28T23:54:15","modified_gmt":"2026-04-29T02:54:15","slug":"serum-facial-sangre-de-drago-max-love","status":"publish","type":"product","link":"https:\/\/varietieseym.com.uy\/index.php\/producto\/serum-facial-sangre-de-drago-max-love\/","title":{"rendered":"Serum Facial Sangre de drag\u00f3 Max Love"},"content":{"rendered":"<p>\u00a1El alma de la planta con incre\u00edbles beneficios para la salud y la belleza!<\/p>\n<p>Los aceites esenciales, considerados el alma de la planta, concentran sus compuestos bioqu\u00edmicos con acci\u00f3n terap\u00e9utica, ofreciendo diversos beneficios para la salud f\u00edsica, mental y emocional.<\/p>\n<p>Nuestros aceites esenciales son puros, sin diluir y no sint\u00e9ticos, extra\u00eddos por destilaci\u00f3n al vapor, la forma m\u00e1s natural y tradicional de destilaci\u00f3n, sin el uso de aditivos ni disolventes en el proceso de cultivo y extracci\u00f3n.<\/p>\n<p>Descubre el Aceite Esencial de Sangre de Drago, un aceite de resina de color rojo oscuro intenso, proveniente del Drago Amaz\u00f3nico.<\/p>\n<p>Origen y nombre: Extra\u00eddo de la resina del Drago, presente en la selva amaz\u00f3nica, su nombre deriva del intenso color rojo de la resina.<\/p>\n<p>Usos tradicionales: Utilizado desde la antig\u00fcedad por los nativos para detener hemorragias, prevenir infecciones y promover la cicatrizaci\u00f3n. Beneficios para la piel: Regeneraci\u00f3n profunda: Estimula la s\u00edntesis de col\u00e1geno, reduciendo arrugas y flacidez, combatiendo el envejecimiento prematuro y revirtiendo los signos de la edad.<\/p>\n<p>Propiedades antioxidantes: 50 veces m\u00e1s potente que la vitamina E, neutraliza los radicales libres y protege las c\u00e9lulas cut\u00e1neas.<\/p>\n<p>Acci\u00f3n antiinflamatoria: Alivia el dolor y las molestias causadas por inflamaciones cut\u00e1neas, como el acn\u00e9 y el eccema. Cicatrizante: Acelera la cicatrizaci\u00f3n de heridas y cortes, previniendo la formaci\u00f3n de queloides.<\/p>\n<p>Otras aplicaciones: Fortalecimiento capilar: Combate la ca\u00edda del cabello y promueve su crecimiento. Alivio del dolor: Ayuda a tratar el dolor muscular y articular.<\/p>\n<p>Bienestar emocional: Promueve la relajaci\u00f3n y la reducci\u00f3n del estr\u00e9s.<\/p>\n<p><strong>\u00a0\u00a1Prueba el aceite esencial de Sangre de Drago y disfruta de sus incre\u00edbles beneficios para la salud y la belleza!<\/strong><\/p>\n","protected":false},"excerpt":{"rendered":"<p>\u00a1El alma de la planta con incre\u00edbles beneficios para la salud y la belleza! Los aceites esenciales, considerados el alma de la planta, concentran sus compuestos bioqu\u00edmicos con acci\u00f3n terap\u00e9utica, ofreciendo diversos beneficios para la salud f\u00edsica, mental y emocional. Nuestros aceites esenciales son puros, sin diluir y no sint\u00e9ticos, extra\u00eddos por destilaci\u00f3n al vapor, &hellip;<\/p>\n<p class=\"read-more\"> <a class=\"\" href=\"https:\/\/varietieseym.com.uy\/index.php\/producto\/serum-facial-sangre-de-drago-max-love\/\"> <span class=\"screen-reader-text\">Serum Facial Sangre de drag\u00f3 Max Love<\/span> Leer m\u00e1s &raquo;<\/a><\/p>\n","protected":false},"featured_media":8406,"template":"","meta":{"_uag_custom_page_level_css":"","site-sidebar-layout":"default","site-content-layout":"","ast-site-content-layout":"default","site-content-style":"default","site-sidebar-style":"default","ast-global-header-display":"","ast-banner-title-visibility":"","ast-main-header-display":"","ast-hfb-above-header-display":"","ast-hfb-below-header-display":"","ast-hfb-mobile-header-display":"","site-post-title":"","ast-breadcrumbs-content":"","ast-featured-img":"","footer-sml-layout":"","theme-transparent-header-meta":"default","adv-header-id-meta":"","stick-header-meta":"","header-above-stick-meta":"","header-main-stick-meta":"","header-below-stick-meta":"","astra-migrate-meta-layouts":"set","_joinchat":[]},"product_brand":[],"product_cat":[248],"product_tag":[],"class_list":{"0":"post-8405","1":"product","2":"type-product","3":"status-publish","4":"has-post-thumbnail","6":"product_cat-serum","7":"desktop-align-center","8":"tablet-align-left","9":"mobile-align-left","11":"first","12":"outofstock","13":"shipping-taxable","14":"purchasable","15":"product-type-simple"},"uagb_featured_image_src":{"full":["https:\/\/varietieseym.com.uy\/wp-content\/uploads\/2025\/06\/serum-sangre-dragon.jpg",883,885,false],"thumbnail":["https:\/\/varietieseym.com.uy\/wp-content\/uploads\/2025\/06\/serum-sangre-dragon-150x150.jpg",150,150,true],"medium":["https:\/\/varietieseym.com.uy\/wp-content\/uploads\/2025\/06\/serum-sangre-dragon-300x300.jpg",300,300,true],"medium_large":["https:\/\/varietieseym.com.uy\/wp-content\/uploads\/2025\/06\/serum-sangre-dragon-768x770.jpg",768,770,true],"large":["https:\/\/varietieseym.com.uy\/wp-content\/uploads\/2025\/06\/serum-sangre-dragon.jpg",883,885,false],"1536x1536":["https:\/\/varietieseym.com.uy\/wp-content\/uploads\/2025\/06\/serum-sangre-dragon.jpg",883,885,false],"2048x2048":["https:\/\/varietieseym.com.uy\/wp-content\/uploads\/2025\/06\/serum-sangre-dragon.jpg",883,885,false],"woocommerce_thumbnail":["https:\/\/varietieseym.com.uy\/wp-content\/uploads\/2025\/06\/serum-sangre-dragon-300x300.jpg",300,300,true],"woocommerce_single":["https:\/\/varietieseym.com.uy\/wp-content\/uploads\/2025\/06\/serum-sangre-dragon-600x601.jpg",600,601,true],"woocommerce_gallery_thumbnail":["https:\/\/varietieseym.com.uy\/wp-content\/uploads\/2025\/06\/serum-sangre-dragon-100x100.jpg",100,100,true]},"uagb_author_info":{"display_name":"Varietieseym","author_link":"https:\/\/varietieseym.com.uy\/index.php\/author\/"},"uagb_comment_info":0,"uagb_excerpt":"\u00a1El alma de la planta con incre\u00edbles beneficios para la salud y la belleza! Los aceites esenciales, considerados el alma de la planta, concentran sus compuestos bioqu\u00edmicos con acci\u00f3n terap\u00e9utica, ofreciendo diversos beneficios para la salud f\u00edsica, mental y emocional. Nuestros aceites esenciales son puros, sin diluir y no sint\u00e9ticos, extra\u00eddos por destilaci\u00f3n al vapor,&hellip;","_links":{"self":[{"href":"https:\/\/varietieseym.com.uy\/index.php\/wp-json\/wp\/v2\/product\/8405","targetHints":{"allow":["GET"]}}],"collection":[{"href":"https:\/\/varietieseym.com.uy\/index.php\/wp-json\/wp\/v2\/product"}],"about":[{"href":"https:\/\/varietieseym.com.uy\/index.php\/wp-json\/wp\/v2\/types\/product"}],"wp:featuredmedia":[{"embeddable":true,"href":"https:\/\/varietieseym.com.uy\/index.php\/wp-json\/wp\/v2\/media\/8406"}],"wp:attachment":[{"href":"https:\/\/varietieseym.com.uy\/index.php\/wp-json\/wp\/v2\/media?parent=8405"}],"wp:term":[{"taxonomy":"product_brand","embeddable":true,"href":"https:\/\/varietieseym.com.uy\/index.php\/wp-json\/wp\/v2\/product_brand?post=8405"},{"taxonomy":"product_cat","embeddable":true,"href":"https:\/\/varietieseym.com.uy\/index.php\/wp-json\/wp\/v2\/product_cat?post=8405"},{"taxonomy":"product_tag","embeddable":true,"href":"https:\/\/varietieseym.com.uy\/index.php\/wp-json\/wp\/v2\/product_tag?post=8405"}],"curies":[{"name":"wp","href":"https:\/\/api.w.org\/{rel}","templated":true}]}}