{"id":8417,"date":"2025-06-14T00:30:25","date_gmt":"2025-06-14T03:30:25","guid":{"rendered":"https:\/\/varietieseym.com.uy\/?post_type=product&#038;p=8417"},"modified":"2026-04-05T23:11:10","modified_gmt":"2026-04-06T02:11:10","slug":"kit-herramienta-extraccion-de-acne-puntos-negros-4-und","status":"publish","type":"product","link":"https:\/\/varietieseym.com.uy\/index.php\/producto\/kit-herramienta-extraccion-de-acne-puntos-negros-4-und\/","title":{"rendered":"\u00a0kit herramienta\u00a0extraccion de acn\u00e9, puntos negros 4 und"},"content":{"rendered":"<p><span class=\"a-list-item\">Material de acero inoxidable de alta calidad, a prueba de \u00f3xido, f\u00e1cil de limpiar, larga vida \u00fatil, adecuado para todo tipo de piel.\u00a0<\/span><\/p>\n<p><span class=\"a-list-item\">Limpia la recolecci\u00f3n de acn\u00e9 sin dejar marcas, puntos negros, granos, espinillas.<\/span><\/p>\n<p><span class=\"a-list-item\">Peque\u00f1o y port\u00e1til herramienta de puntos negros 4 en 1, equipada con una caja, tama\u00f1o de la caja: 5.6 x 1.0 x 0.4 in, peque\u00f1a y ligera, adecuada para llevar en bolsas, carteras y port\u00e1til.<\/span><\/p>\n<p><span class=\"a-list-item\">M\u00faltiples funciones cada una tiene diferentes funciones, y cuando se usa en combinaci\u00f3n, el efecto es mejor.\u00a0<\/span><\/p>\n","protected":false},"excerpt":{"rendered":"<p>Material de acero inoxidable de alta calidad, a prueba de \u00f3xido, f\u00e1cil de limpiar, larga vida \u00fatil, adecuado para todo tipo de piel.\u00a0 Limpia la recolecci\u00f3n de acn\u00e9 sin dejar marcas, puntos negros, granos, espinillas. Peque\u00f1o y port\u00e1til herramienta de puntos negros 4 en 1, equipada con una caja, tama\u00f1o de la caja: 5.6 x &hellip;<\/p>\n<p class=\"read-more\"> <a class=\"\" href=\"https:\/\/varietieseym.com.uy\/index.php\/producto\/kit-herramienta-extraccion-de-acne-puntos-negros-4-und\/\"> <span class=\"screen-reader-text\">\u00a0kit herramienta\u00a0extraccion de acn\u00e9, puntos negros 4 und<\/span> Leer m\u00e1s &raquo;<\/a><\/p>\n","protected":false},"featured_media":8419,"template":"","meta":{"_uag_custom_page_level_css":"","site-sidebar-layout":"default","site-content-layout":"","ast-site-content-layout":"default","site-content-style":"default","site-sidebar-style":"default","ast-global-header-display":"","ast-banner-title-visibility":"","ast-main-header-display":"","ast-hfb-above-header-display":"","ast-hfb-below-header-display":"","ast-hfb-mobile-header-display":"","site-post-title":"","ast-breadcrumbs-content":"","ast-featured-img":"","footer-sml-layout":"","theme-transparent-header-meta":"default","adv-header-id-meta":"","stick-header-meta":"","header-above-stick-meta":"","header-main-stick-meta":"","header-below-stick-meta":"","astra-migrate-meta-layouts":"set","_joinchat":[]},"product_brand":[],"product_cat":[246,251,144],"product_tag":[],"class_list":{"0":"post-8417","1":"product","2":"type-product","3":"status-publish","4":"has-post-thumbnail","6":"product_cat-accesorios-skincare","7":"product_cat-otros-skincare","8":"product_cat-skincare","9":"desktop-align-center","10":"tablet-align-left","11":"mobile-align-left","13":"first","14":"outofstock","15":"shipping-taxable","16":"purchasable","17":"product-type-simple"},"uagb_featured_image_src":{"full":["https:\/\/varietieseym.com.uy\/wp-content\/uploads\/2025\/06\/set-puntos-negros1.jpg",820,885,false],"thumbnail":["https:\/\/varietieseym.com.uy\/wp-content\/uploads\/2025\/06\/set-puntos-negros1-150x150.jpg",150,150,true],"medium":["https:\/\/varietieseym.com.uy\/wp-content\/uploads\/2025\/06\/set-puntos-negros1-278x300.jpg",278,300,true],"medium_large":["https:\/\/varietieseym.com.uy\/wp-content\/uploads\/2025\/06\/set-puntos-negros1-768x829.jpg",768,829,true],"large":["https:\/\/varietieseym.com.uy\/wp-content\/uploads\/2025\/06\/set-puntos-negros1.jpg",820,885,false],"1536x1536":["https:\/\/varietieseym.com.uy\/wp-content\/uploads\/2025\/06\/set-puntos-negros1.jpg",820,885,false],"2048x2048":["https:\/\/varietieseym.com.uy\/wp-content\/uploads\/2025\/06\/set-puntos-negros1.jpg",820,885,false],"woocommerce_thumbnail":["https:\/\/varietieseym.com.uy\/wp-content\/uploads\/2025\/06\/set-puntos-negros1-300x300.jpg",300,300,true],"woocommerce_single":["https:\/\/varietieseym.com.uy\/wp-content\/uploads\/2025\/06\/set-puntos-negros1-600x648.jpg",600,648,true],"woocommerce_gallery_thumbnail":["https:\/\/varietieseym.com.uy\/wp-content\/uploads\/2025\/06\/set-puntos-negros1-100x100.jpg",100,100,true]},"uagb_author_info":{"display_name":"Varietieseym","author_link":"https:\/\/varietieseym.com.uy\/index.php\/author\/"},"uagb_comment_info":0,"uagb_excerpt":"Material de acero inoxidable de alta calidad, a prueba de \u00f3xido, f\u00e1cil de limpiar, larga vida \u00fatil, adecuado para todo tipo de piel.\u00a0 Limpia la recolecci\u00f3n de acn\u00e9 sin dejar marcas, puntos negros, granos, espinillas. Peque\u00f1o y port\u00e1til herramienta de puntos negros 4 en 1, equipada con una caja, tama\u00f1o de la caja: 5.6 x&hellip;","_links":{"self":[{"href":"https:\/\/varietieseym.com.uy\/index.php\/wp-json\/wp\/v2\/product\/8417","targetHints":{"allow":["GET"]}}],"collection":[{"href":"https:\/\/varietieseym.com.uy\/index.php\/wp-json\/wp\/v2\/product"}],"about":[{"href":"https:\/\/varietieseym.com.uy\/index.php\/wp-json\/wp\/v2\/types\/product"}],"wp:featuredmedia":[{"embeddable":true,"href":"https:\/\/varietieseym.com.uy\/index.php\/wp-json\/wp\/v2\/media\/8419"}],"wp:attachment":[{"href":"https:\/\/varietieseym.com.uy\/index.php\/wp-json\/wp\/v2\/media?parent=8417"}],"wp:term":[{"taxonomy":"product_brand","embeddable":true,"href":"https:\/\/varietieseym.com.uy\/index.php\/wp-json\/wp\/v2\/product_brand?post=8417"},{"taxonomy":"product_cat","embeddable":true,"href":"https:\/\/varietieseym.com.uy\/index.php\/wp-json\/wp\/v2\/product_cat?post=8417"},{"taxonomy":"product_tag","embeddable":true,"href":"https:\/\/varietieseym.com.uy\/index.php\/wp-json\/wp\/v2\/product_tag?post=8417"}],"curies":[{"name":"wp","href":"https:\/\/api.w.org\/{rel}","templated":true}]}}