{"id":8421,"date":"2025-06-14T20:08:01","date_gmt":"2025-06-14T23:08:01","guid":{"rendered":"https:\/\/varietieseym.com.uy\/?post_type=product&#038;p=8421"},"modified":"2026-04-01T18:45:13","modified_gmt":"2026-04-01T21:45:13","slug":"shampo-espuma-obeeya-para-pestanas-y-cejas","status":"publish","type":"product","link":"https:\/\/varietieseym.com.uy\/index.php\/producto\/shampo-espuma-obeeya-para-pestanas-y-cejas\/","title":{"rendered":"Shampo, espuma Obeeya para pesta\u00f1as y cejas"},"content":{"rendered":"<p>\ud83e\udee7 F\u00e1cil aplicaci\u00f3n en textura de espuma<br \/>\n\ud83e\udee7 Dise\u00f1ado para eliminar la grasa y aceite acumulado en p\u00e1rpados y pesta\u00f1as, equilibrando los niveles de pH a trav\u00e9s de limpieza profunda<\/p>\n","protected":false},"excerpt":{"rendered":"<p>\ud83e\udee7 F\u00e1cil aplicaci\u00f3n en textura de espuma \ud83e\udee7 Dise\u00f1ado para eliminar la grasa y aceite acumulado en p\u00e1rpados y pesta\u00f1as, equilibrando los niveles de pH a trav\u00e9s de limpieza profunda<\/p>\n","protected":false},"featured_media":8424,"template":"","meta":{"_uag_custom_page_level_css":"","site-sidebar-layout":"default","site-content-layout":"","ast-site-content-layout":"default","site-content-style":"default","site-sidebar-style":"default","ast-global-header-display":"","ast-banner-title-visibility":"","ast-main-header-display":"","ast-hfb-above-header-display":"","ast-hfb-below-header-display":"","ast-hfb-mobile-header-display":"","site-post-title":"","ast-breadcrumbs-content":"","ast-featured-img":"","footer-sml-layout":"","theme-transparent-header-meta":"default","adv-header-id-meta":"","stick-header-meta":"","header-above-stick-meta":"","header-main-stick-meta":"","header-below-stick-meta":"","astra-migrate-meta-layouts":"set","_joinchat":[]},"product_brand":[],"product_cat":[256,147],"product_tag":[],"class_list":{"0":"post-8421","1":"product","2":"type-product","3":"status-publish","4":"has-post-thumbnail","6":"product_cat-accesorios-pestanas","7":"product_cat-pestanas","8":"desktop-align-center","9":"tablet-align-left","10":"mobile-align-left","12":"first","13":"instock","14":"shipping-taxable","15":"purchasable","16":"product-type-simple"},"uagb_featured_image_src":{"full":["https:\/\/varietieseym.com.uy\/wp-content\/uploads\/2025\/06\/shampoo-pestanas.jpg",823,886,false],"thumbnail":["https:\/\/varietieseym.com.uy\/wp-content\/uploads\/2025\/06\/shampoo-pestanas-150x150.jpg",150,150,true],"medium":["https:\/\/varietieseym.com.uy\/wp-content\/uploads\/2025\/06\/shampoo-pestanas-279x300.jpg",279,300,true],"medium_large":["https:\/\/varietieseym.com.uy\/wp-content\/uploads\/2025\/06\/shampoo-pestanas-768x827.jpg",768,827,true],"large":["https:\/\/varietieseym.com.uy\/wp-content\/uploads\/2025\/06\/shampoo-pestanas.jpg",823,886,false],"1536x1536":["https:\/\/varietieseym.com.uy\/wp-content\/uploads\/2025\/06\/shampoo-pestanas.jpg",823,886,false],"2048x2048":["https:\/\/varietieseym.com.uy\/wp-content\/uploads\/2025\/06\/shampoo-pestanas.jpg",823,886,false],"woocommerce_thumbnail":["https:\/\/varietieseym.com.uy\/wp-content\/uploads\/2025\/06\/shampoo-pestanas-300x300.jpg",300,300,true],"woocommerce_single":["https:\/\/varietieseym.com.uy\/wp-content\/uploads\/2025\/06\/shampoo-pestanas-600x646.jpg",600,646,true],"woocommerce_gallery_thumbnail":["https:\/\/varietieseym.com.uy\/wp-content\/uploads\/2025\/06\/shampoo-pestanas-100x100.jpg",100,100,true]},"uagb_author_info":{"display_name":"Varietieseym","author_link":"https:\/\/varietieseym.com.uy\/index.php\/author\/"},"uagb_comment_info":0,"uagb_excerpt":"\ud83e\udee7 F\u00e1cil aplicaci\u00f3n en textura de espuma \ud83e\udee7 Dise\u00f1ado para eliminar la grasa y aceite acumulado en p\u00e1rpados y pesta\u00f1as, equilibrando los niveles de pH a trav\u00e9s de limpieza profunda","_links":{"self":[{"href":"https:\/\/varietieseym.com.uy\/index.php\/wp-json\/wp\/v2\/product\/8421","targetHints":{"allow":["GET"]}}],"collection":[{"href":"https:\/\/varietieseym.com.uy\/index.php\/wp-json\/wp\/v2\/product"}],"about":[{"href":"https:\/\/varietieseym.com.uy\/index.php\/wp-json\/wp\/v2\/types\/product"}],"wp:featuredmedia":[{"embeddable":true,"href":"https:\/\/varietieseym.com.uy\/index.php\/wp-json\/wp\/v2\/media\/8424"}],"wp:attachment":[{"href":"https:\/\/varietieseym.com.uy\/index.php\/wp-json\/wp\/v2\/media?parent=8421"}],"wp:term":[{"taxonomy":"product_brand","embeddable":true,"href":"https:\/\/varietieseym.com.uy\/index.php\/wp-json\/wp\/v2\/product_brand?post=8421"},{"taxonomy":"product_cat","embeddable":true,"href":"https:\/\/varietieseym.com.uy\/index.php\/wp-json\/wp\/v2\/product_cat?post=8421"},{"taxonomy":"product_tag","embeddable":true,"href":"https:\/\/varietieseym.com.uy\/index.php\/wp-json\/wp\/v2\/product_tag?post=8421"}],"curies":[{"name":"wp","href":"https:\/\/api.w.org\/{rel}","templated":true}]}}