{"id":8444,"date":"2025-06-14T23:20:18","date_gmt":"2025-06-15T02:20:18","guid":{"rendered":"https:\/\/varietieseym.com.uy\/?post_type=product&#038;p=8444"},"modified":"2025-06-14T23:20:58","modified_gmt":"2025-06-15T02:20:58","slug":"tapaboca-caja-50-unidades-celeste","status":"publish","type":"product","link":"https:\/\/varietieseym.com.uy\/index.php\/producto\/tapaboca-caja-50-unidades-celeste\/","title":{"rendered":"Tapaboca Caja 50 Unidades, celeste"},"content":{"rendered":"<ul class=\"ui-vpp-highlighted-specs__features-list\">\n<li class=\"ui-vpp-highlighted-specs__features-list-item ui-pdp-color--BLACK ui-pdp-size--XSMALL ui-pdp-family--REGULAR\">Caja de 50 unid.<\/li>\n<li>Las correas el\u00e1sticas permitir\u00e1n un mejor agarre.<\/li>\n<li class=\"ui-vpp-highlighted-specs__features-list-item ui-pdp-color--BLACK ui-pdp-size--XSMALL ui-pdp-family--REGULAR\">Apto para adultos.<\/li>\n<li class=\"ui-vpp-highlighted-specs__features-list-item ui-pdp-color--BLACK ui-pdp-size--XSMALL ui-pdp-family--REGULAR\">El ajuste nasal asegura protecci\u00f3n en el rostro.<\/li>\n<li class=\"ui-vpp-highlighted-specs__features-list-item ui-pdp-color--BLACK ui-pdp-size--XSMALL ui-pdp-family--REGULAR\">Comodidad y fiabilidad cuando m\u00e1s lo necesites.<\/li>\n<\/ul>\n","protected":false},"excerpt":{"rendered":"<p>Caja de 50 unid. Las correas el\u00e1sticas permitir\u00e1n un mejor agarre. Apto para adultos. El ajuste nasal asegura protecci\u00f3n en el rostro. Comodidad y fiabilidad cuando m\u00e1s lo necesites.<\/p>\n","protected":false},"featured_media":8445,"template":"","meta":{"_uag_custom_page_level_css":"","site-sidebar-layout":"default","site-content-layout":"","ast-site-content-layout":"default","site-content-style":"default","site-sidebar-style":"default","ast-global-header-display":"","ast-banner-title-visibility":"","ast-main-header-display":"","ast-hfb-above-header-display":"","ast-hfb-below-header-display":"","ast-hfb-mobile-header-display":"","site-post-title":"","ast-breadcrumbs-content":"","ast-featured-img":"","footer-sml-layout":"","theme-transparent-header-meta":"default","adv-header-id-meta":"","stick-header-meta":"","header-above-stick-meta":"","header-main-stick-meta":"","header-below-stick-meta":"","astra-migrate-meta-layouts":"set","_joinchat":[]},"product_brand":[],"product_cat":[137,15],"product_tag":[],"class_list":{"0":"post-8444","1":"product","2":"type-product","3":"status-publish","4":"has-post-thumbnail","6":"product_cat-otros","7":"product_cat-sin-categorizar","8":"desktop-align-center","9":"tablet-align-left","10":"mobile-align-left","12":"first","13":"instock","14":"shipping-taxable","15":"purchasable","16":"product-type-simple"},"uagb_featured_image_src":{"full":["https:\/\/varietieseym.com.uy\/wp-content\/uploads\/2025\/06\/tapabocas.jpg",880,879,false],"thumbnail":["https:\/\/varietieseym.com.uy\/wp-content\/uploads\/2025\/06\/tapabocas-150x150.jpg",150,150,true],"medium":["https:\/\/varietieseym.com.uy\/wp-content\/uploads\/2025\/06\/tapabocas-300x300.jpg",300,300,true],"medium_large":["https:\/\/varietieseym.com.uy\/wp-content\/uploads\/2025\/06\/tapabocas-768x767.jpg",768,767,true],"large":["https:\/\/varietieseym.com.uy\/wp-content\/uploads\/2025\/06\/tapabocas.jpg",880,879,false],"1536x1536":["https:\/\/varietieseym.com.uy\/wp-content\/uploads\/2025\/06\/tapabocas.jpg",880,879,false],"2048x2048":["https:\/\/varietieseym.com.uy\/wp-content\/uploads\/2025\/06\/tapabocas.jpg",880,879,false],"woocommerce_thumbnail":["https:\/\/varietieseym.com.uy\/wp-content\/uploads\/2025\/06\/tapabocas-300x300.jpg",300,300,true],"woocommerce_single":["https:\/\/varietieseym.com.uy\/wp-content\/uploads\/2025\/06\/tapabocas-600x599.jpg",600,599,true],"woocommerce_gallery_thumbnail":["https:\/\/varietieseym.com.uy\/wp-content\/uploads\/2025\/06\/tapabocas-100x100.jpg",100,100,true]},"uagb_author_info":{"display_name":"Varietieseym","author_link":"https:\/\/varietieseym.com.uy\/index.php\/author\/"},"uagb_comment_info":0,"uagb_excerpt":"Caja de 50 unid. Las correas el\u00e1sticas permitir\u00e1n un mejor agarre. Apto para adultos. El ajuste nasal asegura protecci\u00f3n en el rostro. Comodidad y fiabilidad cuando m\u00e1s lo necesites.","_links":{"self":[{"href":"https:\/\/varietieseym.com.uy\/index.php\/wp-json\/wp\/v2\/product\/8444","targetHints":{"allow":["GET"]}}],"collection":[{"href":"https:\/\/varietieseym.com.uy\/index.php\/wp-json\/wp\/v2\/product"}],"about":[{"href":"https:\/\/varietieseym.com.uy\/index.php\/wp-json\/wp\/v2\/types\/product"}],"wp:featuredmedia":[{"embeddable":true,"href":"https:\/\/varietieseym.com.uy\/index.php\/wp-json\/wp\/v2\/media\/8445"}],"wp:attachment":[{"href":"https:\/\/varietieseym.com.uy\/index.php\/wp-json\/wp\/v2\/media?parent=8444"}],"wp:term":[{"taxonomy":"product_brand","embeddable":true,"href":"https:\/\/varietieseym.com.uy\/index.php\/wp-json\/wp\/v2\/product_brand?post=8444"},{"taxonomy":"product_cat","embeddable":true,"href":"https:\/\/varietieseym.com.uy\/index.php\/wp-json\/wp\/v2\/product_cat?post=8444"},{"taxonomy":"product_tag","embeddable":true,"href":"https:\/\/varietieseym.com.uy\/index.php\/wp-json\/wp\/v2\/product_tag?post=8444"}],"curies":[{"name":"wp","href":"https:\/\/api.w.org\/{rel}","templated":true}]}}