{"id":8446,"date":"2025-06-15T00:21:33","date_gmt":"2025-06-15T03:21:33","guid":{"rendered":"https:\/\/varietieseym.com.uy\/?post_type=product&#038;p=8446"},"modified":"2026-03-07T10:31:10","modified_gmt":"2026-03-07T13:31:10","slug":"tinta-labiales-mahav","status":"publish","type":"product","link":"https:\/\/varietieseym.com.uy\/index.php\/producto\/tinta-labiales-mahav\/","title":{"rendered":"Tinta Labiales Mahav"},"content":{"rendered":"<p>Lo que ya era incre\u00edble se volvi\u00f3&#8230; <strong>\u00a1BRILLANTE!<\/strong><\/p>\n<p>MAHAV LIP TINT SHINE tiene todas las caracter\u00edsticas de una tinta labial pero con el a\u00f1adido de micropart\u00edculas de brillo que realzan los colores intensos, vibrantes y duraderos, creando hermosos puntos de luz.<\/p>\n<p>Su consistencia ligera pero altamente pigmentada permite una aplicaci\u00f3n delicada e impecable. \u00a1Puedes optar por un look natural, con un ligero brillo, o un efecto labial intenso, potente y brillante!<\/p>\n<p>Hay 8 colores para que elijas tu favorito.<\/p>\n<p>Contiene Micropart\u00edculas de Brillo Vegano Cruelty-free<\/p>\n","protected":false},"excerpt":{"rendered":"<p>Lo que ya era incre\u00edble se volvi\u00f3&#8230; \u00a1BRILLANTE! MAHAV LIP TINT SHINE tiene todas las caracter\u00edsticas de una tinta labial pero con el a\u00f1adido de micropart\u00edculas de brillo que realzan los colores intensos, vibrantes y duraderos, creando hermosos puntos de luz. Su consistencia ligera pero altamente pigmentada permite una aplicaci\u00f3n delicada e impecable. \u00a1Puedes optar &hellip;<\/p>\n<p class=\"read-more\"> <a class=\"\" href=\"https:\/\/varietieseym.com.uy\/index.php\/producto\/tinta-labiales-mahav\/\"> <span class=\"screen-reader-text\">Tinta Labiales Mahav<\/span> Leer m\u00e1s &raquo;<\/a><\/p>\n","protected":false},"featured_media":8465,"template":"","meta":{"_uag_custom_page_level_css":"","site-sidebar-layout":"default","site-content-layout":"","ast-site-content-layout":"default","site-content-style":"default","site-sidebar-style":"default","ast-global-header-display":"","ast-banner-title-visibility":"","ast-main-header-display":"","ast-hfb-above-header-display":"","ast-hfb-below-header-display":"","ast-hfb-mobile-header-display":"","site-post-title":"","ast-breadcrumbs-content":"","ast-featured-img":"","footer-sml-layout":"","theme-transparent-header-meta":"default","adv-header-id-meta":"","stick-header-meta":"","header-above-stick-meta":"","header-main-stick-meta":"","header-below-stick-meta":"","astra-migrate-meta-layouts":"set","_joinchat":[]},"product_brand":[],"product_cat":[254,145],"product_tag":[],"class_list":{"0":"post-8446","1":"product","2":"type-product","3":"status-publish","4":"has-post-thumbnail","6":"product_cat-labiales","7":"product_cat-labios","8":"desktop-align-center","9":"tablet-align-left","10":"mobile-align-left","12":"first","13":"instock","14":"shipping-taxable","15":"purchasable","16":"product-type-variable"},"uagb_featured_image_src":{"full":["https:\/\/varietieseym.com.uy\/wp-content\/uploads\/2025\/06\/tinta-labial-mahav.jpg",880,853,false],"thumbnail":["https:\/\/varietieseym.com.uy\/wp-content\/uploads\/2025\/06\/tinta-labial-mahav-150x150.jpg",150,150,true],"medium":["https:\/\/varietieseym.com.uy\/wp-content\/uploads\/2025\/06\/tinta-labial-mahav-300x291.jpg",300,291,true],"medium_large":["https:\/\/varietieseym.com.uy\/wp-content\/uploads\/2025\/06\/tinta-labial-mahav-768x744.jpg",768,744,true],"large":["https:\/\/varietieseym.com.uy\/wp-content\/uploads\/2025\/06\/tinta-labial-mahav.jpg",880,853,false],"1536x1536":["https:\/\/varietieseym.com.uy\/wp-content\/uploads\/2025\/06\/tinta-labial-mahav.jpg",880,853,false],"2048x2048":["https:\/\/varietieseym.com.uy\/wp-content\/uploads\/2025\/06\/tinta-labial-mahav.jpg",880,853,false],"woocommerce_thumbnail":["https:\/\/varietieseym.com.uy\/wp-content\/uploads\/2025\/06\/tinta-labial-mahav-300x300.jpg",300,300,true],"woocommerce_single":["https:\/\/varietieseym.com.uy\/wp-content\/uploads\/2025\/06\/tinta-labial-mahav-600x582.jpg",600,582,true],"woocommerce_gallery_thumbnail":["https:\/\/varietieseym.com.uy\/wp-content\/uploads\/2025\/06\/tinta-labial-mahav-100x100.jpg",100,100,true]},"uagb_author_info":{"display_name":"Varietieseym","author_link":"https:\/\/varietieseym.com.uy\/index.php\/author\/"},"uagb_comment_info":0,"uagb_excerpt":"Lo que ya era incre\u00edble se volvi\u00f3&#8230; \u00a1BRILLANTE! MAHAV LIP TINT SHINE tiene todas las caracter\u00edsticas de una tinta labial pero con el a\u00f1adido de micropart\u00edculas de brillo que realzan los colores intensos, vibrantes y duraderos, creando hermosos puntos de luz. Su consistencia ligera pero altamente pigmentada permite una aplicaci\u00f3n delicada e impecable. \u00a1Puedes optar&hellip;","_links":{"self":[{"href":"https:\/\/varietieseym.com.uy\/index.php\/wp-json\/wp\/v2\/product\/8446","targetHints":{"allow":["GET"]}}],"collection":[{"href":"https:\/\/varietieseym.com.uy\/index.php\/wp-json\/wp\/v2\/product"}],"about":[{"href":"https:\/\/varietieseym.com.uy\/index.php\/wp-json\/wp\/v2\/types\/product"}],"wp:featuredmedia":[{"embeddable":true,"href":"https:\/\/varietieseym.com.uy\/index.php\/wp-json\/wp\/v2\/media\/8465"}],"wp:attachment":[{"href":"https:\/\/varietieseym.com.uy\/index.php\/wp-json\/wp\/v2\/media?parent=8446"}],"wp:term":[{"taxonomy":"product_brand","embeddable":true,"href":"https:\/\/varietieseym.com.uy\/index.php\/wp-json\/wp\/v2\/product_brand?post=8446"},{"taxonomy":"product_cat","embeddable":true,"href":"https:\/\/varietieseym.com.uy\/index.php\/wp-json\/wp\/v2\/product_cat?post=8446"},{"taxonomy":"product_tag","embeddable":true,"href":"https:\/\/varietieseym.com.uy\/index.php\/wp-json\/wp\/v2\/product_tag?post=8446"}],"curies":[{"name":"wp","href":"https:\/\/api.w.org\/{rel}","templated":true}]}}