{"id":8526,"date":"2025-06-26T18:58:16","date_gmt":"2025-06-26T21:58:16","guid":{"rendered":"https:\/\/varietieseym.com.uy\/?post_type=product&#038;p=8526"},"modified":"2026-01-19T16:33:27","modified_gmt":"2026-01-19T19:33:27","slug":"mascarilla-exfoliante-para-pies","status":"publish","type":"product","link":"https:\/\/varietieseym.com.uy\/index.php\/producto\/mascarilla-exfoliante-para-pies\/","title":{"rendered":"Mascarilla Exfoliante para Pies"},"content":{"rendered":"<p class=\"sc-eDvSVe guezwa pre pre\">Mascarilla exfoliante para pies, calcet\u00edn hidratante, pedicura, callos esenciales, exfoliante natural, elimina piel seca y muerta, talones agrietados y callos, deja tus pies suaves como los de un beb\u00e9 y repara los talones \u00e1speros.<\/p>\n<p class=\"sc-eDvSVe guezwa pre pre\">\u00bfTienes los pies secos, \u00e1speros, agrietados y arrugados? No te preocupes, usa nuestra mascarilla exfoliante con aceite esencial de lavanda para hidratar tus pies y dejarlos suaves y tersos de pies a cabeza.<\/p>\n<p class=\"sc-eDvSVe guezwa pre pre\">\u00a0 Aplique la mascarilla exfoliante en los pies, masajee y espere de 30 a 60 minutos. Luego, enjuague. Observar\u00e1 que el estrato c\u00f3rneo endurecido y envejecido comienza a desprenderse despu\u00e9s de 5 a 7 d\u00edas de uso. \u00a1En tan solo una semana, podr\u00e1 lucir unos pies suaves, tersos y delicados!<\/p>\n<p class=\"sc-eDvSVe guezwa pre pre\">Es apto tanto para mujeres como para hombres, ya que se adapta a pies de tama\u00f1o normal. Esta mascarilla exfoliante relaja la piel en segundos y es ideal para pies secos, \u00e1speros y agrietados.<\/p>\n<p class=\"sc-eDvSVe guezwa pre pre\"><strong>Modo de uso: Debes tener los pies lavados y secos. Corta la bota y coloca el pie en el film y ci\u00e9rralo para que los productos hagan su efecto. Deja actuar por unos 20 a 40 minutos. Luego lava tu pie. Puedes usar una crema hidratante para mayor efecto.<\/strong><\/p>\n","protected":false},"excerpt":{"rendered":"<p>Mascarilla exfoliante para pies, calcet\u00edn hidratante, pedicura, callos esenciales, exfoliante natural, elimina piel seca y muerta, talones agrietados y callos, deja tus pies suaves como los de un beb\u00e9 y repara los talones \u00e1speros. \u00bfTienes los pies secos, \u00e1speros, agrietados y arrugados? No te preocupes, usa nuestra mascarilla exfoliante con aceite esencial de lavanda para &hellip;<\/p>\n<p class=\"read-more\"> <a class=\"\" href=\"https:\/\/varietieseym.com.uy\/index.php\/producto\/mascarilla-exfoliante-para-pies\/\"> <span class=\"screen-reader-text\">Mascarilla Exfoliante para Pies<\/span> Leer m\u00e1s &raquo;<\/a><\/p>\n","protected":false},"featured_media":8540,"template":"","meta":{"_uag_custom_page_level_css":"","site-sidebar-layout":"default","site-content-layout":"","ast-site-content-layout":"default","site-content-style":"default","site-sidebar-style":"default","ast-global-header-display":"","ast-banner-title-visibility":"","ast-main-header-display":"","ast-hfb-above-header-display":"","ast-hfb-below-header-display":"","ast-hfb-mobile-header-display":"","site-post-title":"","ast-breadcrumbs-content":"","ast-featured-img":"","footer-sml-layout":"","theme-transparent-header-meta":"default","adv-header-id-meta":"","stick-header-meta":"","header-above-stick-meta":"","header-main-stick-meta":"","header-below-stick-meta":"","astra-migrate-meta-layouts":"set","_joinchat":[]},"product_brand":[],"product_cat":[15],"product_tag":[],"class_list":{"0":"post-8526","1":"product","2":"type-product","3":"status-publish","4":"has-post-thumbnail","6":"product_cat-sin-categorizar","7":"desktop-align-center","8":"tablet-align-left","9":"mobile-align-left","11":"first","12":"instock","13":"shipping-taxable","14":"purchasable","15":"product-type-variable"},"uagb_featured_image_src":{"full":["https:\/\/varietieseym.com.uy\/wp-content\/uploads\/2025\/06\/mascarillas-de-pies4.jpg",623,614,false],"thumbnail":["https:\/\/varietieseym.com.uy\/wp-content\/uploads\/2025\/06\/mascarillas-de-pies4-150x150.jpg",150,150,true],"medium":["https:\/\/varietieseym.com.uy\/wp-content\/uploads\/2025\/06\/mascarillas-de-pies4-300x296.jpg",300,296,true],"medium_large":["https:\/\/varietieseym.com.uy\/wp-content\/uploads\/2025\/06\/mascarillas-de-pies4.jpg",623,614,false],"large":["https:\/\/varietieseym.com.uy\/wp-content\/uploads\/2025\/06\/mascarillas-de-pies4.jpg",623,614,false],"1536x1536":["https:\/\/varietieseym.com.uy\/wp-content\/uploads\/2025\/06\/mascarillas-de-pies4.jpg",623,614,false],"2048x2048":["https:\/\/varietieseym.com.uy\/wp-content\/uploads\/2025\/06\/mascarillas-de-pies4.jpg",623,614,false],"woocommerce_thumbnail":["https:\/\/varietieseym.com.uy\/wp-content\/uploads\/2025\/06\/mascarillas-de-pies4-300x300.jpg",300,300,true],"woocommerce_single":["https:\/\/varietieseym.com.uy\/wp-content\/uploads\/2025\/06\/mascarillas-de-pies4-600x591.jpg",600,591,true],"woocommerce_gallery_thumbnail":["https:\/\/varietieseym.com.uy\/wp-content\/uploads\/2025\/06\/mascarillas-de-pies4-100x100.jpg",100,100,true]},"uagb_author_info":{"display_name":"Varietieseym","author_link":"https:\/\/varietieseym.com.uy\/index.php\/author\/"},"uagb_comment_info":0,"uagb_excerpt":"Mascarilla exfoliante para pies, calcet\u00edn hidratante, pedicura, callos esenciales, exfoliante natural, elimina piel seca y muerta, talones agrietados y callos, deja tus pies suaves como los de un beb\u00e9 y repara los talones \u00e1speros. \u00bfTienes los pies secos, \u00e1speros, agrietados y arrugados? No te preocupes, usa nuestra mascarilla exfoliante con aceite esencial de lavanda para&hellip;","_links":{"self":[{"href":"https:\/\/varietieseym.com.uy\/index.php\/wp-json\/wp\/v2\/product\/8526","targetHints":{"allow":["GET"]}}],"collection":[{"href":"https:\/\/varietieseym.com.uy\/index.php\/wp-json\/wp\/v2\/product"}],"about":[{"href":"https:\/\/varietieseym.com.uy\/index.php\/wp-json\/wp\/v2\/types\/product"}],"wp:featuredmedia":[{"embeddable":true,"href":"https:\/\/varietieseym.com.uy\/index.php\/wp-json\/wp\/v2\/media\/8540"}],"wp:attachment":[{"href":"https:\/\/varietieseym.com.uy\/index.php\/wp-json\/wp\/v2\/media?parent=8526"}],"wp:term":[{"taxonomy":"product_brand","embeddable":true,"href":"https:\/\/varietieseym.com.uy\/index.php\/wp-json\/wp\/v2\/product_brand?post=8526"},{"taxonomy":"product_cat","embeddable":true,"href":"https:\/\/varietieseym.com.uy\/index.php\/wp-json\/wp\/v2\/product_cat?post=8526"},{"taxonomy":"product_tag","embeddable":true,"href":"https:\/\/varietieseym.com.uy\/index.php\/wp-json\/wp\/v2\/product_tag?post=8526"}],"curies":[{"name":"wp","href":"https:\/\/api.w.org\/{rel}","templated":true}]}}