{"id":8552,"date":"2025-06-28T21:54:38","date_gmt":"2025-06-29T00:54:38","guid":{"rendered":"https:\/\/varietieseym.com.uy\/?post_type=product&#038;p=8552"},"modified":"2025-09-10T17:26:10","modified_gmt":"2025-09-10T20:26:10","slug":"gel-de-construccion-xd-56grs","status":"publish","type":"product","link":"https:\/\/varietieseym.com.uy\/index.php\/producto\/gel-de-construccion-xd-56grs\/","title":{"rendered":"Gel de Construcci\u00f3n X&#038;D 56grs"},"content":{"rendered":"<p>56 grs<\/p>\n<p>X&amp;D Professional GEL El nuevo gel de la marca X&amp;D es sencillamente maravilloso por su consistencia f\u00e1cil de aplicar y excelente ya que no se corre, se puede usar con todas las t\u00e9cnicas. Gel UV LED adecuado para aplicar sobre u\u00f1as acr\u00edlicas, naturales, etc. Ayuda a fortalecer las u\u00f1as con un recubrimiento brillante duradero<\/p>\n","protected":false},"excerpt":{"rendered":"<p>56 grs X&amp;D Professional GEL El nuevo gel de la marca X&amp;D es sencillamente maravilloso por su consistencia f\u00e1cil de aplicar y excelente ya que no se corre, se puede usar con todas las t\u00e9cnicas. Gel UV LED adecuado para aplicar sobre u\u00f1as acr\u00edlicas, naturales, etc. Ayuda a fortalecer las u\u00f1as con un recubrimiento brillante &hellip;<\/p>\n<p class=\"read-more\"> <a class=\"\" href=\"https:\/\/varietieseym.com.uy\/index.php\/producto\/gel-de-construccion-xd-56grs\/\"> <span class=\"screen-reader-text\">Gel de Construcci\u00f3n X&#038;D 56grs<\/span> Leer m\u00e1s &raquo;<\/a><\/p>\n","protected":false},"featured_media":8553,"template":"","meta":{"_uag_custom_page_level_css":"","site-sidebar-layout":"default","site-content-layout":"","ast-site-content-layout":"default","site-content-style":"default","site-sidebar-style":"default","ast-global-header-display":"","ast-banner-title-visibility":"","ast-main-header-display":"","ast-hfb-above-header-display":"","ast-hfb-below-header-display":"","ast-hfb-mobile-header-display":"","site-post-title":"","ast-breadcrumbs-content":"","ast-featured-img":"","footer-sml-layout":"","theme-transparent-header-meta":"default","adv-header-id-meta":"","stick-header-meta":"","header-above-stick-meta":"","header-main-stick-meta":"","header-below-stick-meta":"","astra-migrate-meta-layouts":"set","_joinchat":[]},"product_brand":[],"product_cat":[185,131],"product_tag":[],"class_list":{"0":"post-8552","1":"product","2":"type-product","3":"status-publish","4":"has-post-thumbnail","6":"product_cat-gel-unas","7":"product_cat-unas","8":"desktop-align-center","9":"tablet-align-left","10":"mobile-align-left","12":"first","13":"outofstock","14":"shipping-taxable","15":"purchasable","16":"product-type-simple"},"uagb_featured_image_src":{"full":["https:\/\/varietieseym.com.uy\/wp-content\/uploads\/2025\/06\/gel-construccion-pink-nude-56grs.jpg",865,882,false],"thumbnail":["https:\/\/varietieseym.com.uy\/wp-content\/uploads\/2025\/06\/gel-construccion-pink-nude-56grs-150x150.jpg",150,150,true],"medium":["https:\/\/varietieseym.com.uy\/wp-content\/uploads\/2025\/06\/gel-construccion-pink-nude-56grs-294x300.jpg",294,300,true],"medium_large":["https:\/\/varietieseym.com.uy\/wp-content\/uploads\/2025\/06\/gel-construccion-pink-nude-56grs-768x783.jpg",768,783,true],"large":["https:\/\/varietieseym.com.uy\/wp-content\/uploads\/2025\/06\/gel-construccion-pink-nude-56grs.jpg",865,882,false],"1536x1536":["https:\/\/varietieseym.com.uy\/wp-content\/uploads\/2025\/06\/gel-construccion-pink-nude-56grs.jpg",865,882,false],"2048x2048":["https:\/\/varietieseym.com.uy\/wp-content\/uploads\/2025\/06\/gel-construccion-pink-nude-56grs.jpg",865,882,false],"woocommerce_thumbnail":["https:\/\/varietieseym.com.uy\/wp-content\/uploads\/2025\/06\/gel-construccion-pink-nude-56grs-300x300.jpg",300,300,true],"woocommerce_single":["https:\/\/varietieseym.com.uy\/wp-content\/uploads\/2025\/06\/gel-construccion-pink-nude-56grs-600x612.jpg",600,612,true],"woocommerce_gallery_thumbnail":["https:\/\/varietieseym.com.uy\/wp-content\/uploads\/2025\/06\/gel-construccion-pink-nude-56grs-100x100.jpg",100,100,true]},"uagb_author_info":{"display_name":"Varietieseym","author_link":"https:\/\/varietieseym.com.uy\/index.php\/author\/"},"uagb_comment_info":0,"uagb_excerpt":"56 grs X&amp;D Professional GEL El nuevo gel de la marca X&amp;D es sencillamente maravilloso por su consistencia f\u00e1cil de aplicar y excelente ya que no se corre, se puede usar con todas las t\u00e9cnicas. Gel UV LED adecuado para aplicar sobre u\u00f1as acr\u00edlicas, naturales, etc. Ayuda a fortalecer las u\u00f1as con un recubrimiento brillante&hellip;","_links":{"self":[{"href":"https:\/\/varietieseym.com.uy\/index.php\/wp-json\/wp\/v2\/product\/8552","targetHints":{"allow":["GET"]}}],"collection":[{"href":"https:\/\/varietieseym.com.uy\/index.php\/wp-json\/wp\/v2\/product"}],"about":[{"href":"https:\/\/varietieseym.com.uy\/index.php\/wp-json\/wp\/v2\/types\/product"}],"wp:featuredmedia":[{"embeddable":true,"href":"https:\/\/varietieseym.com.uy\/index.php\/wp-json\/wp\/v2\/media\/8553"}],"wp:attachment":[{"href":"https:\/\/varietieseym.com.uy\/index.php\/wp-json\/wp\/v2\/media?parent=8552"}],"wp:term":[{"taxonomy":"product_brand","embeddable":true,"href":"https:\/\/varietieseym.com.uy\/index.php\/wp-json\/wp\/v2\/product_brand?post=8552"},{"taxonomy":"product_cat","embeddable":true,"href":"https:\/\/varietieseym.com.uy\/index.php\/wp-json\/wp\/v2\/product_cat?post=8552"},{"taxonomy":"product_tag","embeddable":true,"href":"https:\/\/varietieseym.com.uy\/index.php\/wp-json\/wp\/v2\/product_tag?post=8552"}],"curies":[{"name":"wp","href":"https:\/\/api.w.org\/{rel}","templated":true}]}}