{"id":8581,"date":"2025-07-21T17:35:22","date_gmt":"2025-07-21T20:35:22","guid":{"rendered":"https:\/\/varietieseym.com.uy\/?post_type=product&#038;p=8581"},"modified":"2026-02-21T16:35:45","modified_gmt":"2026-02-21T19:35:45","slug":"tinte-temporal-para-cabello-vivai","status":"publish","type":"product","link":"https:\/\/varietieseym.com.uy\/index.php\/producto\/tinte-temporal-para-cabello-vivai\/","title":{"rendered":"Tinte temporal para cabello vivai"},"content":{"rendered":"<p>\u00a1Descubre la transformaci\u00f3n m\u00e1gica de tu cabello con los tinte de Coloraci\u00f3n Temporal Vivai Magical Hair! Con una selecci\u00f3n de 8 incre\u00edbles colores, esta mascarilla matizadora 100 % natural es perfecta para adultos y ni\u00f1os que desean experimentar con colores vibrantes de forma pr\u00e1ctica y segura.<\/p>\n<p>Expresa tu individualidad y cambia de look cuando quieras, ya que el color es f\u00e1cil de aplicar y retirar, lo que te ofrece un cambio sin compromiso.<\/p>\n<p>8 colores vibrantes y diversos: \u00a1Encuentra un color para cada estilo! Desde tonos pastel hasta los m\u00e1s intensos, elige el tono ideal para tu look.<\/p>\n<p>F\u00f3rmula Natural y No T\u00f3xica: Ingredientes 100% naturales que garantizan seguridad para todo tipo de cabello, ideal para uso en ni\u00f1os y adultos.<\/p>\n<p>Aplicaci\u00f3n r\u00e1pida y f\u00e1cil: con un pincel aplicador, puedes te\u00f1ir mechones o todo tu cabello, creando looks \u00fanicos con facilidad.<\/p>\n<p>F\u00e1cil eliminaci\u00f3n al lavar: Sin necesidad de decolorante ni productos espec\u00edficos, el color sale al lavarte el cabello, permiti\u00e9ndote la libertad de cambiar de look con frecuencia.<\/p>\n<p>Modo de Uso:<\/p>\n<p>Lave y seque su cabello antes de la aplicaci\u00f3n.<\/p>\n<p>Separa una secci\u00f3n de cabello y aplica el tinte con la brocha. Cuanto m\u00e1s lo apliques, m\u00e1s intenso ser\u00e1 el color.<\/p>\n<p>Seque completamente para garantizar que el color no se transfiera a la ropa.<\/p>\n<p>Consejos de uso:<\/p>\n<p>Combina diferentes colores para un look \u00fanico y personalizado.<\/p>\n<p>Aseg\u00farate de que tu cabello est\u00e9 completamente seco antes de ponerte la ropa para evitar manchas.<\/p>\n<p>Perfecto para fiestas y eventos: este tinte temporal es ideal para fiestas, eventos o para cualquier persona que busque agregar un toque divertido a su look diario de una manera pr\u00e1ctica.<\/p>\n<p><strong>Nota: Los colores pueden variar ligeramente seg\u00fan la configuraci\u00f3n de la pantalla y la iluminaci\u00f3n. El resultado final puede variar seg\u00fan el color original del cabello.<\/strong><\/p>\n","protected":false},"excerpt":{"rendered":"<p>\u00a1Descubre la transformaci\u00f3n m\u00e1gica de tu cabello con los tinte de Coloraci\u00f3n Temporal Vivai Magical Hair! Con una selecci\u00f3n de 8 incre\u00edbles colores, esta mascarilla matizadora 100 % natural es perfecta para adultos y ni\u00f1os que desean experimentar con colores vibrantes de forma pr\u00e1ctica y segura. Expresa tu individualidad y cambia de look cuando quieras, &hellip;<\/p>\n<p class=\"read-more\"> <a class=\"\" href=\"https:\/\/varietieseym.com.uy\/index.php\/producto\/tinte-temporal-para-cabello-vivai\/\"> <span class=\"screen-reader-text\">Tinte temporal para cabello vivai<\/span> Leer m\u00e1s &raquo;<\/a><\/p>\n","protected":false},"featured_media":8588,"template":"","meta":{"_uag_custom_page_level_css":"","site-sidebar-layout":"default","site-content-layout":"","ast-site-content-layout":"default","site-content-style":"default","site-sidebar-style":"default","ast-global-header-display":"","ast-banner-title-visibility":"","ast-main-header-display":"","ast-hfb-above-header-display":"","ast-hfb-below-header-display":"","ast-hfb-mobile-header-display":"","site-post-title":"","ast-breadcrumbs-content":"","ast-featured-img":"","footer-sml-layout":"","theme-transparent-header-meta":"default","adv-header-id-meta":"","stick-header-meta":"","header-above-stick-meta":"","header-main-stick-meta":"","header-below-stick-meta":"","astra-migrate-meta-layouts":"set","_joinchat":[]},"product_brand":[],"product_cat":[239,242,143],"product_tag":[],"class_list":{"0":"post-8581","1":"product","2":"type-product","3":"status-publish","4":"has-post-thumbnail","6":"product_cat-tinte","7":"product_cat-tratamientos-capilares","8":"product_cat-cabello","9":"desktop-align-center","10":"tablet-align-left","11":"mobile-align-left","13":"first","14":"instock","15":"shipping-taxable","16":"purchasable","17":"product-type-variable"},"uagb_featured_image_src":{"full":["https:\/\/varietieseym.com.uy\/wp-content\/uploads\/2025\/07\/tinte-temporal-7.jpg",610,622,false],"thumbnail":["https:\/\/varietieseym.com.uy\/wp-content\/uploads\/2025\/07\/tinte-temporal-7-150x150.jpg",150,150,true],"medium":["https:\/\/varietieseym.com.uy\/wp-content\/uploads\/2025\/07\/tinte-temporal-7-294x300.jpg",294,300,true],"medium_large":["https:\/\/varietieseym.com.uy\/wp-content\/uploads\/2025\/07\/tinte-temporal-7.jpg",610,622,false],"large":["https:\/\/varietieseym.com.uy\/wp-content\/uploads\/2025\/07\/tinte-temporal-7.jpg",610,622,false],"1536x1536":["https:\/\/varietieseym.com.uy\/wp-content\/uploads\/2025\/07\/tinte-temporal-7.jpg",610,622,false],"2048x2048":["https:\/\/varietieseym.com.uy\/wp-content\/uploads\/2025\/07\/tinte-temporal-7.jpg",610,622,false],"woocommerce_thumbnail":["https:\/\/varietieseym.com.uy\/wp-content\/uploads\/2025\/07\/tinte-temporal-7-300x300.jpg",300,300,true],"woocommerce_single":["https:\/\/varietieseym.com.uy\/wp-content\/uploads\/2025\/07\/tinte-temporal-7-600x612.jpg",600,612,true],"woocommerce_gallery_thumbnail":["https:\/\/varietieseym.com.uy\/wp-content\/uploads\/2025\/07\/tinte-temporal-7-100x100.jpg",100,100,true]},"uagb_author_info":{"display_name":"Varietieseym","author_link":"https:\/\/varietieseym.com.uy\/index.php\/author\/"},"uagb_comment_info":0,"uagb_excerpt":"\u00a1Descubre la transformaci\u00f3n m\u00e1gica de tu cabello con los tinte de Coloraci\u00f3n Temporal Vivai Magical Hair! Con una selecci\u00f3n de 8 incre\u00edbles colores, esta mascarilla matizadora 100 % natural es perfecta para adultos y ni\u00f1os que desean experimentar con colores vibrantes de forma pr\u00e1ctica y segura. Expresa tu individualidad y cambia de look cuando quieras,&hellip;","_links":{"self":[{"href":"https:\/\/varietieseym.com.uy\/index.php\/wp-json\/wp\/v2\/product\/8581","targetHints":{"allow":["GET"]}}],"collection":[{"href":"https:\/\/varietieseym.com.uy\/index.php\/wp-json\/wp\/v2\/product"}],"about":[{"href":"https:\/\/varietieseym.com.uy\/index.php\/wp-json\/wp\/v2\/types\/product"}],"wp:featuredmedia":[{"embeddable":true,"href":"https:\/\/varietieseym.com.uy\/index.php\/wp-json\/wp\/v2\/media\/8588"}],"wp:attachment":[{"href":"https:\/\/varietieseym.com.uy\/index.php\/wp-json\/wp\/v2\/media?parent=8581"}],"wp:term":[{"taxonomy":"product_brand","embeddable":true,"href":"https:\/\/varietieseym.com.uy\/index.php\/wp-json\/wp\/v2\/product_brand?post=8581"},{"taxonomy":"product_cat","embeddable":true,"href":"https:\/\/varietieseym.com.uy\/index.php\/wp-json\/wp\/v2\/product_cat?post=8581"},{"taxonomy":"product_tag","embeddable":true,"href":"https:\/\/varietieseym.com.uy\/index.php\/wp-json\/wp\/v2\/product_tag?post=8581"}],"curies":[{"name":"wp","href":"https:\/\/api.w.org\/{rel}","templated":true}]}}