{"id":8741,"date":"2025-08-16T13:59:19","date_gmt":"2025-08-16T16:59:19","guid":{"rendered":"https:\/\/varietieseym.com.uy\/?post_type=product&#038;p=8741"},"modified":"2025-08-16T13:59:19","modified_gmt":"2025-08-16T16:59:19","slug":"tips-dual-sistema-hibrido","status":"publish","type":"product","link":"https:\/\/varietieseym.com.uy\/index.php\/producto\/tips-dual-sistema-hibrido\/","title":{"rendered":"Tips Dual Sistema hibrido"},"content":{"rendered":"<ul class=\"a-unordered-list a-vertical a-spacing-mini\">\n<li class=\"a-spacing-mini\"><span class=\"a-list-item\">Alta calidad: la calidad es gruesa y resistente.<\/span><\/li>\n<li class=\"a-spacing-mini\"><span class=\"a-list-item\">12 tama\u00f1os: las 120 u\u00f1as artificiales de pl\u00e1stico ofrecen 12 tama\u00f1os diferentes. 10 unidades de cada tama\u00f1o. Se adapta a la mayor\u00eda de los dedos y elige f\u00e1cilmente el tama\u00f1o adecuado que se adapte a cada dedo.<\/span><\/li>\n<\/ul>\n","protected":false},"excerpt":{"rendered":"<p>Alta calidad: la calidad es gruesa y resistente. 12 tama\u00f1os: las 120 u\u00f1as artificiales de pl\u00e1stico ofrecen 12 tama\u00f1os diferentes. 10 unidades de cada tama\u00f1o. Se adapta a la mayor\u00eda de los dedos y elige f\u00e1cilmente el tama\u00f1o adecuado que se adapte a cada dedo.<\/p>\n","protected":false},"featured_media":8745,"template":"","meta":{"_uag_custom_page_level_css":"","site-sidebar-layout":"default","site-content-layout":"","ast-site-content-layout":"default","site-content-style":"default","site-sidebar-style":"default","ast-global-header-display":"","ast-banner-title-visibility":"","ast-main-header-display":"","ast-hfb-above-header-display":"","ast-hfb-below-header-display":"","ast-hfb-mobile-header-display":"","site-post-title":"","ast-breadcrumbs-content":"","ast-featured-img":"","footer-sml-layout":"","theme-transparent-header-meta":"default","adv-header-id-meta":"","stick-header-meta":"","header-above-stick-meta":"","header-main-stick-meta":"","header-below-stick-meta":"","astra-migrate-meta-layouts":"set","_joinchat":[]},"product_brand":[],"product_cat":[283,131],"product_tag":[],"class_list":{"0":"post-8741","1":"product","2":"type-product","3":"status-publish","4":"has-post-thumbnail","6":"product_cat-tips","7":"product_cat-unas","8":"desktop-align-center","9":"tablet-align-left","10":"mobile-align-left","12":"first","13":"instock","14":"shipping-taxable","15":"purchasable","16":"product-type-simple"},"uagb_featured_image_src":{"full":["https:\/\/varietieseym.com.uy\/wp-content\/uploads\/2025\/08\/tips-dual-hibrido.jpg",609,607,false],"thumbnail":["https:\/\/varietieseym.com.uy\/wp-content\/uploads\/2025\/08\/tips-dual-hibrido-150x150.jpg",150,150,true],"medium":["https:\/\/varietieseym.com.uy\/wp-content\/uploads\/2025\/08\/tips-dual-hibrido-300x300.jpg",300,300,true],"medium_large":["https:\/\/varietieseym.com.uy\/wp-content\/uploads\/2025\/08\/tips-dual-hibrido.jpg",609,607,false],"large":["https:\/\/varietieseym.com.uy\/wp-content\/uploads\/2025\/08\/tips-dual-hibrido.jpg",609,607,false],"1536x1536":["https:\/\/varietieseym.com.uy\/wp-content\/uploads\/2025\/08\/tips-dual-hibrido.jpg",609,607,false],"2048x2048":["https:\/\/varietieseym.com.uy\/wp-content\/uploads\/2025\/08\/tips-dual-hibrido.jpg",609,607,false],"woocommerce_thumbnail":["https:\/\/varietieseym.com.uy\/wp-content\/uploads\/2025\/08\/tips-dual-hibrido-300x300.jpg",300,300,true],"woocommerce_single":["https:\/\/varietieseym.com.uy\/wp-content\/uploads\/2025\/08\/tips-dual-hibrido-600x598.jpg",600,598,true],"woocommerce_gallery_thumbnail":["https:\/\/varietieseym.com.uy\/wp-content\/uploads\/2025\/08\/tips-dual-hibrido-100x100.jpg",100,100,true]},"uagb_author_info":{"display_name":"Varietieseym","author_link":"https:\/\/varietieseym.com.uy\/index.php\/author\/"},"uagb_comment_info":0,"uagb_excerpt":"Alta calidad: la calidad es gruesa y resistente. 12 tama\u00f1os: las 120 u\u00f1as artificiales de pl\u00e1stico ofrecen 12 tama\u00f1os diferentes. 10 unidades de cada tama\u00f1o. Se adapta a la mayor\u00eda de los dedos y elige f\u00e1cilmente el tama\u00f1o adecuado que se adapte a cada dedo.","_links":{"self":[{"href":"https:\/\/varietieseym.com.uy\/index.php\/wp-json\/wp\/v2\/product\/8741","targetHints":{"allow":["GET"]}}],"collection":[{"href":"https:\/\/varietieseym.com.uy\/index.php\/wp-json\/wp\/v2\/product"}],"about":[{"href":"https:\/\/varietieseym.com.uy\/index.php\/wp-json\/wp\/v2\/types\/product"}],"wp:featuredmedia":[{"embeddable":true,"href":"https:\/\/varietieseym.com.uy\/index.php\/wp-json\/wp\/v2\/media\/8745"}],"wp:attachment":[{"href":"https:\/\/varietieseym.com.uy\/index.php\/wp-json\/wp\/v2\/media?parent=8741"}],"wp:term":[{"taxonomy":"product_brand","embeddable":true,"href":"https:\/\/varietieseym.com.uy\/index.php\/wp-json\/wp\/v2\/product_brand?post=8741"},{"taxonomy":"product_cat","embeddable":true,"href":"https:\/\/varietieseym.com.uy\/index.php\/wp-json\/wp\/v2\/product_cat?post=8741"},{"taxonomy":"product_tag","embeddable":true,"href":"https:\/\/varietieseym.com.uy\/index.php\/wp-json\/wp\/v2\/product_tag?post=8741"}],"curies":[{"name":"wp","href":"https:\/\/api.w.org\/{rel}","templated":true}]}}