{"id":8746,"date":"2025-08-16T14:51:27","date_gmt":"2025-08-16T17:51:27","guid":{"rendered":"https:\/\/varietieseym.com.uy\/?post_type=product&#038;p=8746"},"modified":"2025-11-04T19:37:15","modified_gmt":"2025-11-04T22:37:15","slug":"tips-para-unas-construccion-100-piezas","status":"publish","type":"product","link":"https:\/\/varietieseym.com.uy\/index.php\/producto\/tips-para-unas-construccion-100-piezas\/","title":{"rendered":"Tips para u\u00f1as, construcci\u00f3n 100 piezas"},"content":{"rendered":"<p>Tips para u\u00f1as transparentes para u\u00f1as acr\u00edlicas o gel est\u00e1n hechas con material ABS de alta calidad, lo que hace que los tips sean lo suficientemente resistentes y lo suficientemente duraderas como para durar alrededor de 3-4 semanas. El ABS es un tipo de material ecol\u00f3gico Sin presi\u00f3n en tus propias u\u00f1as y sin t\u00f3xicos, sin olor, no da\u00f1a tu salud.<\/p>\n<p><span class=\"a-list-item\">10 tama\u00f1os de tips para u\u00f1as de media cubierta que se adaptan a tus u\u00f1as Perfecto para u\u00f1as acr\u00edlicas, extensiones de u\u00f1as de gel, polvo de inmersi\u00f3n. F\u00e1cil de almacenar con la funda transparente.<\/span><\/p>\n","protected":false},"excerpt":{"rendered":"<p>Tips para u\u00f1as transparentes para u\u00f1as acr\u00edlicas o gel est\u00e1n hechas con material ABS de alta calidad, lo que hace que los tips sean lo suficientemente resistentes y lo suficientemente duraderas como para durar alrededor de 3-4 semanas. El ABS es un tipo de material ecol\u00f3gico Sin presi\u00f3n en tus propias u\u00f1as y sin t\u00f3xicos, &hellip;<\/p>\n<p class=\"read-more\"> <a class=\"\" href=\"https:\/\/varietieseym.com.uy\/index.php\/producto\/tips-para-unas-construccion-100-piezas\/\"> <span class=\"screen-reader-text\">Tips para u\u00f1as, construcci\u00f3n 100 piezas<\/span> Leer m\u00e1s &raquo;<\/a><\/p>\n","protected":false},"featured_media":8747,"template":"","meta":{"_uag_custom_page_level_css":"","site-sidebar-layout":"default","site-content-layout":"","ast-site-content-layout":"default","site-content-style":"default","site-sidebar-style":"default","ast-global-header-display":"","ast-banner-title-visibility":"","ast-main-header-display":"","ast-hfb-above-header-display":"","ast-hfb-below-header-display":"","ast-hfb-mobile-header-display":"","site-post-title":"","ast-breadcrumbs-content":"","ast-featured-img":"","footer-sml-layout":"","theme-transparent-header-meta":"default","adv-header-id-meta":"","stick-header-meta":"","header-above-stick-meta":"","header-main-stick-meta":"","header-below-stick-meta":"","astra-migrate-meta-layouts":"set","_joinchat":[]},"product_brand":[],"product_cat":[283,131],"product_tag":[],"class_list":{"0":"post-8746","1":"product","2":"type-product","3":"status-publish","4":"has-post-thumbnail","6":"product_cat-tips","7":"product_cat-unas","8":"desktop-align-center","9":"tablet-align-left","10":"mobile-align-left","12":"first","13":"outofstock","14":"shipping-taxable","15":"purchasable","16":"product-type-simple"},"uagb_featured_image_src":{"full":["https:\/\/varietieseym.com.uy\/wp-content\/uploads\/2025\/08\/tip-construccion-1.jpg",635,621,false],"thumbnail":["https:\/\/varietieseym.com.uy\/wp-content\/uploads\/2025\/08\/tip-construccion-1-150x150.jpg",150,150,true],"medium":["https:\/\/varietieseym.com.uy\/wp-content\/uploads\/2025\/08\/tip-construccion-1-300x293.jpg",300,293,true],"medium_large":["https:\/\/varietieseym.com.uy\/wp-content\/uploads\/2025\/08\/tip-construccion-1.jpg",635,621,false],"large":["https:\/\/varietieseym.com.uy\/wp-content\/uploads\/2025\/08\/tip-construccion-1.jpg",635,621,false],"1536x1536":["https:\/\/varietieseym.com.uy\/wp-content\/uploads\/2025\/08\/tip-construccion-1.jpg",635,621,false],"2048x2048":["https:\/\/varietieseym.com.uy\/wp-content\/uploads\/2025\/08\/tip-construccion-1.jpg",635,621,false],"woocommerce_thumbnail":["https:\/\/varietieseym.com.uy\/wp-content\/uploads\/2025\/08\/tip-construccion-1-300x300.jpg",300,300,true],"woocommerce_single":["https:\/\/varietieseym.com.uy\/wp-content\/uploads\/2025\/08\/tip-construccion-1-600x587.jpg",600,587,true],"woocommerce_gallery_thumbnail":["https:\/\/varietieseym.com.uy\/wp-content\/uploads\/2025\/08\/tip-construccion-1-100x100.jpg",100,100,true]},"uagb_author_info":{"display_name":"Varietieseym","author_link":"https:\/\/varietieseym.com.uy\/index.php\/author\/"},"uagb_comment_info":0,"uagb_excerpt":"Tips para u\u00f1as transparentes para u\u00f1as acr\u00edlicas o gel est\u00e1n hechas con material ABS de alta calidad, lo que hace que los tips sean lo suficientemente resistentes y lo suficientemente duraderas como para durar alrededor de 3-4 semanas. El ABS es un tipo de material ecol\u00f3gico Sin presi\u00f3n en tus propias u\u00f1as y sin t\u00f3xicos,&hellip;","_links":{"self":[{"href":"https:\/\/varietieseym.com.uy\/index.php\/wp-json\/wp\/v2\/product\/8746","targetHints":{"allow":["GET"]}}],"collection":[{"href":"https:\/\/varietieseym.com.uy\/index.php\/wp-json\/wp\/v2\/product"}],"about":[{"href":"https:\/\/varietieseym.com.uy\/index.php\/wp-json\/wp\/v2\/types\/product"}],"wp:featuredmedia":[{"embeddable":true,"href":"https:\/\/varietieseym.com.uy\/index.php\/wp-json\/wp\/v2\/media\/8747"}],"wp:attachment":[{"href":"https:\/\/varietieseym.com.uy\/index.php\/wp-json\/wp\/v2\/media?parent=8746"}],"wp:term":[{"taxonomy":"product_brand","embeddable":true,"href":"https:\/\/varietieseym.com.uy\/index.php\/wp-json\/wp\/v2\/product_brand?post=8746"},{"taxonomy":"product_cat","embeddable":true,"href":"https:\/\/varietieseym.com.uy\/index.php\/wp-json\/wp\/v2\/product_cat?post=8746"},{"taxonomy":"product_tag","embeddable":true,"href":"https:\/\/varietieseym.com.uy\/index.php\/wp-json\/wp\/v2\/product_tag?post=8746"}],"curies":[{"name":"wp","href":"https:\/\/api.w.org\/{rel}","templated":true}]}}