{"id":8748,"date":"2025-08-16T15:58:22","date_gmt":"2025-08-16T18:58:22","guid":{"rendered":"https:\/\/varietieseym.com.uy\/?post_type=product&#038;p=8748"},"modified":"2026-04-07T14:20:18","modified_gmt":"2026-04-07T17:20:18","slug":"balsamo-labial-vaselina-4-unidades","status":"publish","type":"product","link":"https:\/\/varietieseym.com.uy\/index.php\/producto\/balsamo-labial-vaselina-4-unidades\/","title":{"rendered":"Balsamo Labial, vaselina 4 unidades"},"content":{"rendered":"<p>Efecto principal del efecto principal: Reparaci\u00f3n integral y mejora de la calidad de los labios.<\/p>\n<p>Hidrataci\u00f3n y cuidado de la piel, alivia r\u00e1pidamente la sequedad y fragancia a coco muy dulce.<\/p>\n<p>Primeros auxilios para labios agrietados. Mejora la piel de los labios y las c\u00e9lulas muertas. Su textura es refrescante y no grasa.<\/p>\n<p>Nutrici\u00f3n diaria: Aplicar una capa fina para retener la humedad y la hidrataci\u00f3n. Ayuda a combatir la sequedad.<\/p>\n<p>Mascarilla labial de noche: aplicar una capa gruesa antes de acostarse para reparar profundamente los m\u00fasculos labiales da\u00f1ados.<\/p>\n<p>Reparaci\u00f3n de labios con boca seca, reparaci\u00f3n de labios con cubierta de labios: la boca seca puede ser gruesa, proporciona mantenimiento y mantenimiento<\/p>\n<p>Prebase de maquillaje de labios: antes de aplicar el l\u00e1piz labial, la prebase de l\u00e1piz labial hidratar\u00e1 los m\u00fasculos de los labios.<\/p>\n<p>&nbsp;<\/p>\n","protected":false},"excerpt":{"rendered":"<p>Efecto principal del efecto principal: Reparaci\u00f3n integral y mejora de la calidad de los labios. Hidrataci\u00f3n y cuidado de la piel, alivia r\u00e1pidamente la sequedad y fragancia a coco muy dulce. Primeros auxilios para labios agrietados. Mejora la piel de los labios y las c\u00e9lulas muertas. Su textura es refrescante y no grasa. Nutrici\u00f3n diaria: &hellip;<\/p>\n<p class=\"read-more\"> <a class=\"\" href=\"https:\/\/varietieseym.com.uy\/index.php\/producto\/balsamo-labial-vaselina-4-unidades\/\"> <span class=\"screen-reader-text\">Balsamo Labial, vaselina 4 unidades<\/span> Leer m\u00e1s &raquo;<\/a><\/p>\n","protected":false},"featured_media":8755,"template":"","meta":{"_uag_custom_page_level_css":"","site-sidebar-layout":"default","site-content-layout":"","ast-site-content-layout":"default","site-content-style":"default","site-sidebar-style":"default","ast-global-header-display":"","ast-banner-title-visibility":"","ast-main-header-display":"","ast-hfb-above-header-display":"","ast-hfb-below-header-display":"","ast-hfb-mobile-header-display":"","site-post-title":"","ast-breadcrumbs-content":"","ast-featured-img":"","footer-sml-layout":"","theme-transparent-header-meta":"default","adv-header-id-meta":"","stick-header-meta":"","header-above-stick-meta":"","header-main-stick-meta":"","header-below-stick-meta":"","astra-migrate-meta-layouts":"set","_joinchat":[]},"product_brand":[],"product_cat":[253,145],"product_tag":[],"class_list":{"0":"post-8748","1":"product","2":"type-product","3":"status-publish","4":"has-post-thumbnail","6":"product_cat-hidratantes-labios","7":"product_cat-labios","8":"desktop-align-center","9":"tablet-align-left","10":"mobile-align-left","12":"first","13":"instock","14":"shipping-taxable","15":"purchasable","16":"product-type-simple"},"uagb_featured_image_src":{"full":["https:\/\/varietieseym.com.uy\/wp-content\/uploads\/2025\/08\/balsamo-labial-x4-4.jpg",497,495,false],"thumbnail":["https:\/\/varietieseym.com.uy\/wp-content\/uploads\/2025\/08\/balsamo-labial-x4-4-150x150.jpg",150,150,true],"medium":["https:\/\/varietieseym.com.uy\/wp-content\/uploads\/2025\/08\/balsamo-labial-x4-4-300x300.jpg",300,300,true],"medium_large":["https:\/\/varietieseym.com.uy\/wp-content\/uploads\/2025\/08\/balsamo-labial-x4-4.jpg",497,495,false],"large":["https:\/\/varietieseym.com.uy\/wp-content\/uploads\/2025\/08\/balsamo-labial-x4-4.jpg",497,495,false],"1536x1536":["https:\/\/varietieseym.com.uy\/wp-content\/uploads\/2025\/08\/balsamo-labial-x4-4.jpg",497,495,false],"2048x2048":["https:\/\/varietieseym.com.uy\/wp-content\/uploads\/2025\/08\/balsamo-labial-x4-4.jpg",497,495,false],"woocommerce_thumbnail":["https:\/\/varietieseym.com.uy\/wp-content\/uploads\/2025\/08\/balsamo-labial-x4-4-300x300.jpg",300,300,true],"woocommerce_single":["https:\/\/varietieseym.com.uy\/wp-content\/uploads\/2025\/08\/balsamo-labial-x4-4.jpg",497,495,false],"woocommerce_gallery_thumbnail":["https:\/\/varietieseym.com.uy\/wp-content\/uploads\/2025\/08\/balsamo-labial-x4-4-100x100.jpg",100,100,true]},"uagb_author_info":{"display_name":"Varietieseym","author_link":"https:\/\/varietieseym.com.uy\/index.php\/author\/"},"uagb_comment_info":0,"uagb_excerpt":"Efecto principal del efecto principal: Reparaci\u00f3n integral y mejora de la calidad de los labios. Hidrataci\u00f3n y cuidado de la piel, alivia r\u00e1pidamente la sequedad y fragancia a coco muy dulce. Primeros auxilios para labios agrietados. Mejora la piel de los labios y las c\u00e9lulas muertas. Su textura es refrescante y no grasa. Nutrici\u00f3n diaria:&hellip;","_links":{"self":[{"href":"https:\/\/varietieseym.com.uy\/index.php\/wp-json\/wp\/v2\/product\/8748","targetHints":{"allow":["GET"]}}],"collection":[{"href":"https:\/\/varietieseym.com.uy\/index.php\/wp-json\/wp\/v2\/product"}],"about":[{"href":"https:\/\/varietieseym.com.uy\/index.php\/wp-json\/wp\/v2\/types\/product"}],"wp:featuredmedia":[{"embeddable":true,"href":"https:\/\/varietieseym.com.uy\/index.php\/wp-json\/wp\/v2\/media\/8755"}],"wp:attachment":[{"href":"https:\/\/varietieseym.com.uy\/index.php\/wp-json\/wp\/v2\/media?parent=8748"}],"wp:term":[{"taxonomy":"product_brand","embeddable":true,"href":"https:\/\/varietieseym.com.uy\/index.php\/wp-json\/wp\/v2\/product_brand?post=8748"},{"taxonomy":"product_cat","embeddable":true,"href":"https:\/\/varietieseym.com.uy\/index.php\/wp-json\/wp\/v2\/product_cat?post=8748"},{"taxonomy":"product_tag","embeddable":true,"href":"https:\/\/varietieseym.com.uy\/index.php\/wp-json\/wp\/v2\/product_tag?post=8748"}],"curies":[{"name":"wp","href":"https:\/\/api.w.org\/{rel}","templated":true}]}}