{"id":8774,"date":"2025-08-16T21:00:42","date_gmt":"2025-08-17T00:00:42","guid":{"rendered":"https:\/\/varietieseym.com.uy\/?post_type=product&#038;p=8774"},"modified":"2026-04-09T15:54:09","modified_gmt":"2026-04-09T18:54:09","slug":"ablandador-removedor-de-cuticula-repos-500-ml-2","status":"publish","type":"product","link":"https:\/\/varietieseym.com.uy\/index.php\/producto\/ablandador-removedor-de-cuticula-repos-500-ml-2\/","title":{"rendered":"Ablandador\/Removedor de Cut\u00edcula Repos 500 Ml"},"content":{"rendered":"<p>Suavizante de Cut\u00edculas con Copa\u00edba Rep\u00f3s tiene la funci\u00f3n de suavizar los callos, facilitando as\u00ed su completa eliminaci\u00f3n. Este producto fue desarrollado especialmente para pies que presentan grietas debido a la sequedad.<\/p>\n<p><strong>C\u00d3MO UTILIZAR<\/strong><br \/>\nAplicar directamente sobre la parte afectada y esperar hasta 3 minutos, dependiendo de la sensibilidad. Al finalizar el procedimiento, retirar todo exceso de producto con agua. Al aplicar, USE GUANTES.<\/p>\n","protected":false},"excerpt":{"rendered":"<p>Suavizante de Cut\u00edculas con Copa\u00edba Rep\u00f3s tiene la funci\u00f3n de suavizar los callos, facilitando as\u00ed su completa eliminaci\u00f3n. Este producto fue desarrollado especialmente para pies que presentan grietas debido a la sequedad. C\u00d3MO UTILIZAR Aplicar directamente sobre la parte afectada y esperar hasta 3 minutos, dependiendo de la sensibilidad. Al finalizar el procedimiento, retirar todo &hellip;<\/p>\n<p class=\"read-more\"> <a class=\"\" href=\"https:\/\/varietieseym.com.uy\/index.php\/producto\/ablandador-removedor-de-cuticula-repos-500-ml-2\/\"> <span class=\"screen-reader-text\">Ablandador\/Removedor de Cut\u00edcula Repos 500 Ml<\/span> Leer m\u00e1s &raquo;<\/a><\/p>\n","protected":false},"featured_media":8775,"template":"","meta":{"_uag_custom_page_level_css":"","site-sidebar-layout":"default","site-content-layout":"","ast-site-content-layout":"default","site-content-style":"default","site-sidebar-style":"default","ast-global-header-display":"","ast-banner-title-visibility":"","ast-main-header-display":"","ast-hfb-above-header-display":"","ast-hfb-below-header-display":"","ast-hfb-mobile-header-display":"","site-post-title":"","ast-breadcrumbs-content":"","ast-featured-img":"","footer-sml-layout":"","theme-transparent-header-meta":"default","adv-header-id-meta":"","stick-header-meta":"","header-above-stick-meta":"","header-main-stick-meta":"","header-below-stick-meta":"","astra-migrate-meta-layouts":"set","_joinchat":[]},"product_brand":[],"product_cat":[151,131,137],"product_tag":[],"class_list":{"0":"post-8774","1":"product","2":"type-product","3":"status-publish","4":"has-post-thumbnail","6":"product_cat-accesorios","7":"product_cat-unas","8":"product_cat-otros","9":"desktop-align-center","10":"tablet-align-left","11":"mobile-align-left","13":"first","14":"instock","15":"shipping-taxable","16":"purchasable","17":"product-type-simple"},"uagb_featured_image_src":{"full":["https:\/\/varietieseym.com.uy\/wp-content\/uploads\/2025\/08\/repos-500ml-.jpg",883,877,false],"thumbnail":["https:\/\/varietieseym.com.uy\/wp-content\/uploads\/2025\/08\/repos-500ml--150x150.jpg",150,150,true],"medium":["https:\/\/varietieseym.com.uy\/wp-content\/uploads\/2025\/08\/repos-500ml--300x298.jpg",300,298,true],"medium_large":["https:\/\/varietieseym.com.uy\/wp-content\/uploads\/2025\/08\/repos-500ml--768x763.jpg",768,763,true],"large":["https:\/\/varietieseym.com.uy\/wp-content\/uploads\/2025\/08\/repos-500ml-.jpg",883,877,false],"1536x1536":["https:\/\/varietieseym.com.uy\/wp-content\/uploads\/2025\/08\/repos-500ml-.jpg",883,877,false],"2048x2048":["https:\/\/varietieseym.com.uy\/wp-content\/uploads\/2025\/08\/repos-500ml-.jpg",883,877,false],"woocommerce_thumbnail":["https:\/\/varietieseym.com.uy\/wp-content\/uploads\/2025\/08\/repos-500ml--300x300.jpg",300,300,true],"woocommerce_single":["https:\/\/varietieseym.com.uy\/wp-content\/uploads\/2025\/08\/repos-500ml--600x596.jpg",600,596,true],"woocommerce_gallery_thumbnail":["https:\/\/varietieseym.com.uy\/wp-content\/uploads\/2025\/08\/repos-500ml--100x100.jpg",100,100,true]},"uagb_author_info":{"display_name":"Varietieseym","author_link":"https:\/\/varietieseym.com.uy\/index.php\/author\/"},"uagb_comment_info":0,"uagb_excerpt":"Suavizante de Cut\u00edculas con Copa\u00edba Rep\u00f3s tiene la funci\u00f3n de suavizar los callos, facilitando as\u00ed su completa eliminaci\u00f3n. Este producto fue desarrollado especialmente para pies que presentan grietas debido a la sequedad. C\u00d3MO UTILIZAR Aplicar directamente sobre la parte afectada y esperar hasta 3 minutos, dependiendo de la sensibilidad. Al finalizar el procedimiento, retirar todo&hellip;","_links":{"self":[{"href":"https:\/\/varietieseym.com.uy\/index.php\/wp-json\/wp\/v2\/product\/8774","targetHints":{"allow":["GET"]}}],"collection":[{"href":"https:\/\/varietieseym.com.uy\/index.php\/wp-json\/wp\/v2\/product"}],"about":[{"href":"https:\/\/varietieseym.com.uy\/index.php\/wp-json\/wp\/v2\/types\/product"}],"wp:featuredmedia":[{"embeddable":true,"href":"https:\/\/varietieseym.com.uy\/index.php\/wp-json\/wp\/v2\/media\/8775"}],"wp:attachment":[{"href":"https:\/\/varietieseym.com.uy\/index.php\/wp-json\/wp\/v2\/media?parent=8774"}],"wp:term":[{"taxonomy":"product_brand","embeddable":true,"href":"https:\/\/varietieseym.com.uy\/index.php\/wp-json\/wp\/v2\/product_brand?post=8774"},{"taxonomy":"product_cat","embeddable":true,"href":"https:\/\/varietieseym.com.uy\/index.php\/wp-json\/wp\/v2\/product_cat?post=8774"},{"taxonomy":"product_tag","embeddable":true,"href":"https:\/\/varietieseym.com.uy\/index.php\/wp-json\/wp\/v2\/product_tag?post=8774"}],"curies":[{"name":"wp","href":"https:\/\/api.w.org\/{rel}","templated":true}]}}