{"id":8796,"date":"2025-08-18T18:42:14","date_gmt":"2025-08-18T21:42:14","guid":{"rendered":"https:\/\/varietieseym.com.uy\/?post_type=product&#038;p=8796"},"modified":"2025-12-15T11:59:13","modified_gmt":"2025-12-15T14:59:13","slug":"tips-para-unas-stiletto-construccion-240-piezas","status":"publish","type":"product","link":"https:\/\/varietieseym.com.uy\/index.php\/producto\/tips-para-unas-stiletto-construccion-240-piezas\/","title":{"rendered":"Tips para u\u00f1as Stiletto, construcci\u00f3n 440 piezas"},"content":{"rendered":"<p>Los Tips\u00a0 est\u00e1n disponibles en 11 tama\u00f1os diferentes.<\/p>\n<p>Est\u00e1n hechas de material ABS de alta calidad, que es un material ecol\u00f3gico y respetuoso con el medio ambiente. Es seguro y libre de olor, no da\u00f1a las u\u00f1as y el cuerpo, hace que las u\u00f1as sean fuertes y duraderas.<\/p>\n","protected":false},"excerpt":{"rendered":"<p>Los Tips\u00a0 est\u00e1n disponibles en 11 tama\u00f1os diferentes. Est\u00e1n hechas de material ABS de alta calidad, que es un material ecol\u00f3gico y respetuoso con el medio ambiente. Es seguro y libre de olor, no da\u00f1a las u\u00f1as y el cuerpo, hace que las u\u00f1as sean fuertes y duraderas.<\/p>\n","protected":false},"featured_media":8798,"template":"","meta":{"_uag_custom_page_level_css":"","site-sidebar-layout":"default","site-content-layout":"","ast-site-content-layout":"default","site-content-style":"default","site-sidebar-style":"default","ast-global-header-display":"","ast-banner-title-visibility":"","ast-main-header-display":"","ast-hfb-above-header-display":"","ast-hfb-below-header-display":"","ast-hfb-mobile-header-display":"","site-post-title":"","ast-breadcrumbs-content":"","ast-featured-img":"","footer-sml-layout":"","theme-transparent-header-meta":"default","adv-header-id-meta":"","stick-header-meta":"","header-above-stick-meta":"","header-main-stick-meta":"","header-below-stick-meta":"","astra-migrate-meta-layouts":"set","_joinchat":[]},"product_brand":[],"product_cat":[283,131],"product_tag":[],"class_list":{"0":"post-8796","1":"product","2":"type-product","3":"status-publish","4":"has-post-thumbnail","6":"product_cat-tips","7":"product_cat-unas","8":"desktop-align-center","9":"tablet-align-left","10":"mobile-align-left","12":"first","13":"instock","14":"shipping-taxable","15":"purchasable","16":"product-type-simple"},"uagb_featured_image_src":{"full":["https:\/\/varietieseym.com.uy\/wp-content\/uploads\/2025\/08\/tips-construccion-stiletto-1.jpg",620,616,false],"thumbnail":["https:\/\/varietieseym.com.uy\/wp-content\/uploads\/2025\/08\/tips-construccion-stiletto-1-150x150.jpg",150,150,true],"medium":["https:\/\/varietieseym.com.uy\/wp-content\/uploads\/2025\/08\/tips-construccion-stiletto-1-300x298.jpg",300,298,true],"medium_large":["https:\/\/varietieseym.com.uy\/wp-content\/uploads\/2025\/08\/tips-construccion-stiletto-1.jpg",620,616,false],"large":["https:\/\/varietieseym.com.uy\/wp-content\/uploads\/2025\/08\/tips-construccion-stiletto-1.jpg",620,616,false],"1536x1536":["https:\/\/varietieseym.com.uy\/wp-content\/uploads\/2025\/08\/tips-construccion-stiletto-1.jpg",620,616,false],"2048x2048":["https:\/\/varietieseym.com.uy\/wp-content\/uploads\/2025\/08\/tips-construccion-stiletto-1.jpg",620,616,false],"woocommerce_thumbnail":["https:\/\/varietieseym.com.uy\/wp-content\/uploads\/2025\/08\/tips-construccion-stiletto-1-300x300.jpg",300,300,true],"woocommerce_single":["https:\/\/varietieseym.com.uy\/wp-content\/uploads\/2025\/08\/tips-construccion-stiletto-1-600x596.jpg",600,596,true],"woocommerce_gallery_thumbnail":["https:\/\/varietieseym.com.uy\/wp-content\/uploads\/2025\/08\/tips-construccion-stiletto-1-100x100.jpg",100,100,true]},"uagb_author_info":{"display_name":"Varietieseym","author_link":"https:\/\/varietieseym.com.uy\/index.php\/author\/"},"uagb_comment_info":0,"uagb_excerpt":"Los Tips\u00a0 est\u00e1n disponibles en 11 tama\u00f1os diferentes. Est\u00e1n hechas de material ABS de alta calidad, que es un material ecol\u00f3gico y respetuoso con el medio ambiente. Es seguro y libre de olor, no da\u00f1a las u\u00f1as y el cuerpo, hace que las u\u00f1as sean fuertes y duraderas.","_links":{"self":[{"href":"https:\/\/varietieseym.com.uy\/index.php\/wp-json\/wp\/v2\/product\/8796","targetHints":{"allow":["GET"]}}],"collection":[{"href":"https:\/\/varietieseym.com.uy\/index.php\/wp-json\/wp\/v2\/product"}],"about":[{"href":"https:\/\/varietieseym.com.uy\/index.php\/wp-json\/wp\/v2\/types\/product"}],"wp:featuredmedia":[{"embeddable":true,"href":"https:\/\/varietieseym.com.uy\/index.php\/wp-json\/wp\/v2\/media\/8798"}],"wp:attachment":[{"href":"https:\/\/varietieseym.com.uy\/index.php\/wp-json\/wp\/v2\/media?parent=8796"}],"wp:term":[{"taxonomy":"product_brand","embeddable":true,"href":"https:\/\/varietieseym.com.uy\/index.php\/wp-json\/wp\/v2\/product_brand?post=8796"},{"taxonomy":"product_cat","embeddable":true,"href":"https:\/\/varietieseym.com.uy\/index.php\/wp-json\/wp\/v2\/product_cat?post=8796"},{"taxonomy":"product_tag","embeddable":true,"href":"https:\/\/varietieseym.com.uy\/index.php\/wp-json\/wp\/v2\/product_tag?post=8796"}],"curies":[{"name":"wp","href":"https:\/\/api.w.org\/{rel}","templated":true}]}}