{"id":8808,"date":"2025-08-19T20:42:48","date_gmt":"2025-08-19T23:42:48","guid":{"rendered":"https:\/\/varietieseym.com.uy\/?post_type=product&#038;p=8808"},"modified":"2025-12-27T23:49:16","modified_gmt":"2025-12-28T02:49:16","slug":"tips-soft-gel-504-piezas-coffi","status":"publish","type":"product","link":"https:\/\/varietieseym.com.uy\/index.php\/producto\/tips-soft-gel-504-piezas-coffi\/","title":{"rendered":"Tips soft gel EM 504 piezas Coffi"},"content":{"rendered":"<p>ALTA CALIDAD las u\u00f1as postizas son resistentes, ligeras y duraderas, est\u00e1n hechas con pl\u00e1stico ABS profesional de alta calidad que est\u00e1 dise\u00f1ado para moldearse perfectamente en las u\u00f1as naturales para una mayor comodidad (se liman o recortan f\u00e1cilmente para un ajuste a\u00fan mayor).<\/p>\n","protected":false},"excerpt":{"rendered":"<p>504 piezas Coffi media<\/p>\n","protected":false},"featured_media":5961,"template":"","meta":{"_uag_custom_page_level_css":"","site-sidebar-layout":"default","site-content-layout":"","ast-site-content-layout":"default","site-content-style":"default","site-sidebar-style":"default","ast-global-header-display":"","ast-banner-title-visibility":"","ast-main-header-display":"","ast-hfb-above-header-display":"","ast-hfb-below-header-display":"","ast-hfb-mobile-header-display":"","site-post-title":"","ast-breadcrumbs-content":"","ast-featured-img":"","footer-sml-layout":"","theme-transparent-header-meta":"default","adv-header-id-meta":"","stick-header-meta":"","header-above-stick-meta":"","header-main-stick-meta":"","header-below-stick-meta":"","astra-migrate-meta-layouts":"set","_joinchat":[]},"product_brand":[],"product_cat":[283,131],"product_tag":[],"class_list":{"0":"post-8808","1":"product","2":"type-product","3":"status-publish","4":"has-post-thumbnail","6":"product_cat-tips","7":"product_cat-unas","8":"desktop-align-center","9":"tablet-align-left","10":"mobile-align-left","12":"first","13":"instock","14":"shipping-taxable","15":"purchasable","16":"product-type-simple"},"uagb_featured_image_src":{"full":["https:\/\/varietieseym.com.uy\/wp-content\/uploads\/2024\/06\/1IdPt4AQe74dYuEWD_ZEP8vcOaU8Fm7Ey1thV6TTW_Q.jpg",1500,1500,false],"thumbnail":["https:\/\/varietieseym.com.uy\/wp-content\/uploads\/2024\/06\/1IdPt4AQe74dYuEWD_ZEP8vcOaU8Fm7Ey1thV6TTW_Q-150x150.jpg",150,150,true],"medium":["https:\/\/varietieseym.com.uy\/wp-content\/uploads\/2024\/06\/1IdPt4AQe74dYuEWD_ZEP8vcOaU8Fm7Ey1thV6TTW_Q-300x300.jpg",300,300,true],"medium_large":["https:\/\/varietieseym.com.uy\/wp-content\/uploads\/2024\/06\/1IdPt4AQe74dYuEWD_ZEP8vcOaU8Fm7Ey1thV6TTW_Q-768x768.jpg",768,768,true],"large":["https:\/\/varietieseym.com.uy\/wp-content\/uploads\/2024\/06\/1IdPt4AQe74dYuEWD_ZEP8vcOaU8Fm7Ey1thV6TTW_Q-1024x1024.jpg",1024,1024,true],"1536x1536":["https:\/\/varietieseym.com.uy\/wp-content\/uploads\/2024\/06\/1IdPt4AQe74dYuEWD_ZEP8vcOaU8Fm7Ey1thV6TTW_Q.jpg",1500,1500,false],"2048x2048":["https:\/\/varietieseym.com.uy\/wp-content\/uploads\/2024\/06\/1IdPt4AQe74dYuEWD_ZEP8vcOaU8Fm7Ey1thV6TTW_Q.jpg",1500,1500,false],"woocommerce_thumbnail":["https:\/\/varietieseym.com.uy\/wp-content\/uploads\/2024\/06\/1IdPt4AQe74dYuEWD_ZEP8vcOaU8Fm7Ey1thV6TTW_Q-300x300.jpg",300,300,true],"woocommerce_single":["https:\/\/varietieseym.com.uy\/wp-content\/uploads\/2024\/06\/1IdPt4AQe74dYuEWD_ZEP8vcOaU8Fm7Ey1thV6TTW_Q-600x600.jpg",600,600,true],"woocommerce_gallery_thumbnail":["https:\/\/varietieseym.com.uy\/wp-content\/uploads\/2024\/06\/1IdPt4AQe74dYuEWD_ZEP8vcOaU8Fm7Ey1thV6TTW_Q-100x100.jpg",100,100,true]},"uagb_author_info":{"display_name":"Varietieseym","author_link":"https:\/\/varietieseym.com.uy\/index.php\/author\/"},"uagb_comment_info":0,"uagb_excerpt":"504 piezas Coffi media","_links":{"self":[{"href":"https:\/\/varietieseym.com.uy\/index.php\/wp-json\/wp\/v2\/product\/8808","targetHints":{"allow":["GET"]}}],"collection":[{"href":"https:\/\/varietieseym.com.uy\/index.php\/wp-json\/wp\/v2\/product"}],"about":[{"href":"https:\/\/varietieseym.com.uy\/index.php\/wp-json\/wp\/v2\/types\/product"}],"wp:featuredmedia":[{"embeddable":true,"href":"https:\/\/varietieseym.com.uy\/index.php\/wp-json\/wp\/v2\/media\/5961"}],"wp:attachment":[{"href":"https:\/\/varietieseym.com.uy\/index.php\/wp-json\/wp\/v2\/media?parent=8808"}],"wp:term":[{"taxonomy":"product_brand","embeddable":true,"href":"https:\/\/varietieseym.com.uy\/index.php\/wp-json\/wp\/v2\/product_brand?post=8808"},{"taxonomy":"product_cat","embeddable":true,"href":"https:\/\/varietieseym.com.uy\/index.php\/wp-json\/wp\/v2\/product_cat?post=8808"},{"taxonomy":"product_tag","embeddable":true,"href":"https:\/\/varietieseym.com.uy\/index.php\/wp-json\/wp\/v2\/product_tag?post=8808"}],"curies":[{"name":"wp","href":"https:\/\/api.w.org\/{rel}","templated":true}]}}