{"id":8835,"date":"2025-08-24T00:31:28","date_gmt":"2025-08-24T03:31:28","guid":{"rendered":"https:\/\/varietieseym.com.uy\/?post_type=product&#038;p=8835"},"modified":"2025-08-24T00:33:19","modified_gmt":"2025-08-24T03:33:19","slug":"set-pinceles-liner-5-piezas","status":"publish","type":"product","link":"https:\/\/varietieseym.com.uy\/index.php\/producto\/set-pinceles-liner-5-piezas\/","title":{"rendered":"Set Pinceles Liner 5 piezas"},"content":{"rendered":"<ul class=\"a-unordered-list a-vertical a-spacing-mini\">\n<li class=\"a-spacing-mini\"><span class=\"a-list-item\">La variedad pinceles para u\u00f1as satisface sus necesidades decoraci\u00f3n u\u00f1as personalizada, incluidas l\u00edneas finas, rayas, puntos, flores y m\u00e1s, lo que le permite exhibir su creatividad.<\/span><\/li>\n<li class=\"a-spacing-mini\"><span class=\"a-list-item\">Portabilidad con tapa y dise\u00f1o compacto, este pincel liner de u\u00f1as tienen tapas lo cual extiende considerablemente su vida \u00fatil evitando el polvo o da\u00f1os. F\u00e1cil transportar y no ocupa espacio.<\/span><\/li>\n<li class=\"a-spacing-mini\"><span class=\"a-list-item\">Estos pinceles largos superfinos para arte de u\u00f1as pueden lograr los peque\u00f1os detalles y l\u00edneas finas necesarias para pintar dise\u00f1os de u\u00f1as, que son perfectos para los amantes de los salones de u\u00f1as profesionales y el arte de u\u00f1as.\u00a0<\/span><\/li>\n<\/ul>\n","protected":false},"excerpt":{"rendered":"<p>La variedad pinceles para u\u00f1as satisface sus necesidades decoraci\u00f3n u\u00f1as personalizada, incluidas l\u00edneas finas, rayas, puntos, flores y m\u00e1s, lo que le permite exhibir su creatividad. Portabilidad con tapa y dise\u00f1o compacto, este pincel liner de u\u00f1as tienen tapas lo cual extiende considerablemente su vida \u00fatil evitando el polvo o da\u00f1os. F\u00e1cil transportar y no &hellip;<\/p>\n<p class=\"read-more\"> <a class=\"\" href=\"https:\/\/varietieseym.com.uy\/index.php\/producto\/set-pinceles-liner-5-piezas\/\"> <span class=\"screen-reader-text\">Set Pinceles Liner 5 piezas<\/span> Leer m\u00e1s &raquo;<\/a><\/p>\n","protected":false},"featured_media":8840,"template":"","meta":{"_uag_custom_page_level_css":"","site-sidebar-layout":"default","site-content-layout":"","ast-site-content-layout":"default","site-content-style":"default","site-sidebar-style":"default","ast-global-header-display":"","ast-banner-title-visibility":"","ast-main-header-display":"","ast-hfb-above-header-display":"","ast-hfb-below-header-display":"","ast-hfb-mobile-header-display":"","site-post-title":"","ast-breadcrumbs-content":"","ast-featured-img":"","footer-sml-layout":"","theme-transparent-header-meta":"default","adv-header-id-meta":"","stick-header-meta":"","header-above-stick-meta":"","header-main-stick-meta":"","header-below-stick-meta":"","astra-migrate-meta-layouts":"set","_joinchat":[]},"product_brand":[],"product_cat":[131,135],"product_tag":[],"class_list":{"0":"post-8835","1":"product","2":"type-product","3":"status-publish","4":"has-post-thumbnail","6":"product_cat-unas","7":"product_cat-pinceles","8":"desktop-align-center","9":"tablet-align-left","10":"mobile-align-left","12":"first","13":"instock","14":"shipping-taxable","15":"purchasable","16":"product-type-simple"},"uagb_featured_image_src":{"full":["https:\/\/varietieseym.com.uy\/wp-content\/uploads\/2025\/08\/liner-5-piezas-5.jpg",880,883,false],"thumbnail":["https:\/\/varietieseym.com.uy\/wp-content\/uploads\/2025\/08\/liner-5-piezas-5-150x150.jpg",150,150,true],"medium":["https:\/\/varietieseym.com.uy\/wp-content\/uploads\/2025\/08\/liner-5-piezas-5-300x300.jpg",300,300,true],"medium_large":["https:\/\/varietieseym.com.uy\/wp-content\/uploads\/2025\/08\/liner-5-piezas-5-768x771.jpg",768,771,true],"large":["https:\/\/varietieseym.com.uy\/wp-content\/uploads\/2025\/08\/liner-5-piezas-5.jpg",880,883,false],"1536x1536":["https:\/\/varietieseym.com.uy\/wp-content\/uploads\/2025\/08\/liner-5-piezas-5.jpg",880,883,false],"2048x2048":["https:\/\/varietieseym.com.uy\/wp-content\/uploads\/2025\/08\/liner-5-piezas-5.jpg",880,883,false],"woocommerce_thumbnail":["https:\/\/varietieseym.com.uy\/wp-content\/uploads\/2025\/08\/liner-5-piezas-5-300x300.jpg",300,300,true],"woocommerce_single":["https:\/\/varietieseym.com.uy\/wp-content\/uploads\/2025\/08\/liner-5-piezas-5-600x602.jpg",600,602,true],"woocommerce_gallery_thumbnail":["https:\/\/varietieseym.com.uy\/wp-content\/uploads\/2025\/08\/liner-5-piezas-5-100x100.jpg",100,100,true]},"uagb_author_info":{"display_name":"Varietieseym","author_link":"https:\/\/varietieseym.com.uy\/index.php\/author\/"},"uagb_comment_info":0,"uagb_excerpt":"La variedad pinceles para u\u00f1as satisface sus necesidades decoraci\u00f3n u\u00f1as personalizada, incluidas l\u00edneas finas, rayas, puntos, flores y m\u00e1s, lo que le permite exhibir su creatividad. Portabilidad con tapa y dise\u00f1o compacto, este pincel liner de u\u00f1as tienen tapas lo cual extiende considerablemente su vida \u00fatil evitando el polvo o da\u00f1os. F\u00e1cil transportar y no&hellip;","_links":{"self":[{"href":"https:\/\/varietieseym.com.uy\/index.php\/wp-json\/wp\/v2\/product\/8835","targetHints":{"allow":["GET"]}}],"collection":[{"href":"https:\/\/varietieseym.com.uy\/index.php\/wp-json\/wp\/v2\/product"}],"about":[{"href":"https:\/\/varietieseym.com.uy\/index.php\/wp-json\/wp\/v2\/types\/product"}],"wp:featuredmedia":[{"embeddable":true,"href":"https:\/\/varietieseym.com.uy\/index.php\/wp-json\/wp\/v2\/media\/8840"}],"wp:attachment":[{"href":"https:\/\/varietieseym.com.uy\/index.php\/wp-json\/wp\/v2\/media?parent=8835"}],"wp:term":[{"taxonomy":"product_brand","embeddable":true,"href":"https:\/\/varietieseym.com.uy\/index.php\/wp-json\/wp\/v2\/product_brand?post=8835"},{"taxonomy":"product_cat","embeddable":true,"href":"https:\/\/varietieseym.com.uy\/index.php\/wp-json\/wp\/v2\/product_cat?post=8835"},{"taxonomy":"product_tag","embeddable":true,"href":"https:\/\/varietieseym.com.uy\/index.php\/wp-json\/wp\/v2\/product_tag?post=8835"}],"curies":[{"name":"wp","href":"https:\/\/api.w.org\/{rel}","templated":true}]}}