{"id":8962,"date":"2025-08-31T01:26:06","date_gmt":"2025-08-31T04:26:06","guid":{"rendered":"https:\/\/varietieseym.com.uy\/?post_type=product&#038;p=8962"},"modified":"2026-02-18T18:43:02","modified_gmt":"2026-02-18T21:43:02","slug":"base-coat-dafu-15ml","status":"publish","type":"product","link":"https:\/\/varietieseym.com.uy\/index.php\/producto\/base-coat-dafu-15ml\/","title":{"rendered":"Base Coat Dafu 15ml"},"content":{"rendered":"<p><span dir=\"auto\">La capa base Dafu de 15 ml es la opci\u00f3n ideal para profesionales del esmalte de u\u00f1as y amantes del nail art que buscan durabilidad, protecci\u00f3n y un acabado impecable. Con una f\u00f3rmula exclusiva de alto rendimiento, esta capa base forma una capa adhesiva que protege y prepara las u\u00f1as naturales para el esmalte, mejorando su fijaci\u00f3n y evitando que se descascare.<\/span><\/p>\n<p><span dir=\"auto\">Apta para todo tipo de u\u00f1as, la base Dafu ayuda a prevenir manchas, amarilleamiento y decoloraci\u00f3n, manteniendo las u\u00f1as con un aspecto saludable. Su textura suave facilita su aplicaci\u00f3n uniforme y proporciona un acabado liso y profesional.<\/span><\/p>\n<p><span dir=\"auto\">Con un pr\u00e1ctico frasco de 15 ml, es perfecto para usar a diario o para llevar en el neceser. Imprescindible para manicuristas profesionales y para quienes aman las u\u00f1as cuidadas.<\/span><\/p>\n<p><span dir=\"auto\">Beneficios:<\/span><br \/>\n<span dir=\"auto\">Alta adhesi\u00f3n para un esmalte duradero<\/span><br \/>\n<span dir=\"auto\">Previene manchas y decoloraci\u00f3n<\/span><br \/>\n<span dir=\"auto\">Textura ligera y f\u00e1cil de aplicar<\/span><br \/>\n<span dir=\"auto\">Ideal para uso profesional y dom\u00e9stico<\/span><br \/>\n<span dir=\"auto\">Compatible con todo tipo de esmalte<\/span><\/p>\n","protected":false},"excerpt":{"rendered":"<p>La capa base Dafu de 15 ml es la opci\u00f3n ideal para profesionales del esmalte de u\u00f1as y amantes del nail art que buscan durabilidad, protecci\u00f3n y un acabado impecable. Con una f\u00f3rmula exclusiva de alto rendimiento, esta capa base forma una capa adhesiva que protege y prepara las u\u00f1as naturales para el esmalte, mejorando &hellip;<\/p>\n<p class=\"read-more\"> <a class=\"\" href=\"https:\/\/varietieseym.com.uy\/index.php\/producto\/base-coat-dafu-15ml\/\"> <span class=\"screen-reader-text\">Base Coat Dafu 15ml<\/span> Leer m\u00e1s &raquo;<\/a><\/p>\n","protected":false},"featured_media":8964,"template":"","meta":{"_uag_custom_page_level_css":"","site-sidebar-layout":"default","site-content-layout":"","ast-site-content-layout":"default","site-content-style":"default","site-sidebar-style":"default","ast-global-header-display":"","ast-banner-title-visibility":"","ast-main-header-display":"","ast-hfb-above-header-display":"","ast-hfb-below-header-display":"","ast-hfb-mobile-header-display":"","site-post-title":"","ast-breadcrumbs-content":"","ast-featured-img":"","footer-sml-layout":"","theme-transparent-header-meta":"default","adv-header-id-meta":"","stick-header-meta":"","header-above-stick-meta":"","header-main-stick-meta":"","header-below-stick-meta":"","astra-migrate-meta-layouts":"set","_joinchat":[]},"product_brand":[],"product_cat":[198,197,131],"product_tag":[],"class_list":{"0":"post-8962","1":"product","2":"type-product","3":"status-publish","4":"has-post-thumbnail","6":"product_cat-esmaltes-semipermanentes","7":"product_cat-preparadores","8":"product_cat-unas","9":"desktop-align-center","10":"tablet-align-left","11":"mobile-align-left","13":"first","14":"instock","15":"shipping-taxable","16":"purchasable","17":"product-type-simple"},"uagb_featured_image_src":{"full":["https:\/\/varietieseym.com.uy\/wp-content\/uploads\/2025\/08\/base-coat-dafu-.jpg",880,876,false],"thumbnail":["https:\/\/varietieseym.com.uy\/wp-content\/uploads\/2025\/08\/base-coat-dafu--150x150.jpg",150,150,true],"medium":["https:\/\/varietieseym.com.uy\/wp-content\/uploads\/2025\/08\/base-coat-dafu--300x300.jpg",300,300,true],"medium_large":["https:\/\/varietieseym.com.uy\/wp-content\/uploads\/2025\/08\/base-coat-dafu--768x765.jpg",768,765,true],"large":["https:\/\/varietieseym.com.uy\/wp-content\/uploads\/2025\/08\/base-coat-dafu-.jpg",880,876,false],"1536x1536":["https:\/\/varietieseym.com.uy\/wp-content\/uploads\/2025\/08\/base-coat-dafu-.jpg",880,876,false],"2048x2048":["https:\/\/varietieseym.com.uy\/wp-content\/uploads\/2025\/08\/base-coat-dafu-.jpg",880,876,false],"woocommerce_thumbnail":["https:\/\/varietieseym.com.uy\/wp-content\/uploads\/2025\/08\/base-coat-dafu--300x300.jpg",300,300,true],"woocommerce_single":["https:\/\/varietieseym.com.uy\/wp-content\/uploads\/2025\/08\/base-coat-dafu--600x597.jpg",600,597,true],"woocommerce_gallery_thumbnail":["https:\/\/varietieseym.com.uy\/wp-content\/uploads\/2025\/08\/base-coat-dafu--100x100.jpg",100,100,true]},"uagb_author_info":{"display_name":"Varietieseym","author_link":"https:\/\/varietieseym.com.uy\/index.php\/author\/"},"uagb_comment_info":0,"uagb_excerpt":"La capa base Dafu de 15 ml es la opci\u00f3n ideal para profesionales del esmalte de u\u00f1as y amantes del nail art que buscan durabilidad, protecci\u00f3n y un acabado impecable. Con una f\u00f3rmula exclusiva de alto rendimiento, esta capa base forma una capa adhesiva que protege y prepara las u\u00f1as naturales para el esmalte, mejorando&hellip;","_links":{"self":[{"href":"https:\/\/varietieseym.com.uy\/index.php\/wp-json\/wp\/v2\/product\/8962","targetHints":{"allow":["GET"]}}],"collection":[{"href":"https:\/\/varietieseym.com.uy\/index.php\/wp-json\/wp\/v2\/product"}],"about":[{"href":"https:\/\/varietieseym.com.uy\/index.php\/wp-json\/wp\/v2\/types\/product"}],"wp:featuredmedia":[{"embeddable":true,"href":"https:\/\/varietieseym.com.uy\/index.php\/wp-json\/wp\/v2\/media\/8964"}],"wp:attachment":[{"href":"https:\/\/varietieseym.com.uy\/index.php\/wp-json\/wp\/v2\/media?parent=8962"}],"wp:term":[{"taxonomy":"product_brand","embeddable":true,"href":"https:\/\/varietieseym.com.uy\/index.php\/wp-json\/wp\/v2\/product_brand?post=8962"},{"taxonomy":"product_cat","embeddable":true,"href":"https:\/\/varietieseym.com.uy\/index.php\/wp-json\/wp\/v2\/product_cat?post=8962"},{"taxonomy":"product_tag","embeddable":true,"href":"https:\/\/varietieseym.com.uy\/index.php\/wp-json\/wp\/v2\/product_tag?post=8962"}],"curies":[{"name":"wp","href":"https:\/\/api.w.org\/{rel}","templated":true}]}}