{"id":8965,"date":"2025-08-31T01:31:22","date_gmt":"2025-08-31T04:31:22","guid":{"rendered":"https:\/\/varietieseym.com.uy\/?post_type=product&#038;p=8965"},"modified":"2025-09-07T14:06:36","modified_gmt":"2025-09-07T17:06:36","slug":"top-coat-dafu-15ml","status":"publish","type":"product","link":"https:\/\/varietieseym.com.uy\/index.php\/producto\/top-coat-dafu-15ml\/","title":{"rendered":"Top Coat Dafu 15ml"},"content":{"rendered":"<p><span dir=\"auto\">El Top Coat UV\/LED Dafu de 15 ml es el acabado ideal para garantizar un brillo excepcional, durabilidad y protecci\u00f3n para u\u00f1as de gel, porcelana, acr\u00edlicas o decoradas. Con una f\u00f3rmula profesional y un acabado transparente, sella el esmalte, forma una pel\u00edcula protectora duradera y promueve una textura suave y uniforme, dejando las u\u00f1as con un aspecto esmaltado y un acabado impecable.<\/span><\/p>\n<p><span dir=\"auto\">Dise\u00f1ado para curarse en un gabinete UV o LED, Dafu Top Coat se seca en solo 2 minutos y es esencial para profesionales de la manicura y dise\u00f1adores de u\u00f1as que buscan resultados duraderos y brillo extremo.<\/span><\/p>\n<p><span dir=\"auto\">Beneficios:<\/span><br \/>\n<span dir=\"auto\">Sella el color del esmalte de u\u00f1as, protegi\u00e9ndolo contra astillas ml y desgaste<\/span><br \/>\n<span dir=\"auto\">Proporciona un acabado de alto brillo<\/span><br \/>\n<span dir=\"auto\">Apto para u\u00f1as de gel, porcelana, acr\u00edlicas o decoradas<\/span><br \/>\n<span dir=\"auto\">Textura suave y acabado profesional<\/span><br \/>\n<span dir=\"auto\">Secado r\u00e1pido en cabina UV o LED (2 minutos)<\/span><br \/>\n<span dir=\"auto\">Transparente y f\u00e1cil de aplicar<\/span><\/p>\n","protected":false},"excerpt":{"rendered":"<p>El Top Coat UV\/LED Dafu de 15 ml es el acabado ideal para garantizar un brillo excepcional, durabilidad y protecci\u00f3n para u\u00f1as de gel, porcelana, acr\u00edlicas o decoradas. Con una f\u00f3rmula profesional y un acabado transparente, sella el esmalte, forma una pel\u00edcula protectora duradera y promueve una textura suave y uniforme, dejando las u\u00f1as con &hellip;<\/p>\n<p class=\"read-more\"> <a class=\"\" href=\"https:\/\/varietieseym.com.uy\/index.php\/producto\/top-coat-dafu-15ml\/\"> <span class=\"screen-reader-text\">Top Coat Dafu 15ml<\/span> Leer m\u00e1s &raquo;<\/a><\/p>\n","protected":false},"featured_media":8966,"template":"","meta":{"_uag_custom_page_level_css":"","site-sidebar-layout":"default","site-content-layout":"","ast-site-content-layout":"default","site-content-style":"default","site-sidebar-style":"default","ast-global-header-display":"","ast-banner-title-visibility":"","ast-main-header-display":"","ast-hfb-above-header-display":"","ast-hfb-below-header-display":"","ast-hfb-mobile-header-display":"","site-post-title":"","ast-breadcrumbs-content":"","ast-featured-img":"","footer-sml-layout":"","theme-transparent-header-meta":"default","adv-header-id-meta":"","stick-header-meta":"","header-above-stick-meta":"","header-main-stick-meta":"","header-below-stick-meta":"","astra-migrate-meta-layouts":"set","_joinchat":[]},"product_brand":[],"product_cat":[198,197,131],"product_tag":[],"class_list":{"0":"post-8965","1":"product","2":"type-product","3":"status-publish","4":"has-post-thumbnail","6":"product_cat-esmaltes-semipermanentes","7":"product_cat-preparadores","8":"product_cat-unas","9":"desktop-align-center","10":"tablet-align-left","11":"mobile-align-left","13":"first","14":"outofstock","15":"shipping-taxable","16":"purchasable","17":"product-type-simple"},"uagb_featured_image_src":{"full":["https:\/\/varietieseym.com.uy\/wp-content\/uploads\/2025\/08\/top-coat-dafu.jpg",873,882,false],"thumbnail":["https:\/\/varietieseym.com.uy\/wp-content\/uploads\/2025\/08\/top-coat-dafu-150x150.jpg",150,150,true],"medium":["https:\/\/varietieseym.com.uy\/wp-content\/uploads\/2025\/08\/top-coat-dafu-297x300.jpg",297,300,true],"medium_large":["https:\/\/varietieseym.com.uy\/wp-content\/uploads\/2025\/08\/top-coat-dafu-768x776.jpg",768,776,true],"large":["https:\/\/varietieseym.com.uy\/wp-content\/uploads\/2025\/08\/top-coat-dafu.jpg",873,882,false],"1536x1536":["https:\/\/varietieseym.com.uy\/wp-content\/uploads\/2025\/08\/top-coat-dafu.jpg",873,882,false],"2048x2048":["https:\/\/varietieseym.com.uy\/wp-content\/uploads\/2025\/08\/top-coat-dafu.jpg",873,882,false],"woocommerce_thumbnail":["https:\/\/varietieseym.com.uy\/wp-content\/uploads\/2025\/08\/top-coat-dafu-300x300.jpg",300,300,true],"woocommerce_single":["https:\/\/varietieseym.com.uy\/wp-content\/uploads\/2025\/08\/top-coat-dafu-600x606.jpg",600,606,true],"woocommerce_gallery_thumbnail":["https:\/\/varietieseym.com.uy\/wp-content\/uploads\/2025\/08\/top-coat-dafu-100x100.jpg",100,100,true]},"uagb_author_info":{"display_name":"Varietieseym","author_link":"https:\/\/varietieseym.com.uy\/index.php\/author\/"},"uagb_comment_info":0,"uagb_excerpt":"El Top Coat UV\/LED Dafu de 15 ml es el acabado ideal para garantizar un brillo excepcional, durabilidad y protecci\u00f3n para u\u00f1as de gel, porcelana, acr\u00edlicas o decoradas. Con una f\u00f3rmula profesional y un acabado transparente, sella el esmalte, forma una pel\u00edcula protectora duradera y promueve una textura suave y uniforme, dejando las u\u00f1as con&hellip;","_links":{"self":[{"href":"https:\/\/varietieseym.com.uy\/index.php\/wp-json\/wp\/v2\/product\/8965","targetHints":{"allow":["GET"]}}],"collection":[{"href":"https:\/\/varietieseym.com.uy\/index.php\/wp-json\/wp\/v2\/product"}],"about":[{"href":"https:\/\/varietieseym.com.uy\/index.php\/wp-json\/wp\/v2\/types\/product"}],"wp:featuredmedia":[{"embeddable":true,"href":"https:\/\/varietieseym.com.uy\/index.php\/wp-json\/wp\/v2\/media\/8966"}],"wp:attachment":[{"href":"https:\/\/varietieseym.com.uy\/index.php\/wp-json\/wp\/v2\/media?parent=8965"}],"wp:term":[{"taxonomy":"product_brand","embeddable":true,"href":"https:\/\/varietieseym.com.uy\/index.php\/wp-json\/wp\/v2\/product_brand?post=8965"},{"taxonomy":"product_cat","embeddable":true,"href":"https:\/\/varietieseym.com.uy\/index.php\/wp-json\/wp\/v2\/product_cat?post=8965"},{"taxonomy":"product_tag","embeddable":true,"href":"https:\/\/varietieseym.com.uy\/index.php\/wp-json\/wp\/v2\/product_tag?post=8965"}],"curies":[{"name":"wp","href":"https:\/\/api.w.org\/{rel}","templated":true}]}}