{"id":8978,"date":"2025-09-06T20:13:42","date_gmt":"2025-09-06T23:13:42","guid":{"rendered":"https:\/\/varietieseym.com.uy\/?post_type=product&#038;p=8978"},"modified":"2026-04-30T15:05:36","modified_gmt":"2026-04-30T18:05:36","slug":"base-rubber-charm-limit-2-en-1-18ml","status":"publish","type":"product","link":"https:\/\/varietieseym.com.uy\/index.php\/producto\/base-rubber-charm-limit-2-en-1-18ml\/","title":{"rendered":"Base Rubber Charm Limit 2 en 1. 18ml"},"content":{"rendered":"<div class=\"x14z9mp xat24cr x1lziwak x1vvkbs xtlvy1s x126k92a\">\n<div dir=\"auto\"><span class=\"html-span xexx8yu xyri2b x18d9i69 x1c1uobl x1hl2dhg x16tdsg8 x1vvkbs x3nfvp2 x1j61x8r x1fcty0u xdj266r xat24cr xm2jcoa x1mpyi22 xxymvpz xlup9mm x1kky2od\"><img loading=\"lazy\" decoding=\"async\" class=\"xz74otr x15mokao x1ga7v0g x16uus16 xbiv7yw\" src=\"https:\/\/static.xx.fbcdn.net\/images\/emoji.php\/v9\/t84\/1\/16\/1f485_1f3fb.png\" alt=\"\ud83d\udc85\ud83c\udffb\" width=\"16\" height=\"16\" \/><\/span><span class=\"html-span xexx8yu xyri2b x18d9i69 x1c1uobl x1hl2dhg x16tdsg8 x1vvkbs x3nfvp2 x1j61x8r x1fcty0u xdj266r xat24cr xm2jcoa x1mpyi22 xxymvpz xlup9mm x1kky2od\"><img loading=\"lazy\" decoding=\"async\" class=\"xz74otr x15mokao x1ga7v0g x16uus16 xbiv7yw\" src=\"https:\/\/static.xx.fbcdn.net\/images\/emoji.php\/v9\/t4c\/1\/16\/25aa.png\" alt=\"\u25aa\ufe0f\" width=\"16\" height=\"16\" \/><\/span>La Base Rubber, fue creada para cubrir imperfecciones de las u\u00f1as y dar volumen a las u\u00f1as d\u00e9biles y delgadas.<\/div>\n<\/div>\n<div class=\"x14z9mp xat24cr x1lziwak x1vvkbs xtlvy1s x126k92a\">\n<div dir=\"auto\"><span class=\"html-span xexx8yu xyri2b x18d9i69 x1c1uobl x1hl2dhg x16tdsg8 x1vvkbs x3nfvp2 x1j61x8r x1fcty0u xdj266r xat24cr xm2jcoa x1mpyi22 xxymvpz xlup9mm x1kky2od\"><img loading=\"lazy\" decoding=\"async\" class=\"xz74otr x15mokao x1ga7v0g x16uus16 xbiv7yw\" src=\"https:\/\/static.xx.fbcdn.net\/images\/emoji.php\/v9\/t84\/1\/16\/1f485_1f3fb.png\" alt=\"\ud83d\udc85\ud83c\udffb\" width=\"16\" height=\"16\" \/><\/span><span class=\"html-span xexx8yu xyri2b x18d9i69 x1c1uobl x1hl2dhg x16tdsg8 x1vvkbs x3nfvp2 x1j61x8r x1fcty0u xdj266r xat24cr xm2jcoa x1mpyi22 xxymvpz xlup9mm x1kky2od\"><img loading=\"lazy\" decoding=\"async\" class=\"xz74otr x15mokao x1ga7v0g x16uus16 xbiv7yw\" src=\"https:\/\/static.xx.fbcdn.net\/images\/emoji.php\/v9\/t4c\/1\/16\/25aa.png\" alt=\"\u25aa\ufe0f\" width=\"16\" height=\"16\" \/><\/span>Gracias a su textura engomada, mejora la adherencia del esmalte de color y le aporta flexibilidad, por tanto, mejora la duraci\u00f3n de la manicura. Por ello es especialmente \u00fatil para las u\u00f1as m\u00e1s fr\u00e1giles y quebradizas<\/div>\n<\/div>\n","protected":false},"excerpt":{"rendered":"<p>La Base Rubber, fue creada para cubrir imperfecciones de las u\u00f1as y dar volumen a las u\u00f1as d\u00e9biles y delgadas. Gracias a su textura engomada, mejora la adherencia del esmalte de color y le aporta flexibilidad, por tanto, mejora la duraci\u00f3n de la manicura. Por ello es especialmente \u00fatil para las u\u00f1as m\u00e1s fr\u00e1giles y &hellip;<\/p>\n<p class=\"read-more\"> <a class=\"\" href=\"https:\/\/varietieseym.com.uy\/index.php\/producto\/base-rubber-charm-limit-2-en-1-18ml\/\"> <span class=\"screen-reader-text\">Base Rubber Charm Limit 2 en 1. 18ml<\/span> Leer m\u00e1s &raquo;<\/a><\/p>\n","protected":false},"featured_media":8979,"template":"","meta":{"_uag_custom_page_level_css":"","site-sidebar-layout":"default","site-content-layout":"","ast-site-content-layout":"default","site-content-style":"default","site-sidebar-style":"default","ast-global-header-display":"","ast-banner-title-visibility":"","ast-main-header-display":"","ast-hfb-above-header-display":"","ast-hfb-below-header-display":"","ast-hfb-mobile-header-display":"","site-post-title":"","ast-breadcrumbs-content":"","ast-featured-img":"","footer-sml-layout":"","theme-transparent-header-meta":"default","adv-header-id-meta":"","stick-header-meta":"","header-above-stick-meta":"","header-main-stick-meta":"","header-below-stick-meta":"","astra-migrate-meta-layouts":"set","_joinchat":[]},"product_brand":[],"product_cat":[198,185,131],"product_tag":[],"class_list":{"0":"post-8978","1":"product","2":"type-product","3":"status-publish","4":"has-post-thumbnail","6":"product_cat-esmaltes-semipermanentes","7":"product_cat-gel-unas","8":"product_cat-unas","9":"desktop-align-center","10":"tablet-align-left","11":"mobile-align-left","13":"first","14":"instock","15":"sale","16":"shipping-taxable","17":"purchasable","18":"product-type-variable"},"uagb_featured_image_src":{"full":["https:\/\/varietieseym.com.uy\/wp-content\/uploads\/2025\/09\/rubber_A-removebg-preview.jpg",512,488,false],"thumbnail":["https:\/\/varietieseym.com.uy\/wp-content\/uploads\/2025\/09\/rubber_A-removebg-preview-150x150.jpg",150,150,true],"medium":["https:\/\/varietieseym.com.uy\/wp-content\/uploads\/2025\/09\/rubber_A-removebg-preview-300x286.jpg",300,286,true],"medium_large":["https:\/\/varietieseym.com.uy\/wp-content\/uploads\/2025\/09\/rubber_A-removebg-preview.jpg",512,488,false],"large":["https:\/\/varietieseym.com.uy\/wp-content\/uploads\/2025\/09\/rubber_A-removebg-preview.jpg",512,488,false],"1536x1536":["https:\/\/varietieseym.com.uy\/wp-content\/uploads\/2025\/09\/rubber_A-removebg-preview.jpg",512,488,false],"2048x2048":["https:\/\/varietieseym.com.uy\/wp-content\/uploads\/2025\/09\/rubber_A-removebg-preview.jpg",512,488,false],"woocommerce_thumbnail":["https:\/\/varietieseym.com.uy\/wp-content\/uploads\/2025\/09\/rubber_A-removebg-preview-300x300.jpg",300,300,true],"woocommerce_single":["https:\/\/varietieseym.com.uy\/wp-content\/uploads\/2025\/09\/rubber_A-removebg-preview.jpg",512,488,false],"woocommerce_gallery_thumbnail":["https:\/\/varietieseym.com.uy\/wp-content\/uploads\/2025\/09\/rubber_A-removebg-preview-100x100.jpg",100,100,true]},"uagb_author_info":{"display_name":"Varietieseym","author_link":"https:\/\/varietieseym.com.uy\/index.php\/author\/"},"uagb_comment_info":0,"uagb_excerpt":"La Base Rubber, fue creada para cubrir imperfecciones de las u\u00f1as y dar volumen a las u\u00f1as d\u00e9biles y delgadas. Gracias a su textura engomada, mejora la adherencia del esmalte de color y le aporta flexibilidad, por tanto, mejora la duraci\u00f3n de la manicura. Por ello es especialmente \u00fatil para las u\u00f1as m\u00e1s fr\u00e1giles y&hellip;","_links":{"self":[{"href":"https:\/\/varietieseym.com.uy\/index.php\/wp-json\/wp\/v2\/product\/8978","targetHints":{"allow":["GET"]}}],"collection":[{"href":"https:\/\/varietieseym.com.uy\/index.php\/wp-json\/wp\/v2\/product"}],"about":[{"href":"https:\/\/varietieseym.com.uy\/index.php\/wp-json\/wp\/v2\/types\/product"}],"wp:featuredmedia":[{"embeddable":true,"href":"https:\/\/varietieseym.com.uy\/index.php\/wp-json\/wp\/v2\/media\/8979"}],"wp:attachment":[{"href":"https:\/\/varietieseym.com.uy\/index.php\/wp-json\/wp\/v2\/media?parent=8978"}],"wp:term":[{"taxonomy":"product_brand","embeddable":true,"href":"https:\/\/varietieseym.com.uy\/index.php\/wp-json\/wp\/v2\/product_brand?post=8978"},{"taxonomy":"product_cat","embeddable":true,"href":"https:\/\/varietieseym.com.uy\/index.php\/wp-json\/wp\/v2\/product_cat?post=8978"},{"taxonomy":"product_tag","embeddable":true,"href":"https:\/\/varietieseym.com.uy\/index.php\/wp-json\/wp\/v2\/product_tag?post=8978"}],"curies":[{"name":"wp","href":"https:\/\/api.w.org\/{rel}","templated":true}]}}