{"id":9004,"date":"2025-09-07T19:35:14","date_gmt":"2025-09-07T22:35:14","guid":{"rendered":"https:\/\/varietieseym.com.uy\/?post_type=product&#038;p=9004"},"modified":"2025-09-07T20:05:18","modified_gmt":"2025-09-07T23:05:18","slug":"jelly-spa-para-pies-pedicura","status":"publish","type":"product","link":"https:\/\/varietieseym.com.uy\/index.php\/producto\/jelly-spa-para-pies-pedicura\/","title":{"rendered":"Jelly Spa Para Pies, Pedicura"},"content":{"rendered":"<ul class=\"a-unordered-list a-vertical a-spacing-mini\">\n<li class=\"a-spacing-mini\"><span class=\"a-list-item\">\ud83d\udc97 Jelly Spa est\u00e1 enriquecido con una variedad de ingredientes para el cuidado de la piel, remoja tus pies en la soluci\u00f3n de ba\u00f1o de pies, tus pies pueden nutrirse completamente, el jelly spa puede bloquear la humedad de la piel y aliviar la sequedad de la piel de tus pies. Mientras hidrata y cuida nuestros pies, tambi\u00e9n elimina eficazmente la piel muerta y elimina el olor de los pies, dejando los pies suaves y hermosos, limpios y saludables.<\/span><\/li>\n<li class=\"a-spacing-mini\"><span class=\"a-list-item\">\ud83d\udc97\u00a0 Alivia eficazmente las piernas doloridas, alivia los nervios musculares, promueve la circulaci\u00f3n sangu\u00ednea, alivia nuestro cuerpo cansado durante todo el d\u00eda, relajaci\u00f3n.<\/span><\/li>\n<li class=\"a-spacing-mini\"><span class=\"a-list-item\">\ud83d\udc97 Los ingredientes de jelly spa para pies son naturales y libres de sustancias nocivas. Extra\u00eddo de extractos de plantas y agregado con sales minerales, di adi\u00f3s a los pies secos y \u00e1speros y da la bienvenida a la piel suave de los pies. Los paquetes de pedicura de gelatina son suaves y no irritantes, adecuados para todo tipo de piel.<\/span><\/li>\n<li class=\"a-spacing-mini\"><span class=\"a-list-item\">\ud83d\udc97 Este\u00a0producto est\u00e1 enriquecido con sales minerales para aliviar la fatiga de las piernas por largas horas de caminata. Proporciona el gel m\u00e1s suave, perfectamente envuelto alrededor de tus pies, remoja tus pies sin arrugarlos, inmersi\u00f3n c\u00f3moda y relajante en el gel de spa.<\/span><\/li>\n<\/ul>\n","protected":false},"excerpt":{"rendered":"<p>\ud83d\udc97 Jelly Spa est\u00e1 enriquecido con una variedad de ingredientes para el cuidado de la piel, remoja tus pies en la soluci\u00f3n de ba\u00f1o de pies, tus pies pueden nutrirse completamente, el jelly spa puede bloquear la humedad de la piel y aliviar la sequedad de la piel de tus pies. Mientras hidrata y cuida &hellip;<\/p>\n<p class=\"read-more\"> <a class=\"\" href=\"https:\/\/varietieseym.com.uy\/index.php\/producto\/jelly-spa-para-pies-pedicura\/\"> <span class=\"screen-reader-text\">Jelly Spa Para Pies, Pedicura<\/span> Leer m\u00e1s &raquo;<\/a><\/p>\n","protected":false},"featured_media":9007,"template":"","meta":{"_uag_custom_page_level_css":"","site-sidebar-layout":"default","site-content-layout":"","ast-site-content-layout":"default","site-content-style":"default","site-sidebar-style":"default","ast-global-header-display":"","ast-banner-title-visibility":"","ast-main-header-display":"","ast-hfb-above-header-display":"","ast-hfb-below-header-display":"","ast-hfb-mobile-header-display":"","site-post-title":"","ast-breadcrumbs-content":"","ast-featured-img":"","footer-sml-layout":"","theme-transparent-header-meta":"default","adv-header-id-meta":"","stick-header-meta":"","header-above-stick-meta":"","header-main-stick-meta":"","header-below-stick-meta":"","astra-migrate-meta-layouts":"set","_joinchat":[]},"product_brand":[],"product_cat":[131,137],"product_tag":[],"class_list":{"0":"post-9004","1":"product","2":"type-product","3":"status-publish","4":"has-post-thumbnail","6":"product_cat-unas","7":"product_cat-otros","8":"desktop-align-center","9":"tablet-align-left","10":"mobile-align-left","12":"first","13":"instock","14":"shipping-taxable","15":"purchasable","16":"product-type-simple"},"uagb_featured_image_src":{"full":["https:\/\/varietieseym.com.uy\/wp-content\/uploads\/2025\/09\/jelly-spa-.jpg",879,877,false],"thumbnail":["https:\/\/varietieseym.com.uy\/wp-content\/uploads\/2025\/09\/jelly-spa--150x150.jpg",150,150,true],"medium":["https:\/\/varietieseym.com.uy\/wp-content\/uploads\/2025\/09\/jelly-spa--300x300.jpg",300,300,true],"medium_large":["https:\/\/varietieseym.com.uy\/wp-content\/uploads\/2025\/09\/jelly-spa--768x766.jpg",768,766,true],"large":["https:\/\/varietieseym.com.uy\/wp-content\/uploads\/2025\/09\/jelly-spa-.jpg",879,877,false],"1536x1536":["https:\/\/varietieseym.com.uy\/wp-content\/uploads\/2025\/09\/jelly-spa-.jpg",879,877,false],"2048x2048":["https:\/\/varietieseym.com.uy\/wp-content\/uploads\/2025\/09\/jelly-spa-.jpg",879,877,false],"woocommerce_thumbnail":["https:\/\/varietieseym.com.uy\/wp-content\/uploads\/2025\/09\/jelly-spa--300x300.jpg",300,300,true],"woocommerce_single":["https:\/\/varietieseym.com.uy\/wp-content\/uploads\/2025\/09\/jelly-spa--600x599.jpg",600,599,true],"woocommerce_gallery_thumbnail":["https:\/\/varietieseym.com.uy\/wp-content\/uploads\/2025\/09\/jelly-spa--100x100.jpg",100,100,true]},"uagb_author_info":{"display_name":"Varietieseym","author_link":"https:\/\/varietieseym.com.uy\/index.php\/author\/"},"uagb_comment_info":0,"uagb_excerpt":"\ud83d\udc97 Jelly Spa est\u00e1 enriquecido con una variedad de ingredientes para el cuidado de la piel, remoja tus pies en la soluci\u00f3n de ba\u00f1o de pies, tus pies pueden nutrirse completamente, el jelly spa puede bloquear la humedad de la piel y aliviar la sequedad de la piel de tus pies. Mientras hidrata y cuida&hellip;","_links":{"self":[{"href":"https:\/\/varietieseym.com.uy\/index.php\/wp-json\/wp\/v2\/product\/9004","targetHints":{"allow":["GET"]}}],"collection":[{"href":"https:\/\/varietieseym.com.uy\/index.php\/wp-json\/wp\/v2\/product"}],"about":[{"href":"https:\/\/varietieseym.com.uy\/index.php\/wp-json\/wp\/v2\/types\/product"}],"wp:featuredmedia":[{"embeddable":true,"href":"https:\/\/varietieseym.com.uy\/index.php\/wp-json\/wp\/v2\/media\/9007"}],"wp:attachment":[{"href":"https:\/\/varietieseym.com.uy\/index.php\/wp-json\/wp\/v2\/media?parent=9004"}],"wp:term":[{"taxonomy":"product_brand","embeddable":true,"href":"https:\/\/varietieseym.com.uy\/index.php\/wp-json\/wp\/v2\/product_brand?post=9004"},{"taxonomy":"product_cat","embeddable":true,"href":"https:\/\/varietieseym.com.uy\/index.php\/wp-json\/wp\/v2\/product_cat?post=9004"},{"taxonomy":"product_tag","embeddable":true,"href":"https:\/\/varietieseym.com.uy\/index.php\/wp-json\/wp\/v2\/product_tag?post=9004"}],"curies":[{"name":"wp","href":"https:\/\/api.w.org\/{rel}","templated":true}]}}