{"id":9010,"date":"2025-09-07T20:56:38","date_gmt":"2025-09-07T23:56:38","guid":{"rendered":"https:\/\/varietieseym.com.uy\/?post_type=product&#038;p=9010"},"modified":"2026-02-19T17:17:54","modified_gmt":"2026-02-19T20:17:54","slug":"bomba-efervescente-para-pies-15g-10-unid-pedicura-spa","status":"publish","type":"product","link":"https:\/\/varietieseym.com.uy\/index.php\/producto\/bomba-efervescente-para-pies-15g-10-unid-pedicura-spa\/","title":{"rendered":"Bomba Efervescente para pies 15g, 10 unid Pedicura, Spa"},"content":{"rendered":"<ul class=\"a-unordered-list a-vertical a-spacing-mini\">\n<li class=\"a-spacing-mini\"><span class=\"a-list-item\">Cada bomba efervescente est\u00e1 perfumada exclusivamente con un aceite esencial puro: lavanda, rosa, ramita de morera, aceite de melocot\u00f3n, lirios, menta, leche; todos los aceites esenciales ofrecen efectos perfumantes de mayor duraci\u00f3n.<\/span><\/li>\n<li class=\"a-spacing-mini\"><span class=\"a-list-item\">Ingredientes naturales y org\u00e1nicos no contiene productos qu\u00edmicos ni aditivos irritantes, los ingredientes son seguros. Los pigmentos naturales a\u00f1adidos pueden traer burbujas de colores. Despu\u00e9s de su uso, no dejar\u00e1 rastros en la piel, por lo que puedes disfrutar\u00a0 con tranquilidad.<\/span><\/li>\n<li class=\"a-spacing-mini\"><span class=\"a-list-item\"><span dir=\"auto\">Maravilloso efecto burbujeante gracias al alto contenido de ingredientes org\u00e1nicos naturales para el cuidado de la piel, por lo que puede flotar en el agua y difundir burbujas de color, cada bomba tiene una variedad de composici\u00f3n de color para brindarle la mejor fiesta visual.<\/span><\/span><\/li>\n<\/ul>\n","protected":false},"excerpt":{"rendered":"<p>Cada bomba efervescente est\u00e1 perfumada exclusivamente con un aceite esencial puro: lavanda, rosa, ramita de morera, aceite de melocot\u00f3n, lirios, menta, leche; todos los aceites esenciales ofrecen efectos perfumantes de mayor duraci\u00f3n. Ingredientes naturales y org\u00e1nicos no contiene productos qu\u00edmicos ni aditivos irritantes, los ingredientes son seguros. Los pigmentos naturales a\u00f1adidos pueden traer burbujas de &hellip;<\/p>\n<p class=\"read-more\"> <a class=\"\" href=\"https:\/\/varietieseym.com.uy\/index.php\/producto\/bomba-efervescente-para-pies-15g-10-unid-pedicura-spa\/\"> <span class=\"screen-reader-text\">Bomba Efervescente para pies 15g, 10 unid Pedicura, Spa<\/span> Leer m\u00e1s &raquo;<\/a><\/p>\n","protected":false},"featured_media":9014,"template":"","meta":{"_uag_custom_page_level_css":"","site-sidebar-layout":"default","site-content-layout":"","ast-site-content-layout":"default","site-content-style":"default","site-sidebar-style":"default","ast-global-header-display":"","ast-banner-title-visibility":"","ast-main-header-display":"","ast-hfb-above-header-display":"","ast-hfb-below-header-display":"","ast-hfb-mobile-header-display":"","site-post-title":"","ast-breadcrumbs-content":"","ast-featured-img":"","footer-sml-layout":"","theme-transparent-header-meta":"default","adv-header-id-meta":"","stick-header-meta":"","header-above-stick-meta":"","header-main-stick-meta":"","header-below-stick-meta":"","astra-migrate-meta-layouts":"set","_joinchat":[]},"product_brand":[],"product_cat":[131,137],"product_tag":[],"class_list":{"0":"post-9010","1":"product","2":"type-product","3":"status-publish","4":"has-post-thumbnail","6":"product_cat-unas","7":"product_cat-otros","8":"desktop-align-center","9":"tablet-align-left","10":"mobile-align-left","12":"first","13":"instock","14":"shipping-taxable","15":"purchasable","16":"product-type-simple"},"uagb_featured_image_src":{"full":["https:\/\/varietieseym.com.uy\/wp-content\/uploads\/2025\/09\/bolas-efervecente-1.jpg",886,870,false],"thumbnail":["https:\/\/varietieseym.com.uy\/wp-content\/uploads\/2025\/09\/bolas-efervecente-1-150x150.jpg",150,150,true],"medium":["https:\/\/varietieseym.com.uy\/wp-content\/uploads\/2025\/09\/bolas-efervecente-1-300x295.jpg",300,295,true],"medium_large":["https:\/\/varietieseym.com.uy\/wp-content\/uploads\/2025\/09\/bolas-efervecente-1-768x754.jpg",768,754,true],"large":["https:\/\/varietieseym.com.uy\/wp-content\/uploads\/2025\/09\/bolas-efervecente-1.jpg",886,870,false],"1536x1536":["https:\/\/varietieseym.com.uy\/wp-content\/uploads\/2025\/09\/bolas-efervecente-1.jpg",886,870,false],"2048x2048":["https:\/\/varietieseym.com.uy\/wp-content\/uploads\/2025\/09\/bolas-efervecente-1.jpg",886,870,false],"woocommerce_thumbnail":["https:\/\/varietieseym.com.uy\/wp-content\/uploads\/2025\/09\/bolas-efervecente-1-300x300.jpg",300,300,true],"woocommerce_single":["https:\/\/varietieseym.com.uy\/wp-content\/uploads\/2025\/09\/bolas-efervecente-1-600x589.jpg",600,589,true],"woocommerce_gallery_thumbnail":["https:\/\/varietieseym.com.uy\/wp-content\/uploads\/2025\/09\/bolas-efervecente-1-100x100.jpg",100,100,true]},"uagb_author_info":{"display_name":"Varietieseym","author_link":"https:\/\/varietieseym.com.uy\/index.php\/author\/"},"uagb_comment_info":0,"uagb_excerpt":"Cada bomba efervescente est\u00e1 perfumada exclusivamente con un aceite esencial puro: lavanda, rosa, ramita de morera, aceite de melocot\u00f3n, lirios, menta, leche; todos los aceites esenciales ofrecen efectos perfumantes de mayor duraci\u00f3n. Ingredientes naturales y org\u00e1nicos no contiene productos qu\u00edmicos ni aditivos irritantes, los ingredientes son seguros. Los pigmentos naturales a\u00f1adidos pueden traer burbujas de&hellip;","_links":{"self":[{"href":"https:\/\/varietieseym.com.uy\/index.php\/wp-json\/wp\/v2\/product\/9010","targetHints":{"allow":["GET"]}}],"collection":[{"href":"https:\/\/varietieseym.com.uy\/index.php\/wp-json\/wp\/v2\/product"}],"about":[{"href":"https:\/\/varietieseym.com.uy\/index.php\/wp-json\/wp\/v2\/types\/product"}],"wp:featuredmedia":[{"embeddable":true,"href":"https:\/\/varietieseym.com.uy\/index.php\/wp-json\/wp\/v2\/media\/9014"}],"wp:attachment":[{"href":"https:\/\/varietieseym.com.uy\/index.php\/wp-json\/wp\/v2\/media?parent=9010"}],"wp:term":[{"taxonomy":"product_brand","embeddable":true,"href":"https:\/\/varietieseym.com.uy\/index.php\/wp-json\/wp\/v2\/product_brand?post=9010"},{"taxonomy":"product_cat","embeddable":true,"href":"https:\/\/varietieseym.com.uy\/index.php\/wp-json\/wp\/v2\/product_cat?post=9010"},{"taxonomy":"product_tag","embeddable":true,"href":"https:\/\/varietieseym.com.uy\/index.php\/wp-json\/wp\/v2\/product_tag?post=9010"}],"curies":[{"name":"wp","href":"https:\/\/api.w.org\/{rel}","templated":true}]}}