{"id":9129,"date":"2025-09-23T15:22:07","date_gmt":"2025-09-23T18:22:07","guid":{"rendered":"https:\/\/varietieseym.com.uy\/?post_type=product&#038;p=9129"},"modified":"2026-04-30T15:05:37","modified_gmt":"2026-04-30T18:05:37","slug":"esmaltes-semipermanentes-dafu-coleccion-brown-tone","status":"publish","type":"product","link":"https:\/\/varietieseym.com.uy\/index.php\/producto\/esmaltes-semipermanentes-dafu-coleccion-brown-tone\/","title":{"rendered":"Esmaltes Semipermanentes Dafu,  Colecci\u00f3n Brown Tone"},"content":{"rendered":"<p class=\"QN2lPu\"><span dir=\"auto\">Sum\u00e9rgete en la sofisticaci\u00f3n de los tonos tierra de esmaltes en gel DAFU &#8211; Colecci\u00f3n Tom de Marrom. <\/span><\/p>\n<p class=\"QN2lPu\"><span dir=\"auto\">12 colores exclusivos que abarcan desde tonos c\u00e1lidos como el terracota y el chocolate hasta tonos marrones frescos y elegantes, ideales para cualquier ocasi\u00f3n.<\/span><\/p>\n<p class=\"QN2lPu\"><span dir=\"auto\">\ud83d\udc85 Esmaltes de u\u00f1as en gel con secado en cabina<\/span><\/p>\n<p class=\"QN2lPu\"><span dir=\"auto\">\ud83d\udc85 Alta cobertura y excelente pigmentaci\u00f3n.<\/span><\/p>\n<p class=\"QN2lPu\"><span dir=\"auto\">\ud83d\udc85 F\u00f3rmula duradera y f\u00e1cil de aplicar.<\/span><\/p>\n<p class=\"QN2lPu\"><span dir=\"auto\">\ud83d\udc85 Botellas de 10 ml: m\u00e1s ahorro y rendimiento<\/span><\/p>\n<p class=\"QN2lPu\"><span dir=\"auto\">Ya sea para uso profesional o personal, este kit es la opci\u00f3n perfecta para quienes aman las u\u00f1as elegantes y con personalidad.<\/span><\/p>\n<p class=\"QN2lPu\">\n","protected":false},"excerpt":{"rendered":"<p>Sum\u00e9rgete en la sofisticaci\u00f3n de los tonos tierra de esmaltes en gel DAFU &#8211; Colecci\u00f3n Tom de Marrom. 12 colores exclusivos que abarcan desde tonos c\u00e1lidos como el terracota y el chocolate hasta tonos marrones frescos y elegantes, ideales para cualquier ocasi\u00f3n. \ud83d\udc85 Esmaltes de u\u00f1as en gel con secado en cabina \ud83d\udc85 Alta cobertura &hellip;<\/p>\n<p class=\"read-more\"> <a class=\"\" href=\"https:\/\/varietieseym.com.uy\/index.php\/producto\/esmaltes-semipermanentes-dafu-coleccion-brown-tone\/\"> <span class=\"screen-reader-text\">Esmaltes Semipermanentes Dafu,  Colecci\u00f3n Brown Tone<\/span> Leer m\u00e1s &raquo;<\/a><\/p>\n","protected":false},"featured_media":9142,"template":"","meta":{"_uag_custom_page_level_css":"","site-sidebar-layout":"default","site-content-layout":"","ast-site-content-layout":"default","site-content-style":"default","site-sidebar-style":"default","ast-global-header-display":"","ast-banner-title-visibility":"","ast-main-header-display":"","ast-hfb-above-header-display":"","ast-hfb-below-header-display":"","ast-hfb-mobile-header-display":"","site-post-title":"","ast-breadcrumbs-content":"","ast-featured-img":"","footer-sml-layout":"","theme-transparent-header-meta":"default","adv-header-id-meta":"","stick-header-meta":"","header-above-stick-meta":"","header-main-stick-meta":"","header-below-stick-meta":"","astra-migrate-meta-layouts":"set","_joinchat":[]},"product_brand":[],"product_cat":[198,131],"product_tag":[],"class_list":{"0":"post-9129","1":"product","2":"type-product","3":"status-publish","4":"has-post-thumbnail","6":"product_cat-esmaltes-semipermanentes","7":"product_cat-unas","8":"desktop-align-center","9":"tablet-align-left","10":"mobile-align-left","12":"first","13":"instock","14":"shipping-taxable","15":"purchasable","16":"product-type-variable"},"uagb_featured_image_src":{"full":["https:\/\/varietieseym.com.uy\/wp-content\/uploads\/2025\/09\/dafu-marrones.jpg",552,629,false],"thumbnail":["https:\/\/varietieseym.com.uy\/wp-content\/uploads\/2025\/09\/dafu-marrones-150x150.jpg",150,150,true],"medium":["https:\/\/varietieseym.com.uy\/wp-content\/uploads\/2025\/09\/dafu-marrones-263x300.jpg",263,300,true],"medium_large":["https:\/\/varietieseym.com.uy\/wp-content\/uploads\/2025\/09\/dafu-marrones.jpg",552,629,false],"large":["https:\/\/varietieseym.com.uy\/wp-content\/uploads\/2025\/09\/dafu-marrones.jpg",552,629,false],"1536x1536":["https:\/\/varietieseym.com.uy\/wp-content\/uploads\/2025\/09\/dafu-marrones.jpg",552,629,false],"2048x2048":["https:\/\/varietieseym.com.uy\/wp-content\/uploads\/2025\/09\/dafu-marrones.jpg",552,629,false],"woocommerce_thumbnail":["https:\/\/varietieseym.com.uy\/wp-content\/uploads\/2025\/09\/dafu-marrones-300x300.jpg",300,300,true],"woocommerce_single":["https:\/\/varietieseym.com.uy\/wp-content\/uploads\/2025\/09\/dafu-marrones.jpg",552,629,false],"woocommerce_gallery_thumbnail":["https:\/\/varietieseym.com.uy\/wp-content\/uploads\/2025\/09\/dafu-marrones-100x100.jpg",100,100,true]},"uagb_author_info":{"display_name":"Varietieseym","author_link":"https:\/\/varietieseym.com.uy\/index.php\/author\/"},"uagb_comment_info":0,"uagb_excerpt":"Sum\u00e9rgete en la sofisticaci\u00f3n de los tonos tierra de esmaltes en gel DAFU &#8211; Colecci\u00f3n Tom de Marrom. 12 colores exclusivos que abarcan desde tonos c\u00e1lidos como el terracota y el chocolate hasta tonos marrones frescos y elegantes, ideales para cualquier ocasi\u00f3n. \ud83d\udc85 Esmaltes de u\u00f1as en gel con secado en cabina \ud83d\udc85 Alta cobertura&hellip;","_links":{"self":[{"href":"https:\/\/varietieseym.com.uy\/index.php\/wp-json\/wp\/v2\/product\/9129","targetHints":{"allow":["GET"]}}],"collection":[{"href":"https:\/\/varietieseym.com.uy\/index.php\/wp-json\/wp\/v2\/product"}],"about":[{"href":"https:\/\/varietieseym.com.uy\/index.php\/wp-json\/wp\/v2\/types\/product"}],"wp:featuredmedia":[{"embeddable":true,"href":"https:\/\/varietieseym.com.uy\/index.php\/wp-json\/wp\/v2\/media\/9142"}],"wp:attachment":[{"href":"https:\/\/varietieseym.com.uy\/index.php\/wp-json\/wp\/v2\/media?parent=9129"}],"wp:term":[{"taxonomy":"product_brand","embeddable":true,"href":"https:\/\/varietieseym.com.uy\/index.php\/wp-json\/wp\/v2\/product_brand?post=9129"},{"taxonomy":"product_cat","embeddable":true,"href":"https:\/\/varietieseym.com.uy\/index.php\/wp-json\/wp\/v2\/product_cat?post=9129"},{"taxonomy":"product_tag","embeddable":true,"href":"https:\/\/varietieseym.com.uy\/index.php\/wp-json\/wp\/v2\/product_tag?post=9129"}],"curies":[{"name":"wp","href":"https:\/\/api.w.org\/{rel}","templated":true}]}}