{"id":9208,"date":"2025-10-11T18:24:07","date_gmt":"2025-10-11T21:24:07","guid":{"rendered":"https:\/\/varietieseym.com.uy\/?post_type=product&#038;p=9208"},"modified":"2026-03-03T13:20:24","modified_gmt":"2026-03-03T16:20:24","slug":"iman-para-esmaltes-magneticos-ojo-de-gato","status":"publish","type":"product","link":"https:\/\/varietieseym.com.uy\/index.php\/producto\/iman-para-esmaltes-magneticos-ojo-de-gato\/","title":{"rendered":"Im\u00e1n para esmaltes magn\u00e9ticos (ojo de gato)"},"content":{"rendered":"<p>La forma \u00fanica del im\u00e1n cil\u00edndrico ayuda a crear un estilo de ojo de gato m\u00e1s hermoso.<\/p>\n<p>Puedes usar esmalte de u\u00f1as tipo ojo de gato para crear tu propio dise\u00f1o y aplicarlo y remojarlo f\u00e1cilmente.<\/p>\n<p>Est\u00e1 hecho de alta calidad, con fuerte atracci\u00f3n y repulsi\u00f3n magn\u00e9tica.<\/p>\n<p>Tama\u00f1o peque\u00f1o, peso ligero, f\u00e1cil de transportar y f\u00e1cil de almacenar.<\/p>\n<p>Adecuado para artistas de u\u00f1as experimentados y principiantes sin experiencia.<\/p>\n","protected":false},"excerpt":{"rendered":"<p>La forma \u00fanica del im\u00e1n cil\u00edndrico ayuda a crear un estilo de ojo de gato m\u00e1s hermoso. Puedes usar esmalte de u\u00f1as tipo ojo de gato para crear tu propio dise\u00f1o y aplicarlo y remojarlo f\u00e1cilmente. Est\u00e1 hecho de alta calidad, con fuerte atracci\u00f3n y repulsi\u00f3n magn\u00e9tica. Tama\u00f1o peque\u00f1o, peso ligero, f\u00e1cil de transportar y &hellip;<\/p>\n<p class=\"read-more\"> <a class=\"\" href=\"https:\/\/varietieseym.com.uy\/index.php\/producto\/iman-para-esmaltes-magneticos-ojo-de-gato\/\"> <span class=\"screen-reader-text\">Im\u00e1n para esmaltes magn\u00e9ticos (ojo de gato)<\/span> Leer m\u00e1s &raquo;<\/a><\/p>\n","protected":false},"featured_media":9210,"template":"","meta":{"_uag_custom_page_level_css":"","site-sidebar-layout":"default","site-content-layout":"","ast-site-content-layout":"default","site-content-style":"default","site-sidebar-style":"default","ast-global-header-display":"","ast-banner-title-visibility":"","ast-main-header-display":"","ast-hfb-above-header-display":"","ast-hfb-below-header-display":"","ast-hfb-mobile-header-display":"","site-post-title":"","ast-breadcrumbs-content":"","ast-featured-img":"","footer-sml-layout":"","theme-transparent-header-meta":"default","adv-header-id-meta":"","stick-header-meta":"","header-above-stick-meta":"","header-main-stick-meta":"","header-below-stick-meta":"","astra-migrate-meta-layouts":"set","_joinchat":[]},"product_brand":[],"product_cat":[151,131],"product_tag":[],"class_list":{"0":"post-9208","1":"product","2":"type-product","3":"status-publish","4":"has-post-thumbnail","6":"product_cat-accesorios","7":"product_cat-unas","8":"desktop-align-center","9":"tablet-align-left","10":"mobile-align-left","12":"first","13":"instock","14":"shipping-taxable","15":"purchasable","16":"product-type-simple"},"uagb_featured_image_src":{"full":["https:\/\/varietieseym.com.uy\/wp-content\/uploads\/2025\/10\/iman-2.jpg",882,877,false],"thumbnail":["https:\/\/varietieseym.com.uy\/wp-content\/uploads\/2025\/10\/iman-2-150x150.jpg",150,150,true],"medium":["https:\/\/varietieseym.com.uy\/wp-content\/uploads\/2025\/10\/iman-2-300x298.jpg",300,298,true],"medium_large":["https:\/\/varietieseym.com.uy\/wp-content\/uploads\/2025\/10\/iman-2-768x764.jpg",768,764,true],"large":["https:\/\/varietieseym.com.uy\/wp-content\/uploads\/2025\/10\/iman-2.jpg",882,877,false],"1536x1536":["https:\/\/varietieseym.com.uy\/wp-content\/uploads\/2025\/10\/iman-2.jpg",882,877,false],"2048x2048":["https:\/\/varietieseym.com.uy\/wp-content\/uploads\/2025\/10\/iman-2.jpg",882,877,false],"woocommerce_thumbnail":["https:\/\/varietieseym.com.uy\/wp-content\/uploads\/2025\/10\/iman-2-300x300.jpg",300,300,true],"woocommerce_single":["https:\/\/varietieseym.com.uy\/wp-content\/uploads\/2025\/10\/iman-2-600x597.jpg",600,597,true],"woocommerce_gallery_thumbnail":["https:\/\/varietieseym.com.uy\/wp-content\/uploads\/2025\/10\/iman-2-100x100.jpg",100,100,true]},"uagb_author_info":{"display_name":"Varietieseym","author_link":"https:\/\/varietieseym.com.uy\/index.php\/author\/"},"uagb_comment_info":0,"uagb_excerpt":"La forma \u00fanica del im\u00e1n cil\u00edndrico ayuda a crear un estilo de ojo de gato m\u00e1s hermoso. Puedes usar esmalte de u\u00f1as tipo ojo de gato para crear tu propio dise\u00f1o y aplicarlo y remojarlo f\u00e1cilmente. Est\u00e1 hecho de alta calidad, con fuerte atracci\u00f3n y repulsi\u00f3n magn\u00e9tica. Tama\u00f1o peque\u00f1o, peso ligero, f\u00e1cil de transportar y&hellip;","_links":{"self":[{"href":"https:\/\/varietieseym.com.uy\/index.php\/wp-json\/wp\/v2\/product\/9208","targetHints":{"allow":["GET"]}}],"collection":[{"href":"https:\/\/varietieseym.com.uy\/index.php\/wp-json\/wp\/v2\/product"}],"about":[{"href":"https:\/\/varietieseym.com.uy\/index.php\/wp-json\/wp\/v2\/types\/product"}],"wp:featuredmedia":[{"embeddable":true,"href":"https:\/\/varietieseym.com.uy\/index.php\/wp-json\/wp\/v2\/media\/9210"}],"wp:attachment":[{"href":"https:\/\/varietieseym.com.uy\/index.php\/wp-json\/wp\/v2\/media?parent=9208"}],"wp:term":[{"taxonomy":"product_brand","embeddable":true,"href":"https:\/\/varietieseym.com.uy\/index.php\/wp-json\/wp\/v2\/product_brand?post=9208"},{"taxonomy":"product_cat","embeddable":true,"href":"https:\/\/varietieseym.com.uy\/index.php\/wp-json\/wp\/v2\/product_cat?post=9208"},{"taxonomy":"product_tag","embeddable":true,"href":"https:\/\/varietieseym.com.uy\/index.php\/wp-json\/wp\/v2\/product_tag?post=9208"}],"curies":[{"name":"wp","href":"https:\/\/api.w.org\/{rel}","templated":true}]}}