{"id":9211,"date":"2025-10-11T18:28:50","date_gmt":"2025-10-11T21:28:50","guid":{"rendered":"https:\/\/varietieseym.com.uy\/?post_type=product&#038;p=9211"},"modified":"2025-10-11T18:28:50","modified_gmt":"2025-10-11T21:28:50","slug":"iman-para-esmaltes-magneticos-ojo-de-gato-2","status":"publish","type":"product","link":"https:\/\/varietieseym.com.uy\/index.php\/producto\/iman-para-esmaltes-magneticos-ojo-de-gato-2\/","title":{"rendered":"Im\u00e1n para esmaltes magn\u00e9ticos (ojo de gato)"},"content":{"rendered":"<div class=\"js-product-left-col span7 p-relative\" data-store=\"product-image-182999057\">\n<div class=\"description product-description product-description-desktop visible-when-content-ready user-content clear-both hidden-phone pull-left m-top\" data-store=\"product-description-182999057\">\n<p>\u00a1Transforma tu manicure con nuestro\u00a0<strong>Im\u00e1n Ojo de Gato para U\u00f1as<\/strong>! Este innovador accesorio es ideal para crear efectos deslumbrantes en tus u\u00f1as, d\u00e1ndole un toque sofisticado y \u00fanico a tu estilo.<\/p>\n<p><strong>Caracter\u00edsticas del Producto:<\/strong><\/p>\n<ul>\n<li><strong>Efecto Hipnotizante:<\/strong>\u00a0Crea un acabado en 3D que captura la luz de manera espectacular.<\/li>\n<li><strong>F\u00e1cil de Usar:<\/strong>\u00a0Solo necesitas aplicarlo sobre esmalte de u\u00f1as magn\u00e9tico para lograr el efecto deseado.<\/li>\n<li><strong>Durabilidad:<\/strong>\u00a0Dise\u00f1ado con materiales de calidad para un uso prolongado.<\/li>\n<\/ul>\n<\/div>\n<\/div>\n<div class=\"js-product-right-col span5\" data-store=\"product-info-182999057\">\n<div class=\"product-form-container\">\n<form id=\"product_form\" class=\"js-product-form display-when-content-ready product-form clear-both\" action=\"https:\/\/fevernails.com.ar\/comprar\/\" method=\"post\" data-store=\"product-form-182999057\">\n<div class=\"product-banner-service d-flex m-top p-top-half m-bottom p-bottom-half\">\n<div class=\"product-banner-service-text\">\n<div><\/div>\n<\/div>\n<\/div>\n<\/form>\n<\/div>\n<\/div>\n","protected":false},"excerpt":{"rendered":"<p>\u00a1Transforma tu manicure con nuestro\u00a0Im\u00e1n Ojo de Gato para U\u00f1as! Este innovador accesorio es ideal para crear efectos deslumbrantes en tus u\u00f1as, d\u00e1ndole un toque sofisticado y \u00fanico a tu estilo. Caracter\u00edsticas del Producto: Efecto Hipnotizante:\u00a0Crea un acabado en 3D que captura la luz de manera espectacular. F\u00e1cil de Usar:\u00a0Solo necesitas aplicarlo sobre esmalte de &hellip;<\/p>\n<p class=\"read-more\"> <a class=\"\" href=\"https:\/\/varietieseym.com.uy\/index.php\/producto\/iman-para-esmaltes-magneticos-ojo-de-gato-2\/\"> <span class=\"screen-reader-text\">Im\u00e1n para esmaltes magn\u00e9ticos (ojo de gato)<\/span> Leer m\u00e1s &raquo;<\/a><\/p>\n","protected":false},"featured_media":9212,"template":"","meta":{"_uag_custom_page_level_css":"","site-sidebar-layout":"default","site-content-layout":"","ast-site-content-layout":"default","site-content-style":"default","site-sidebar-style":"default","ast-global-header-display":"","ast-banner-title-visibility":"","ast-main-header-display":"","ast-hfb-above-header-display":"","ast-hfb-below-header-display":"","ast-hfb-mobile-header-display":"","site-post-title":"","ast-breadcrumbs-content":"","ast-featured-img":"","footer-sml-layout":"","theme-transparent-header-meta":"default","adv-header-id-meta":"","stick-header-meta":"","header-above-stick-meta":"","header-main-stick-meta":"","header-below-stick-meta":"","astra-migrate-meta-layouts":"set","_joinchat":[]},"product_brand":[],"product_cat":[151,131],"product_tag":[],"class_list":{"0":"post-9211","1":"product","2":"type-product","3":"status-publish","4":"has-post-thumbnail","6":"product_cat-accesorios","7":"product_cat-unas","8":"desktop-align-center","9":"tablet-align-left","10":"mobile-align-left","12":"first","13":"instock","14":"shipping-taxable","15":"purchasable","16":"product-type-simple"},"uagb_featured_image_src":{"full":["https:\/\/varietieseym.com.uy\/wp-content\/uploads\/2025\/10\/iman-doble.jpg",880,880,false],"thumbnail":["https:\/\/varietieseym.com.uy\/wp-content\/uploads\/2025\/10\/iman-doble-150x150.jpg",150,150,true],"medium":["https:\/\/varietieseym.com.uy\/wp-content\/uploads\/2025\/10\/iman-doble-300x300.jpg",300,300,true],"medium_large":["https:\/\/varietieseym.com.uy\/wp-content\/uploads\/2025\/10\/iman-doble-768x768.jpg",768,768,true],"large":["https:\/\/varietieseym.com.uy\/wp-content\/uploads\/2025\/10\/iman-doble.jpg",880,880,false],"1536x1536":["https:\/\/varietieseym.com.uy\/wp-content\/uploads\/2025\/10\/iman-doble.jpg",880,880,false],"2048x2048":["https:\/\/varietieseym.com.uy\/wp-content\/uploads\/2025\/10\/iman-doble.jpg",880,880,false],"woocommerce_thumbnail":["https:\/\/varietieseym.com.uy\/wp-content\/uploads\/2025\/10\/iman-doble-300x300.jpg",300,300,true],"woocommerce_single":["https:\/\/varietieseym.com.uy\/wp-content\/uploads\/2025\/10\/iman-doble-600x600.jpg",600,600,true],"woocommerce_gallery_thumbnail":["https:\/\/varietieseym.com.uy\/wp-content\/uploads\/2025\/10\/iman-doble-100x100.jpg",100,100,true]},"uagb_author_info":{"display_name":"Varietieseym","author_link":"https:\/\/varietieseym.com.uy\/index.php\/author\/"},"uagb_comment_info":0,"uagb_excerpt":"\u00a1Transforma tu manicure con nuestro\u00a0Im\u00e1n Ojo de Gato para U\u00f1as! Este innovador accesorio es ideal para crear efectos deslumbrantes en tus u\u00f1as, d\u00e1ndole un toque sofisticado y \u00fanico a tu estilo. Caracter\u00edsticas del Producto: Efecto Hipnotizante:\u00a0Crea un acabado en 3D que captura la luz de manera espectacular. F\u00e1cil de Usar:\u00a0Solo necesitas aplicarlo sobre esmalte de&hellip;","_links":{"self":[{"href":"https:\/\/varietieseym.com.uy\/index.php\/wp-json\/wp\/v2\/product\/9211","targetHints":{"allow":["GET"]}}],"collection":[{"href":"https:\/\/varietieseym.com.uy\/index.php\/wp-json\/wp\/v2\/product"}],"about":[{"href":"https:\/\/varietieseym.com.uy\/index.php\/wp-json\/wp\/v2\/types\/product"}],"wp:featuredmedia":[{"embeddable":true,"href":"https:\/\/varietieseym.com.uy\/index.php\/wp-json\/wp\/v2\/media\/9212"}],"wp:attachment":[{"href":"https:\/\/varietieseym.com.uy\/index.php\/wp-json\/wp\/v2\/media?parent=9211"}],"wp:term":[{"taxonomy":"product_brand","embeddable":true,"href":"https:\/\/varietieseym.com.uy\/index.php\/wp-json\/wp\/v2\/product_brand?post=9211"},{"taxonomy":"product_cat","embeddable":true,"href":"https:\/\/varietieseym.com.uy\/index.php\/wp-json\/wp\/v2\/product_cat?post=9211"},{"taxonomy":"product_tag","embeddable":true,"href":"https:\/\/varietieseym.com.uy\/index.php\/wp-json\/wp\/v2\/product_tag?post=9211"}],"curies":[{"name":"wp","href":"https:\/\/api.w.org\/{rel}","templated":true}]}}