{"id":9280,"date":"2025-11-08T21:31:11","date_gmt":"2025-11-09T00:31:11","guid":{"rendered":"https:\/\/varietieseym.com.uy\/?post_type=product&#038;p=9280"},"modified":"2026-03-10T17:07:02","modified_gmt":"2026-03-10T20:07:02","slug":"pegamento-para-pestanas-ardell","status":"publish","type":"product","link":"https:\/\/varietieseym.com.uy\/index.php\/producto\/pegamento-para-pestanas-ardell\/","title":{"rendered":"Pegamento para Pesta\u00f1as Ardell"},"content":{"rendered":"<p>El adhesivo Ardell proporciona un rendimiento confiable cuando se trata de asegurar tus pesta\u00f1as postizas para que se mezclen perfectamente con tus pesta\u00f1as naturales.<\/p>\n<p>Se seca r\u00e1pido, oscuro e idealmente dise\u00f1ado para pesta\u00f1as en ramillete con lo que promete un agarre duradero durante semanas.<\/p>\n<p>Lo mejor para los amantes de las pesta\u00f1as postizas que quieren un pegamento de pesta\u00f1as falsas confiable. Con este adhesivo puedes completar tu look de maquillaje en cualquier ocasi\u00f3n o incluso en un d\u00eda normal<\/p>\n<p>Impermeable, asegura pesta\u00f1as falsas durante semanas: este adhesivo para pesta\u00f1as es impermeable y garantiza que tus pesta\u00f1as postizas est\u00e9n siempre en su lugar, perfectamente alineadas con la forma de tu ojo, y c\u00f3modamente unidas a tus pesta\u00f1as naturales d\u00eda tras d\u00eda, durante hasta 2 semanas.<\/p>\n<p>El adhesivo Ardell es tu amigo confiable, ya sea que est\u00e9s asistiendo a una reuni\u00f3n, una salida nocturna o una fiesta. Ten la seguridad de que tus extensiones permanecer\u00e1n puestas todo el d\u00eda, toda la noche.<\/p>\n<p>Se seca r\u00e1pido, oscuro e indetectable se mezcla bien con tus pesta\u00f1as completando tu atractivo maquillaje de ojos mientras le da a tus pesta\u00f1as artificiales individuales un aspecto m\u00e1s natural.<\/p>\n<p>Tiene una f\u00f3rmula sin l\u00e1tex no irritante y suave incluso para los ojos m\u00e1s sensibles. Adem\u00e1s, de secado r\u00e1pido para mantener tu maquillaje de ojos perfecto todo el d\u00eda<br \/>\nLa confianza en proporcionar una fortaleza confiable, lo convierte en el adhesivo perfecto para asegurar tus pesta\u00f1as postizas individuales, o incluso emparejar con tus pesta\u00f1as postizas favoritas. Definitivamente, el adhesivo de pesta\u00f1as postizas para obtener el acabado de la m\u00e1s alta calidad de las pesta\u00f1as postizas<\/p>\n","protected":false},"excerpt":{"rendered":"<p>El adhesivo Ardell proporciona un rendimiento confiable cuando se trata de asegurar tus pesta\u00f1as postizas para que se mezclen perfectamente con tus pesta\u00f1as naturales. Se seca r\u00e1pido, oscuro e idealmente dise\u00f1ado para pesta\u00f1as en ramillete con lo que promete un agarre duradero durante semanas. Lo mejor para los amantes de las pesta\u00f1as postizas que quieren &hellip;<\/p>\n<p class=\"read-more\"> <a class=\"\" href=\"https:\/\/varietieseym.com.uy\/index.php\/producto\/pegamento-para-pestanas-ardell\/\"> <span class=\"screen-reader-text\">Pegamento para Pesta\u00f1as Ardell<\/span> Leer m\u00e1s &raquo;<\/a><\/p>\n","protected":false},"featured_media":9281,"template":"","meta":{"_uag_custom_page_level_css":"","site-sidebar-layout":"default","site-content-layout":"","ast-site-content-layout":"default","site-content-style":"default","site-sidebar-style":"default","ast-global-header-display":"","ast-banner-title-visibility":"","ast-main-header-display":"","ast-hfb-above-header-display":"","ast-hfb-below-header-display":"","ast-hfb-mobile-header-display":"","site-post-title":"","ast-breadcrumbs-content":"","ast-featured-img":"","footer-sml-layout":"","theme-transparent-header-meta":"default","adv-header-id-meta":"","stick-header-meta":"","header-above-stick-meta":"","header-main-stick-meta":"","header-below-stick-meta":"","astra-migrate-meta-layouts":"set","_joinchat":[]},"product_brand":[],"product_cat":[259,258,147],"product_tag":[],"class_list":{"0":"post-9280","1":"product","2":"type-product","3":"status-publish","4":"has-post-thumbnail","6":"product_cat-pegamentos-pestanas","7":"product_cat-postizas","8":"product_cat-pestanas","9":"desktop-align-center","10":"tablet-align-left","11":"mobile-align-left","13":"first","14":"instock","15":"shipping-taxable","16":"purchasable","17":"product-type-simple"},"uagb_featured_image_src":{"full":["https:\/\/varietieseym.com.uy\/wp-content\/uploads\/2025\/11\/pegamento-ardell-2.jpg",822,861,false],"thumbnail":["https:\/\/varietieseym.com.uy\/wp-content\/uploads\/2025\/11\/pegamento-ardell-2-150x150.jpg",150,150,true],"medium":["https:\/\/varietieseym.com.uy\/wp-content\/uploads\/2025\/11\/pegamento-ardell-2-286x300.jpg",286,300,true],"medium_large":["https:\/\/varietieseym.com.uy\/wp-content\/uploads\/2025\/11\/pegamento-ardell-2-768x804.jpg",768,804,true],"large":["https:\/\/varietieseym.com.uy\/wp-content\/uploads\/2025\/11\/pegamento-ardell-2.jpg",822,861,false],"1536x1536":["https:\/\/varietieseym.com.uy\/wp-content\/uploads\/2025\/11\/pegamento-ardell-2.jpg",822,861,false],"2048x2048":["https:\/\/varietieseym.com.uy\/wp-content\/uploads\/2025\/11\/pegamento-ardell-2.jpg",822,861,false],"woocommerce_thumbnail":["https:\/\/varietieseym.com.uy\/wp-content\/uploads\/2025\/11\/pegamento-ardell-2-300x300.jpg",300,300,true],"woocommerce_single":["https:\/\/varietieseym.com.uy\/wp-content\/uploads\/2025\/11\/pegamento-ardell-2-600x628.jpg",600,628,true],"woocommerce_gallery_thumbnail":["https:\/\/varietieseym.com.uy\/wp-content\/uploads\/2025\/11\/pegamento-ardell-2-100x100.jpg",100,100,true]},"uagb_author_info":{"display_name":"Varietieseym","author_link":"https:\/\/varietieseym.com.uy\/index.php\/author\/"},"uagb_comment_info":0,"uagb_excerpt":"El adhesivo Ardell proporciona un rendimiento confiable cuando se trata de asegurar tus pesta\u00f1as postizas para que se mezclen perfectamente con tus pesta\u00f1as naturales. Se seca r\u00e1pido, oscuro e idealmente dise\u00f1ado para pesta\u00f1as en ramillete con lo que promete un agarre duradero durante semanas. Lo mejor para los amantes de las pesta\u00f1as postizas que quieren&hellip;","_links":{"self":[{"href":"https:\/\/varietieseym.com.uy\/index.php\/wp-json\/wp\/v2\/product\/9280","targetHints":{"allow":["GET"]}}],"collection":[{"href":"https:\/\/varietieseym.com.uy\/index.php\/wp-json\/wp\/v2\/product"}],"about":[{"href":"https:\/\/varietieseym.com.uy\/index.php\/wp-json\/wp\/v2\/types\/product"}],"wp:featuredmedia":[{"embeddable":true,"href":"https:\/\/varietieseym.com.uy\/index.php\/wp-json\/wp\/v2\/media\/9281"}],"wp:attachment":[{"href":"https:\/\/varietieseym.com.uy\/index.php\/wp-json\/wp\/v2\/media?parent=9280"}],"wp:term":[{"taxonomy":"product_brand","embeddable":true,"href":"https:\/\/varietieseym.com.uy\/index.php\/wp-json\/wp\/v2\/product_brand?post=9280"},{"taxonomy":"product_cat","embeddable":true,"href":"https:\/\/varietieseym.com.uy\/index.php\/wp-json\/wp\/v2\/product_cat?post=9280"},{"taxonomy":"product_tag","embeddable":true,"href":"https:\/\/varietieseym.com.uy\/index.php\/wp-json\/wp\/v2\/product_tag?post=9280"}],"curies":[{"name":"wp","href":"https:\/\/api.w.org\/{rel}","templated":true}]}}