{"id":9287,"date":"2025-11-09T00:35:44","date_gmt":"2025-11-09T03:35:44","guid":{"rendered":"https:\/\/varietieseym.com.uy\/?post_type=product&#038;p=9287"},"modified":"2026-03-27T18:20:39","modified_gmt":"2026-03-27T21:20:39","slug":"pestanas-autoadhesivas-nagaraku","status":"publish","type":"product","link":"https:\/\/varietieseym.com.uy\/index.php\/producto\/pestanas-autoadhesivas-nagaraku\/","title":{"rendered":"Pesta\u00f1as Autoadhesivas Nagaraku"},"content":{"rendered":"<ul class=\"a-unordered-list a-vertical a-spacing-mini\">\n<li class=\"a-spacing-mini\"><span class=\"a-list-item\">\ud83c\udf3cLas pesta\u00f1as autoadhesivas NAGARAKU utilizan tiras de tecnolog\u00eda de absorci\u00f3n de pol\u00edmero mejorada en las ra\u00edces para que las pesta\u00f1as en racimo duren m\u00e1s. Bandas invisibles y delgadas que te dan pesta\u00f1as voluminosas en un gui\u00f1o.<\/span><\/li>\n<li class=\"a-spacing-mini\"><span class=\"a-list-item\">Sin pegamento, sellado o cualquier contacto qu\u00edmico con las pesta\u00f1as durante todo el proceso, es completamente seguro e inofensivo. Aplicaci\u00f3n en un solo paso, simplemente utiliza una pinza para colocar los racimos de pesta\u00f1as debajo de tus pesta\u00f1as naturales, haciendo que la aplicaci\u00f3n sea muy f\u00e1cil y te ahorra tiempo de maquillaje.<\/span><\/li>\n<li class=\"a-spacing-mini\"><span class=\"a-list-item\">\ud83c\udf3cLas pesta\u00f1as NAGARAKU sin pegamento utilizan los materiales exclusivos m\u00e1s nuevos, rizo extra suave y estable, te proporcionan una experiencia de uso c\u00f3moda y ligera. Son f\u00e1ciles de usar tanto para principiantes como para maquilladores profesionales.<\/span><\/li>\n<li class=\"a-spacing-mini\"><span class=\"a-list-item\">\ud83c\udf3cQuita sin esfuerzo las pesta\u00f1as a presi\u00f3n sin dejar residuos, sin irritaci\u00f3n ni da\u00f1os a las pesta\u00f1as naturales. Asegurando una experiencia limpia y cuidada para tus ojos. M\u00e1s adecuado para llevar a cabo o en fiestas.<\/span><\/li>\n<li class=\"a-spacing-mini\"><span class=\"a-list-item\">Duradero y reutilizable: el racimo de pesta\u00f1as autoadhesivas NAGARAKU mantiene tu belleza intacta todo el d\u00eda, evitando la verg\u00fcenza de que se caigan. Con el cuidado adecuado, puedes reutilizar las pesta\u00f1as autoadhesivas varias veces, haci\u00e9ndolas m\u00e1s econ\u00f3micas y respetuosas con el medio ambiente.<\/span><\/li>\n<\/ul>\n","protected":false},"excerpt":{"rendered":"<p>\ud83c\udf3cLas pesta\u00f1as autoadhesivas NAGARAKU utilizan tiras de tecnolog\u00eda de absorci\u00f3n de pol\u00edmero mejorada en las ra\u00edces para que las pesta\u00f1as en racimo duren m\u00e1s. Bandas invisibles y delgadas que te dan pesta\u00f1as voluminosas en un gui\u00f1o. Sin pegamento, sellado o cualquier contacto qu\u00edmico con las pesta\u00f1as durante todo el proceso, es completamente seguro e inofensivo. &hellip;<\/p>\n<p class=\"read-more\"> <a class=\"\" href=\"https:\/\/varietieseym.com.uy\/index.php\/producto\/pestanas-autoadhesivas-nagaraku\/\"> <span class=\"screen-reader-text\">Pesta\u00f1as Autoadhesivas Nagaraku<\/span> Leer m\u00e1s &raquo;<\/a><\/p>\n","protected":false},"featured_media":9292,"template":"","meta":{"_uag_custom_page_level_css":"","site-sidebar-layout":"default","site-content-layout":"","ast-site-content-layout":"default","site-content-style":"default","site-sidebar-style":"default","ast-global-header-display":"","ast-banner-title-visibility":"","ast-main-header-display":"","ast-hfb-above-header-display":"","ast-hfb-below-header-display":"","ast-hfb-mobile-header-display":"","site-post-title":"","ast-breadcrumbs-content":"","ast-featured-img":"","footer-sml-layout":"","theme-transparent-header-meta":"default","adv-header-id-meta":"","stick-header-meta":"","header-above-stick-meta":"","header-main-stick-meta":"","header-below-stick-meta":"","astra-migrate-meta-layouts":"set","_joinchat":[]},"product_brand":[],"product_cat":[258,147],"product_tag":[],"class_list":{"0":"post-9287","1":"product","2":"type-product","3":"status-publish","4":"has-post-thumbnail","6":"product_cat-postizas","7":"product_cat-pestanas","8":"desktop-align-center","9":"tablet-align-left","10":"mobile-align-left","12":"first","13":"instock","14":"sale","15":"shipping-taxable","16":"purchasable","17":"product-type-variable"},"uagb_featured_image_src":{"full":["https:\/\/varietieseym.com.uy\/wp-content\/uploads\/2025\/11\/pestanas-autoadhesivas-natural-style.jpg",1500,1500,false],"thumbnail":["https:\/\/varietieseym.com.uy\/wp-content\/uploads\/2025\/11\/pestanas-autoadhesivas-natural-style-150x150.jpg",150,150,true],"medium":["https:\/\/varietieseym.com.uy\/wp-content\/uploads\/2025\/11\/pestanas-autoadhesivas-natural-style-300x300.jpg",300,300,true],"medium_large":["https:\/\/varietieseym.com.uy\/wp-content\/uploads\/2025\/11\/pestanas-autoadhesivas-natural-style-768x768.jpg",768,768,true],"large":["https:\/\/varietieseym.com.uy\/wp-content\/uploads\/2025\/11\/pestanas-autoadhesivas-natural-style-1024x1024.jpg",1024,1024,true],"1536x1536":["https:\/\/varietieseym.com.uy\/wp-content\/uploads\/2025\/11\/pestanas-autoadhesivas-natural-style.jpg",1500,1500,false],"2048x2048":["https:\/\/varietieseym.com.uy\/wp-content\/uploads\/2025\/11\/pestanas-autoadhesivas-natural-style.jpg",1500,1500,false],"woocommerce_thumbnail":["https:\/\/varietieseym.com.uy\/wp-content\/uploads\/2025\/11\/pestanas-autoadhesivas-natural-style-300x300.jpg",300,300,true],"woocommerce_single":["https:\/\/varietieseym.com.uy\/wp-content\/uploads\/2025\/11\/pestanas-autoadhesivas-natural-style-600x600.jpg",600,600,true],"woocommerce_gallery_thumbnail":["https:\/\/varietieseym.com.uy\/wp-content\/uploads\/2025\/11\/pestanas-autoadhesivas-natural-style-100x100.jpg",100,100,true]},"uagb_author_info":{"display_name":"Varietieseym","author_link":"https:\/\/varietieseym.com.uy\/index.php\/author\/"},"uagb_comment_info":0,"uagb_excerpt":"\ud83c\udf3cLas pesta\u00f1as autoadhesivas NAGARAKU utilizan tiras de tecnolog\u00eda de absorci\u00f3n de pol\u00edmero mejorada en las ra\u00edces para que las pesta\u00f1as en racimo duren m\u00e1s. Bandas invisibles y delgadas que te dan pesta\u00f1as voluminosas en un gui\u00f1o. Sin pegamento, sellado o cualquier contacto qu\u00edmico con las pesta\u00f1as durante todo el proceso, es completamente seguro e inofensivo.&hellip;","_links":{"self":[{"href":"https:\/\/varietieseym.com.uy\/index.php\/wp-json\/wp\/v2\/product\/9287","targetHints":{"allow":["GET"]}}],"collection":[{"href":"https:\/\/varietieseym.com.uy\/index.php\/wp-json\/wp\/v2\/product"}],"about":[{"href":"https:\/\/varietieseym.com.uy\/index.php\/wp-json\/wp\/v2\/types\/product"}],"wp:featuredmedia":[{"embeddable":true,"href":"https:\/\/varietieseym.com.uy\/index.php\/wp-json\/wp\/v2\/media\/9292"}],"wp:attachment":[{"href":"https:\/\/varietieseym.com.uy\/index.php\/wp-json\/wp\/v2\/media?parent=9287"}],"wp:term":[{"taxonomy":"product_brand","embeddable":true,"href":"https:\/\/varietieseym.com.uy\/index.php\/wp-json\/wp\/v2\/product_brand?post=9287"},{"taxonomy":"product_cat","embeddable":true,"href":"https:\/\/varietieseym.com.uy\/index.php\/wp-json\/wp\/v2\/product_cat?post=9287"},{"taxonomy":"product_tag","embeddable":true,"href":"https:\/\/varietieseym.com.uy\/index.php\/wp-json\/wp\/v2\/product_tag?post=9287"}],"curies":[{"name":"wp","href":"https:\/\/api.w.org\/{rel}","templated":true}]}}