{"id":9448,"date":"2025-11-20T17:44:19","date_gmt":"2025-11-20T20:44:19","guid":{"rendered":"https:\/\/varietieseym.com.uy\/?post_type=product&#038;p=9448"},"modified":"2026-03-31T15:50:56","modified_gmt":"2026-03-31T18:50:56","slug":"pestanas-ramillete-negro-new-show-10p","status":"publish","type":"product","link":"https:\/\/varietieseym.com.uy\/index.php\/producto\/pestanas-ramillete-negro-new-show-10p\/","title":{"rendered":"Pesta\u00f1as Ramillete Negro New Show 20P"},"content":{"rendered":"<p><span dir=\"auto\">Las pesta\u00f1as New Show son la opci\u00f3n perfecta para profesionales de la belleza que buscan realzar la mirada de sus clientes con volumen y elegancia. Fabricadas con vis\u00f3n, estas pesta\u00f1as proporcionan un efecto natural y un toque de sofisticaci\u00f3n, ideales para diversas ocasiones, desde eventos especiales hasta el d\u00eda a d\u00eda.<\/span><\/p>\n<p><span dir=\"auto\">Con la l\u00ednea de pesta\u00f1as postizas New Show tienes garantizada una extensi\u00f3n duradera y de alta calidad. Cada paquete contiene 60 grupos de pesta\u00f1as\u00a0 lo que te permite crear looks personalizados que se adaptan a las necesidades de cada cliente.<\/span><\/p>\n<p><span dir=\"auto\">Aplicar las pesta\u00f1as es sencillo y pr\u00e1ctico, permiti\u00e9ndote realizar un trabajo eficiente y de alta calidad, mejorando as\u00ed la experiencia de tus clientes.<\/span><\/p>\n<p><span dir=\"auto\"> Prep\u00e1rate para impresionar con resultados que garantizan una mirada atractiva y expresiva, con la confianza que ofrece la marca New Show.<\/span><\/p>\n","protected":false},"excerpt":{"rendered":"<p>Las pesta\u00f1as New Show son la opci\u00f3n perfecta para profesionales de la belleza que buscan realzar la mirada de sus clientes con volumen y elegancia. Fabricadas con vis\u00f3n, estas pesta\u00f1as proporcionan un efecto natural y un toque de sofisticaci\u00f3n, ideales para diversas ocasiones, desde eventos especiales hasta el d\u00eda a d\u00eda. Con la l\u00ednea de &hellip;<\/p>\n<p class=\"read-more\"> <a class=\"\" href=\"https:\/\/varietieseym.com.uy\/index.php\/producto\/pestanas-ramillete-negro-new-show-10p\/\"> <span class=\"screen-reader-text\">Pesta\u00f1as Ramillete Negro New Show 20P<\/span> Leer m\u00e1s &raquo;<\/a><\/p>\n","protected":false},"featured_media":9450,"template":"","meta":{"_uag_custom_page_level_css":"","site-sidebar-layout":"default","site-content-layout":"","ast-site-content-layout":"default","site-content-style":"default","site-sidebar-style":"default","ast-global-header-display":"","ast-banner-title-visibility":"","ast-main-header-display":"","ast-hfb-above-header-display":"","ast-hfb-below-header-display":"","ast-hfb-mobile-header-display":"","site-post-title":"","ast-breadcrumbs-content":"","ast-featured-img":"","footer-sml-layout":"","theme-transparent-header-meta":"default","adv-header-id-meta":"","stick-header-meta":"","header-above-stick-meta":"","header-main-stick-meta":"","header-below-stick-meta":"","astra-migrate-meta-layouts":"set","_joinchat":[]},"product_brand":[],"product_cat":[258,147],"product_tag":[],"class_list":{"0":"post-9448","1":"product","2":"type-product","3":"status-publish","4":"has-post-thumbnail","6":"product_cat-postizas","7":"product_cat-pestanas","8":"desktop-align-center","9":"tablet-align-left","10":"mobile-align-left","12":"first","13":"instock","14":"shipping-taxable","15":"purchasable","16":"product-type-variable"},"uagb_featured_image_src":{"full":["https:\/\/varietieseym.com.uy\/wp-content\/uploads\/2025\/11\/pestanas-new-show2.jpg",719,616,false],"thumbnail":["https:\/\/varietieseym.com.uy\/wp-content\/uploads\/2025\/11\/pestanas-new-show2-150x150.jpg",150,150,true],"medium":["https:\/\/varietieseym.com.uy\/wp-content\/uploads\/2025\/11\/pestanas-new-show2-300x257.jpg",300,257,true],"medium_large":["https:\/\/varietieseym.com.uy\/wp-content\/uploads\/2025\/11\/pestanas-new-show2.jpg",719,616,false],"large":["https:\/\/varietieseym.com.uy\/wp-content\/uploads\/2025\/11\/pestanas-new-show2.jpg",719,616,false],"1536x1536":["https:\/\/varietieseym.com.uy\/wp-content\/uploads\/2025\/11\/pestanas-new-show2.jpg",719,616,false],"2048x2048":["https:\/\/varietieseym.com.uy\/wp-content\/uploads\/2025\/11\/pestanas-new-show2.jpg",719,616,false],"woocommerce_thumbnail":["https:\/\/varietieseym.com.uy\/wp-content\/uploads\/2025\/11\/pestanas-new-show2-300x300.jpg",300,300,true],"woocommerce_single":["https:\/\/varietieseym.com.uy\/wp-content\/uploads\/2025\/11\/pestanas-new-show2-600x514.jpg",600,514,true],"woocommerce_gallery_thumbnail":["https:\/\/varietieseym.com.uy\/wp-content\/uploads\/2025\/11\/pestanas-new-show2-100x100.jpg",100,100,true]},"uagb_author_info":{"display_name":"Varietieseym","author_link":"https:\/\/varietieseym.com.uy\/index.php\/author\/"},"uagb_comment_info":0,"uagb_excerpt":"Las pesta\u00f1as New Show son la opci\u00f3n perfecta para profesionales de la belleza que buscan realzar la mirada de sus clientes con volumen y elegancia. Fabricadas con vis\u00f3n, estas pesta\u00f1as proporcionan un efecto natural y un toque de sofisticaci\u00f3n, ideales para diversas ocasiones, desde eventos especiales hasta el d\u00eda a d\u00eda. Con la l\u00ednea de&hellip;","_links":{"self":[{"href":"https:\/\/varietieseym.com.uy\/index.php\/wp-json\/wp\/v2\/product\/9448","targetHints":{"allow":["GET"]}}],"collection":[{"href":"https:\/\/varietieseym.com.uy\/index.php\/wp-json\/wp\/v2\/product"}],"about":[{"href":"https:\/\/varietieseym.com.uy\/index.php\/wp-json\/wp\/v2\/types\/product"}],"wp:featuredmedia":[{"embeddable":true,"href":"https:\/\/varietieseym.com.uy\/index.php\/wp-json\/wp\/v2\/media\/9450"}],"wp:attachment":[{"href":"https:\/\/varietieseym.com.uy\/index.php\/wp-json\/wp\/v2\/media?parent=9448"}],"wp:term":[{"taxonomy":"product_brand","embeddable":true,"href":"https:\/\/varietieseym.com.uy\/index.php\/wp-json\/wp\/v2\/product_brand?post=9448"},{"taxonomy":"product_cat","embeddable":true,"href":"https:\/\/varietieseym.com.uy\/index.php\/wp-json\/wp\/v2\/product_cat?post=9448"},{"taxonomy":"product_tag","embeddable":true,"href":"https:\/\/varietieseym.com.uy\/index.php\/wp-json\/wp\/v2\/product_tag?post=9448"}],"curies":[{"name":"wp","href":"https:\/\/api.w.org\/{rel}","templated":true}]}}