{"id":9545,"date":"2025-11-24T18:27:17","date_gmt":"2025-11-24T21:27:17","guid":{"rendered":"https:\/\/varietieseym.com.uy\/?post_type=product&#038;p=9545"},"modified":"2025-11-24T18:27:17","modified_gmt":"2025-11-24T21:27:17","slug":"fresa-broca-pulidora-de-silicona-para-manicuria-pedicuria","status":"publish","type":"product","link":"https:\/\/varietieseym.com.uy\/index.php\/producto\/fresa-broca-pulidora-de-silicona-para-manicuria-pedicuria\/","title":{"rendered":"Fresa Broca Pulidora De Silicona Para Manicur\u00eda Pedicur\u00eda"},"content":{"rendered":"<p>Ideal para acabados de manos y pies en u\u00f1as naturales\/artificiales.<\/p>\n","protected":false},"excerpt":{"rendered":"<p>Ideal para acabados de manos y pies en u\u00f1as naturales\/artificiales.<\/p>\n","protected":false},"featured_media":9547,"template":"","meta":{"_uag_custom_page_level_css":"","site-sidebar-layout":"default","site-content-layout":"","ast-site-content-layout":"default","site-content-style":"default","site-sidebar-style":"default","ast-global-header-display":"","ast-banner-title-visibility":"","ast-main-header-display":"","ast-hfb-above-header-display":"","ast-hfb-below-header-display":"","ast-hfb-mobile-header-display":"","site-post-title":"","ast-breadcrumbs-content":"","ast-featured-img":"","footer-sml-layout":"","theme-transparent-header-meta":"default","adv-header-id-meta":"","stick-header-meta":"","header-above-stick-meta":"","header-main-stick-meta":"","header-below-stick-meta":"","astra-migrate-meta-layouts":"set","_joinchat":[]},"product_brand":[],"product_cat":[131,132],"product_tag":[],"class_list":{"0":"post-9545","1":"product","2":"type-product","3":"status-publish","4":"has-post-thumbnail","6":"product_cat-unas","7":"product_cat-herramientas","8":"desktop-align-center","9":"tablet-align-left","10":"mobile-align-left","12":"first","13":"instock","14":"shipping-taxable","15":"purchasable","16":"product-type-simple"},"uagb_featured_image_src":{"full":["https:\/\/varietieseym.com.uy\/wp-content\/uploads\/2025\/11\/fresa-silicona.jpg",626,626,false],"thumbnail":["https:\/\/varietieseym.com.uy\/wp-content\/uploads\/2025\/11\/fresa-silicona-150x150.jpg",150,150,true],"medium":["https:\/\/varietieseym.com.uy\/wp-content\/uploads\/2025\/11\/fresa-silicona-300x300.jpg",300,300,true],"medium_large":["https:\/\/varietieseym.com.uy\/wp-content\/uploads\/2025\/11\/fresa-silicona.jpg",626,626,false],"large":["https:\/\/varietieseym.com.uy\/wp-content\/uploads\/2025\/11\/fresa-silicona.jpg",626,626,false],"1536x1536":["https:\/\/varietieseym.com.uy\/wp-content\/uploads\/2025\/11\/fresa-silicona.jpg",626,626,false],"2048x2048":["https:\/\/varietieseym.com.uy\/wp-content\/uploads\/2025\/11\/fresa-silicona.jpg",626,626,false],"woocommerce_thumbnail":["https:\/\/varietieseym.com.uy\/wp-content\/uploads\/2025\/11\/fresa-silicona-300x300.jpg",300,300,true],"woocommerce_single":["https:\/\/varietieseym.com.uy\/wp-content\/uploads\/2025\/11\/fresa-silicona-600x600.jpg",600,600,true],"woocommerce_gallery_thumbnail":["https:\/\/varietieseym.com.uy\/wp-content\/uploads\/2025\/11\/fresa-silicona-100x100.jpg",100,100,true]},"uagb_author_info":{"display_name":"Varietieseym","author_link":"https:\/\/varietieseym.com.uy\/index.php\/author\/"},"uagb_comment_info":0,"uagb_excerpt":"Ideal para acabados de manos y pies en u\u00f1as naturales\/artificiales.","_links":{"self":[{"href":"https:\/\/varietieseym.com.uy\/index.php\/wp-json\/wp\/v2\/product\/9545","targetHints":{"allow":["GET"]}}],"collection":[{"href":"https:\/\/varietieseym.com.uy\/index.php\/wp-json\/wp\/v2\/product"}],"about":[{"href":"https:\/\/varietieseym.com.uy\/index.php\/wp-json\/wp\/v2\/types\/product"}],"wp:featuredmedia":[{"embeddable":true,"href":"https:\/\/varietieseym.com.uy\/index.php\/wp-json\/wp\/v2\/media\/9547"}],"wp:attachment":[{"href":"https:\/\/varietieseym.com.uy\/index.php\/wp-json\/wp\/v2\/media?parent=9545"}],"wp:term":[{"taxonomy":"product_brand","embeddable":true,"href":"https:\/\/varietieseym.com.uy\/index.php\/wp-json\/wp\/v2\/product_brand?post=9545"},{"taxonomy":"product_cat","embeddable":true,"href":"https:\/\/varietieseym.com.uy\/index.php\/wp-json\/wp\/v2\/product_cat?post=9545"},{"taxonomy":"product_tag","embeddable":true,"href":"https:\/\/varietieseym.com.uy\/index.php\/wp-json\/wp\/v2\/product_tag?post=9545"}],"curies":[{"name":"wp","href":"https:\/\/api.w.org\/{rel}","templated":true}]}}