{"id":9789,"date":"2025-12-22T15:21:05","date_gmt":"2025-12-22T18:21:05","guid":{"rendered":"https:\/\/varietieseym.com.uy\/?post_type=product&#038;p=9789"},"modified":"2026-04-12T18:13:12","modified_gmt":"2026-04-12T21:13:12","slug":"esmaltes-semipermanentes-dafu-coleccion-cherry-shade","status":"publish","type":"product","link":"https:\/\/varietieseym.com.uy\/index.php\/producto\/esmaltes-semipermanentes-dafu-coleccion-cherry-shade\/","title":{"rendered":"Esmaltes Semipermanentes Dafu, Colecci\u00f3n Cherry Shade"},"content":{"rendered":"<p class=\"QN2lPu\"><span dir=\"auto\">Transforma tus u\u00f1as con el kit de esmaltes de gel Dafu, colecci\u00f3n Cherry Tone. <\/span><\/p>\n<p class=\"QN2lPu\"><span dir=\"auto\">Incre\u00edbles colores, desde tonos rojizos hasta cereza, perfectos para cualquier ocasi\u00f3n, desde looks sofisticados hasta atrevidos.<\/span><\/p>\n<p class=\"QN2lPu\"><span dir=\"auto\">\ud83d\udc96 Beneficios:<\/span><\/p>\n<p class=\"QN2lPu\"><span dir=\"auto\">Colores intensos con alto brillo;<\/span><\/p>\n<p class=\"QN2lPu\"><span dir=\"auto\">Acabado profesional y duradero;<\/span><\/p>\n<p class=\"QN2lPu\"><span dir=\"auto\">F\u00e1cil aplicaci\u00f3n y gran cobertura;<\/span><\/p>\n<p class=\"QN2lPu\"><span dir=\"auto\">Ideal para utilizar con l\u00e1mparas LED\/UV;<\/span><\/p>\n<p class=\"QN2lPu\"><span dir=\"auto\">Dale a tus u\u00f1as un toque de lujo y personalidad con el esmalte de u\u00f1as en gel Dafu\u00a0 \ud83c\udf52<\/span><\/p>\n","protected":false},"excerpt":{"rendered":"<p>Transforma tus u\u00f1as con el kit de esmaltes de gel Dafu, colecci\u00f3n Cherry Tone. Incre\u00edbles colores, desde tonos rojizos hasta cereza, perfectos para cualquier ocasi\u00f3n, desde looks sofisticados hasta atrevidos. \ud83d\udc96 Beneficios: Colores intensos con alto brillo; Acabado profesional y duradero; F\u00e1cil aplicaci\u00f3n y gran cobertura; Ideal para utilizar con l\u00e1mparas LED\/UV; Dale a tus &hellip;<\/p>\n<p class=\"read-more\"> <a class=\"\" href=\"https:\/\/varietieseym.com.uy\/index.php\/producto\/esmaltes-semipermanentes-dafu-coleccion-cherry-shade\/\"> <span class=\"screen-reader-text\">Esmaltes Semipermanentes Dafu, Colecci\u00f3n Cherry Shade<\/span> Leer m\u00e1s &raquo;<\/a><\/p>\n","protected":false},"featured_media":9802,"template":"","meta":{"_uag_custom_page_level_css":"","site-sidebar-layout":"default","site-content-layout":"","ast-site-content-layout":"default","site-content-style":"default","site-sidebar-style":"default","ast-global-header-display":"","ast-banner-title-visibility":"","ast-main-header-display":"","ast-hfb-above-header-display":"","ast-hfb-below-header-display":"","ast-hfb-mobile-header-display":"","site-post-title":"","ast-breadcrumbs-content":"","ast-featured-img":"","footer-sml-layout":"","theme-transparent-header-meta":"default","adv-header-id-meta":"","stick-header-meta":"","header-above-stick-meta":"","header-main-stick-meta":"","header-below-stick-meta":"","astra-migrate-meta-layouts":"set","_joinchat":[]},"product_brand":[],"product_cat":[198,131],"product_tag":[],"class_list":{"0":"post-9789","1":"product","2":"type-product","3":"status-publish","4":"has-post-thumbnail","6":"product_cat-esmaltes-semipermanentes","7":"product_cat-unas","8":"desktop-align-center","9":"tablet-align-left","10":"mobile-align-left","12":"first","13":"instock","14":"shipping-taxable","15":"purchasable","16":"product-type-variable"},"uagb_featured_image_src":{"full":["https:\/\/varietieseym.com.uy\/wp-content\/uploads\/2025\/12\/dafu-rojo-.jpg",627,619,false],"thumbnail":["https:\/\/varietieseym.com.uy\/wp-content\/uploads\/2025\/12\/dafu-rojo--150x150.jpg",150,150,true],"medium":["https:\/\/varietieseym.com.uy\/wp-content\/uploads\/2025\/12\/dafu-rojo--300x296.jpg",300,296,true],"medium_large":["https:\/\/varietieseym.com.uy\/wp-content\/uploads\/2025\/12\/dafu-rojo-.jpg",627,619,false],"large":["https:\/\/varietieseym.com.uy\/wp-content\/uploads\/2025\/12\/dafu-rojo-.jpg",627,619,false],"1536x1536":["https:\/\/varietieseym.com.uy\/wp-content\/uploads\/2025\/12\/dafu-rojo-.jpg",627,619,false],"2048x2048":["https:\/\/varietieseym.com.uy\/wp-content\/uploads\/2025\/12\/dafu-rojo-.jpg",627,619,false],"woocommerce_thumbnail":["https:\/\/varietieseym.com.uy\/wp-content\/uploads\/2025\/12\/dafu-rojo--300x300.jpg",300,300,true],"woocommerce_single":["https:\/\/varietieseym.com.uy\/wp-content\/uploads\/2025\/12\/dafu-rojo--600x592.jpg",600,592,true],"woocommerce_gallery_thumbnail":["https:\/\/varietieseym.com.uy\/wp-content\/uploads\/2025\/12\/dafu-rojo--100x100.jpg",100,100,true]},"uagb_author_info":{"display_name":"Varietieseym","author_link":"https:\/\/varietieseym.com.uy\/index.php\/author\/"},"uagb_comment_info":0,"uagb_excerpt":"Transforma tus u\u00f1as con el kit de esmaltes de gel Dafu, colecci\u00f3n Cherry Tone. Incre\u00edbles colores, desde tonos rojizos hasta cereza, perfectos para cualquier ocasi\u00f3n, desde looks sofisticados hasta atrevidos. \ud83d\udc96 Beneficios: Colores intensos con alto brillo; Acabado profesional y duradero; F\u00e1cil aplicaci\u00f3n y gran cobertura; Ideal para utilizar con l\u00e1mparas LED\/UV; Dale a tus&hellip;","_links":{"self":[{"href":"https:\/\/varietieseym.com.uy\/index.php\/wp-json\/wp\/v2\/product\/9789","targetHints":{"allow":["GET"]}}],"collection":[{"href":"https:\/\/varietieseym.com.uy\/index.php\/wp-json\/wp\/v2\/product"}],"about":[{"href":"https:\/\/varietieseym.com.uy\/index.php\/wp-json\/wp\/v2\/types\/product"}],"wp:featuredmedia":[{"embeddable":true,"href":"https:\/\/varietieseym.com.uy\/index.php\/wp-json\/wp\/v2\/media\/9802"}],"wp:attachment":[{"href":"https:\/\/varietieseym.com.uy\/index.php\/wp-json\/wp\/v2\/media?parent=9789"}],"wp:term":[{"taxonomy":"product_brand","embeddable":true,"href":"https:\/\/varietieseym.com.uy\/index.php\/wp-json\/wp\/v2\/product_brand?post=9789"},{"taxonomy":"product_cat","embeddable":true,"href":"https:\/\/varietieseym.com.uy\/index.php\/wp-json\/wp\/v2\/product_cat?post=9789"},{"taxonomy":"product_tag","embeddable":true,"href":"https:\/\/varietieseym.com.uy\/index.php\/wp-json\/wp\/v2\/product_tag?post=9789"}],"curies":[{"name":"wp","href":"https:\/\/api.w.org\/{rel}","templated":true}]}}