{"id":9819,"date":"2025-12-22T19:57:51","date_gmt":"2025-12-22T22:57:51","guid":{"rendered":"https:\/\/varietieseym.com.uy\/?post_type=product&#038;p=9819"},"modified":"2026-04-12T18:09:26","modified_gmt":"2026-04-12T21:09:26","slug":"esmaltes-semipermanentes-dafu-coleccion-nude","status":"publish","type":"product","link":"https:\/\/varietieseym.com.uy\/index.php\/producto\/esmaltes-semipermanentes-dafu-coleccion-nude\/","title":{"rendered":"Esmaltes Semipermanentes Dafu, Colecci\u00f3n Nude"},"content":{"rendered":"<p class=\"QN2lPu\"><span dir=\"auto\">F\u00f3rmula de alta durabilidad con brillo intenso, ideal para u\u00f1as perfectas que duran mucho m\u00e1s. Los tonos nude surtidos proporcionan un acabado profesional. Compatible con l\u00e1mparas LED\/UV y f\u00e1cil de aplicar. <\/span><\/p>\n<p class=\"QN2lPu\"><span dir=\"auto\">Ideal para uso dom\u00e9stico o en salones profesionales.<\/span><\/p>\n<p class=\"QN2lPu\"><span dir=\"auto\">*SIN TPO-DMPT<\/span><\/p>\n<p class=\"QN2lPu\"><span dir=\"auto\">Perfecto para quienes buscan practicidad y calidad a la hora de hacerse las u\u00f1as.<\/span><\/p>\n","protected":false},"excerpt":{"rendered":"<p>F\u00f3rmula de alta durabilidad con brillo intenso, ideal para u\u00f1as perfectas que duran mucho m\u00e1s. Los tonos nude surtidos proporcionan un acabado profesional. Compatible con l\u00e1mparas LED\/UV y f\u00e1cil de aplicar. Ideal para uso dom\u00e9stico o en salones profesionales. *SIN TPO-DMPT Perfecto para quienes buscan practicidad y calidad a la hora de hacerse las u\u00f1as.<\/p>\n","protected":false},"featured_media":9833,"template":"","meta":{"_uag_custom_page_level_css":"","site-sidebar-layout":"default","site-content-layout":"","ast-site-content-layout":"default","site-content-style":"default","site-sidebar-style":"default","ast-global-header-display":"","ast-banner-title-visibility":"","ast-main-header-display":"","ast-hfb-above-header-display":"","ast-hfb-below-header-display":"","ast-hfb-mobile-header-display":"","site-post-title":"","ast-breadcrumbs-content":"","ast-featured-img":"","footer-sml-layout":"","theme-transparent-header-meta":"default","adv-header-id-meta":"","stick-header-meta":"","header-above-stick-meta":"","header-main-stick-meta":"","header-below-stick-meta":"","astra-migrate-meta-layouts":"set","_joinchat":[]},"product_brand":[],"product_cat":[198,185,131],"product_tag":[],"class_list":{"0":"post-9819","1":"product","2":"type-product","3":"status-publish","4":"has-post-thumbnail","6":"product_cat-esmaltes-semipermanentes","7":"product_cat-gel-unas","8":"product_cat-unas","9":"desktop-align-center","10":"tablet-align-left","11":"mobile-align-left","13":"first","14":"outofstock","15":"shipping-taxable","16":"purchasable","17":"product-type-variable"},"uagb_featured_image_src":{"full":["https:\/\/varietieseym.com.uy\/wp-content\/uploads\/2025\/12\/dafu-nude-1.jpg",624,625,false],"thumbnail":["https:\/\/varietieseym.com.uy\/wp-content\/uploads\/2025\/12\/dafu-nude-1-150x150.jpg",150,150,true],"medium":["https:\/\/varietieseym.com.uy\/wp-content\/uploads\/2025\/12\/dafu-nude-1-300x300.jpg",300,300,true],"medium_large":["https:\/\/varietieseym.com.uy\/wp-content\/uploads\/2025\/12\/dafu-nude-1.jpg",624,625,false],"large":["https:\/\/varietieseym.com.uy\/wp-content\/uploads\/2025\/12\/dafu-nude-1.jpg",624,625,false],"1536x1536":["https:\/\/varietieseym.com.uy\/wp-content\/uploads\/2025\/12\/dafu-nude-1.jpg",624,625,false],"2048x2048":["https:\/\/varietieseym.com.uy\/wp-content\/uploads\/2025\/12\/dafu-nude-1.jpg",624,625,false],"woocommerce_thumbnail":["https:\/\/varietieseym.com.uy\/wp-content\/uploads\/2025\/12\/dafu-nude-1-300x300.jpg",300,300,true],"woocommerce_single":["https:\/\/varietieseym.com.uy\/wp-content\/uploads\/2025\/12\/dafu-nude-1-600x601.jpg",600,601,true],"woocommerce_gallery_thumbnail":["https:\/\/varietieseym.com.uy\/wp-content\/uploads\/2025\/12\/dafu-nude-1-100x100.jpg",100,100,true]},"uagb_author_info":{"display_name":"Varietieseym","author_link":"https:\/\/varietieseym.com.uy\/index.php\/author\/"},"uagb_comment_info":0,"uagb_excerpt":"F\u00f3rmula de alta durabilidad con brillo intenso, ideal para u\u00f1as perfectas que duran mucho m\u00e1s. Los tonos nude surtidos proporcionan un acabado profesional. Compatible con l\u00e1mparas LED\/UV y f\u00e1cil de aplicar. Ideal para uso dom\u00e9stico o en salones profesionales. *SIN TPO-DMPT Perfecto para quienes buscan practicidad y calidad a la hora de hacerse las u\u00f1as.","_links":{"self":[{"href":"https:\/\/varietieseym.com.uy\/index.php\/wp-json\/wp\/v2\/product\/9819","targetHints":{"allow":["GET"]}}],"collection":[{"href":"https:\/\/varietieseym.com.uy\/index.php\/wp-json\/wp\/v2\/product"}],"about":[{"href":"https:\/\/varietieseym.com.uy\/index.php\/wp-json\/wp\/v2\/types\/product"}],"wp:featuredmedia":[{"embeddable":true,"href":"https:\/\/varietieseym.com.uy\/index.php\/wp-json\/wp\/v2\/media\/9833"}],"wp:attachment":[{"href":"https:\/\/varietieseym.com.uy\/index.php\/wp-json\/wp\/v2\/media?parent=9819"}],"wp:term":[{"taxonomy":"product_brand","embeddable":true,"href":"https:\/\/varietieseym.com.uy\/index.php\/wp-json\/wp\/v2\/product_brand?post=9819"},{"taxonomy":"product_cat","embeddable":true,"href":"https:\/\/varietieseym.com.uy\/index.php\/wp-json\/wp\/v2\/product_cat?post=9819"},{"taxonomy":"product_tag","embeddable":true,"href":"https:\/\/varietieseym.com.uy\/index.php\/wp-json\/wp\/v2\/product_tag?post=9819"}],"curies":[{"name":"wp","href":"https:\/\/api.w.org\/{rel}","templated":true}]}}