{"id":9851,"date":"2025-12-23T18:59:56","date_gmt":"2025-12-23T21:59:56","guid":{"rendered":"https:\/\/varietieseym.com.uy\/?post_type=product&#038;p=9851"},"modified":"2026-04-26T17:48:36","modified_gmt":"2026-04-26T20:48:36","slug":"esmaltesemipermanente-dafu-magnetico-ojo-de-gato-rojo","status":"publish","type":"product","link":"https:\/\/varietieseym.com.uy\/index.php\/producto\/esmaltesemipermanente-dafu-magnetico-ojo-de-gato-rojo\/","title":{"rendered":"Esmalte Semipermanente Dafu Magnetico (ojo de gato) Encanto Rubi"},"content":{"rendered":"<p class=\"QN2lPu\"><span dir=\"auto\">El esmalte de u\u00f1as de gel magn\u00e9tico Dafu en rojo ofrece un acabado moderno y sofisticado con efecto ojo de gato, creando profundidad y movimiento en las u\u00f1as. <\/span><\/p>\n<p class=\"QN2lPu\"><span dir=\"auto\">Su vibrante tono rojo proporciona un look impactante, perfecto para quienes buscan estilo y elegancia.<\/span><\/p>\n<p class=\"QN2lPu\"><span dir=\"auto\">Su f\u00f3rmula autonivelante garantiza una aplicaci\u00f3n uniforme sin dejar marcas, mientras que la tecnolog\u00eda magn\u00e9tica permite crear diferentes efectos con un im\u00e1n espec\u00edfico. Compatible con l\u00e1mparas UV y LED, el esmalte de u\u00f1as seca r\u00e1pidamente y tiene una alta durabilidad, manteniendo su brillo intenso durante semanas.<\/span><\/p>\n<p class=\"QN2lPu\"><span dir=\"auto\">Beneficios:<\/span><\/p>\n<p class=\"QN2lPu\"><span dir=\"auto\"> Efecto ojo de gato magn\u00e9tico \u00fanico. Brillo intenso y color vibrante. F\u00f3rmula autonivelante para una aplicaci\u00f3n uniforme. Curado r\u00e1pido en l\u00e1mparas UV\/LED. Alta durabilidad y resistencia al descascarillado. <\/span><\/p>\n","protected":false},"excerpt":{"rendered":"<p>El esmalte de u\u00f1as de gel magn\u00e9tico Dafu en rojo ofrece un acabado moderno y sofisticado con efecto ojo de gato, creando profundidad y movimiento en las u\u00f1as. Su vibrante tono rojo proporciona un look impactante, perfecto para quienes buscan estilo y elegancia. Su f\u00f3rmula autonivelante garantiza una aplicaci\u00f3n uniforme sin dejar marcas, mientras que &hellip;<\/p>\n<p class=\"read-more\"> <a class=\"\" href=\"https:\/\/varietieseym.com.uy\/index.php\/producto\/esmaltesemipermanente-dafu-magnetico-ojo-de-gato-rojo\/\"> <span class=\"screen-reader-text\">Esmalte Semipermanente Dafu Magnetico (ojo de gato) Encanto Rubi<\/span> Leer m\u00e1s &raquo;<\/a><\/p>\n","protected":false},"featured_media":11003,"template":"","meta":{"_uag_custom_page_level_css":"","site-sidebar-layout":"default","site-content-layout":"","ast-site-content-layout":"default","site-content-style":"default","site-sidebar-style":"default","ast-global-header-display":"","ast-banner-title-visibility":"","ast-main-header-display":"","ast-hfb-above-header-display":"","ast-hfb-below-header-display":"","ast-hfb-mobile-header-display":"","site-post-title":"","ast-breadcrumbs-content":"","ast-featured-img":"","footer-sml-layout":"","theme-transparent-header-meta":"default","adv-header-id-meta":"","stick-header-meta":"","header-above-stick-meta":"","header-main-stick-meta":"","header-below-stick-meta":"","astra-migrate-meta-layouts":"set","_joinchat":[]},"product_brand":[],"product_cat":[198,185],"product_tag":[],"class_list":{"0":"post-9851","1":"product","2":"type-product","3":"status-publish","4":"has-post-thumbnail","6":"product_cat-esmaltes-semipermanentes","7":"product_cat-gel-unas","8":"desktop-align-center","9":"tablet-align-left","10":"mobile-align-left","12":"first","13":"instock","14":"shipping-taxable","15":"purchasable","16":"product-type-simple"},"uagb_featured_image_src":{"full":["https:\/\/varietieseym.com.uy\/wp-content\/uploads\/2025\/12\/rubi.jpg",817,882,false],"thumbnail":["https:\/\/varietieseym.com.uy\/wp-content\/uploads\/2025\/12\/rubi-150x150.jpg",150,150,true],"medium":["https:\/\/varietieseym.com.uy\/wp-content\/uploads\/2025\/12\/rubi-278x300.jpg",278,300,true],"medium_large":["https:\/\/varietieseym.com.uy\/wp-content\/uploads\/2025\/12\/rubi-768x829.jpg",768,829,true],"large":["https:\/\/varietieseym.com.uy\/wp-content\/uploads\/2025\/12\/rubi.jpg",817,882,false],"1536x1536":["https:\/\/varietieseym.com.uy\/wp-content\/uploads\/2025\/12\/rubi.jpg",817,882,false],"2048x2048":["https:\/\/varietieseym.com.uy\/wp-content\/uploads\/2025\/12\/rubi.jpg",817,882,false],"woocommerce_thumbnail":["https:\/\/varietieseym.com.uy\/wp-content\/uploads\/2025\/12\/rubi-300x300.jpg",300,300,true],"woocommerce_single":["https:\/\/varietieseym.com.uy\/wp-content\/uploads\/2025\/12\/rubi-600x648.jpg",600,648,true],"woocommerce_gallery_thumbnail":["https:\/\/varietieseym.com.uy\/wp-content\/uploads\/2025\/12\/rubi-100x100.jpg",100,100,true]},"uagb_author_info":{"display_name":"Varietieseym","author_link":"https:\/\/varietieseym.com.uy\/index.php\/author\/"},"uagb_comment_info":0,"uagb_excerpt":"El esmalte de u\u00f1as de gel magn\u00e9tico Dafu en rojo ofrece un acabado moderno y sofisticado con efecto ojo de gato, creando profundidad y movimiento en las u\u00f1as. Su vibrante tono rojo proporciona un look impactante, perfecto para quienes buscan estilo y elegancia. Su f\u00f3rmula autonivelante garantiza una aplicaci\u00f3n uniforme sin dejar marcas, mientras que&hellip;","_links":{"self":[{"href":"https:\/\/varietieseym.com.uy\/index.php\/wp-json\/wp\/v2\/product\/9851","targetHints":{"allow":["GET"]}}],"collection":[{"href":"https:\/\/varietieseym.com.uy\/index.php\/wp-json\/wp\/v2\/product"}],"about":[{"href":"https:\/\/varietieseym.com.uy\/index.php\/wp-json\/wp\/v2\/types\/product"}],"wp:featuredmedia":[{"embeddable":true,"href":"https:\/\/varietieseym.com.uy\/index.php\/wp-json\/wp\/v2\/media\/11003"}],"wp:attachment":[{"href":"https:\/\/varietieseym.com.uy\/index.php\/wp-json\/wp\/v2\/media?parent=9851"}],"wp:term":[{"taxonomy":"product_brand","embeddable":true,"href":"https:\/\/varietieseym.com.uy\/index.php\/wp-json\/wp\/v2\/product_brand?post=9851"},{"taxonomy":"product_cat","embeddable":true,"href":"https:\/\/varietieseym.com.uy\/index.php\/wp-json\/wp\/v2\/product_cat?post=9851"},{"taxonomy":"product_tag","embeddable":true,"href":"https:\/\/varietieseym.com.uy\/index.php\/wp-json\/wp\/v2\/product_tag?post=9851"}],"curies":[{"name":"wp","href":"https:\/\/api.w.org\/{rel}","templated":true}]}}