{"id":9858,"date":"2025-12-23T19:54:13","date_gmt":"2025-12-23T22:54:13","guid":{"rendered":"https:\/\/varietieseym.com.uy\/?post_type=product&#038;p=9858"},"modified":"2026-03-13T12:58:35","modified_gmt":"2026-03-13T15:58:35","slug":"esmaltes-semipermanente-dafu-coleccion-via-lactea","status":"publish","type":"product","link":"https:\/\/varietieseym.com.uy\/index.php\/producto\/esmaltes-semipermanente-dafu-coleccion-via-lactea\/","title":{"rendered":"Esmaltes Semipermanente Dafu- coleccion Via Lactea"},"content":{"rendered":"<p class=\"QN2lPu\"><span dir=\"auto\">Con los esmaltes blancos DAFU para manicura francesa, obtendr\u00e1s la calidad y precisi\u00f3n que buscas para lograr unas u\u00f1as impecables. <\/span><\/p>\n<p class=\"QN2lPu\"><span dir=\"auto\">Dise\u00f1ado para un acabado preciso y elegante, este kit es la opci\u00f3n ideal para quienes valoran la belleza cl\u00e1sica con un toque contempor\u00e1neo.<\/span><\/p>\n<p class=\"QN2lPu\"><span dir=\"auto\">Cada frasco de 10 ml ofrece una f\u00f3rmula de alto rendimiento que garantiza una cobertura uniforme y una durabilidad excepcional, manteniendo tus u\u00f1as impecables por m\u00e1s tiempo. Los tonos de blanco se han seleccionado cuidadosamente para satisfacer diversas preferencias, desde delicados transl\u00facidos hasta blancos puros e impactantes, lo que te permite crear elegantes manicuras francesas con un acabado profesional.<\/span><\/p>\n","protected":false},"excerpt":{"rendered":"<p>Con los esmaltes blancos DAFU para manicura francesa, obtendr\u00e1s la calidad y precisi\u00f3n que buscas para lograr unas u\u00f1as impecables. Dise\u00f1ado para un acabado preciso y elegante, este kit es la opci\u00f3n ideal para quienes valoran la belleza cl\u00e1sica con un toque contempor\u00e1neo. Cada frasco de 10 ml ofrece una f\u00f3rmula de alto rendimiento que &hellip;<\/p>\n<p class=\"read-more\"> <a class=\"\" href=\"https:\/\/varietieseym.com.uy\/index.php\/producto\/esmaltes-semipermanente-dafu-coleccion-via-lactea\/\"> <span class=\"screen-reader-text\">Esmaltes Semipermanente Dafu- coleccion Via Lactea<\/span> Leer m\u00e1s &raquo;<\/a><\/p>\n","protected":false},"featured_media":9861,"template":"","meta":{"_uag_custom_page_level_css":"","site-sidebar-layout":"default","site-content-layout":"","ast-site-content-layout":"default","site-content-style":"default","site-sidebar-style":"default","ast-global-header-display":"","ast-banner-title-visibility":"","ast-main-header-display":"","ast-hfb-above-header-display":"","ast-hfb-below-header-display":"","ast-hfb-mobile-header-display":"","site-post-title":"","ast-breadcrumbs-content":"","ast-featured-img":"","footer-sml-layout":"","theme-transparent-header-meta":"default","adv-header-id-meta":"","stick-header-meta":"","header-above-stick-meta":"","header-main-stick-meta":"","header-below-stick-meta":"","astra-migrate-meta-layouts":"set","_joinchat":[]},"product_brand":[],"product_cat":[198,185],"product_tag":[],"class_list":{"0":"post-9858","1":"product","2":"type-product","3":"status-publish","4":"has-post-thumbnail","6":"product_cat-esmaltes-semipermanentes","7":"product_cat-gel-unas","8":"desktop-align-center","9":"tablet-align-left","10":"mobile-align-left","12":"first","13":"outofstock","14":"shipping-taxable","15":"purchasable","16":"product-type-variable"},"uagb_featured_image_src":{"full":["https:\/\/varietieseym.com.uy\/wp-content\/uploads\/2025\/12\/dafu-via-lactea-11-.jpg",598,612,false],"thumbnail":["https:\/\/varietieseym.com.uy\/wp-content\/uploads\/2025\/12\/dafu-via-lactea-11--150x150.jpg",150,150,true],"medium":["https:\/\/varietieseym.com.uy\/wp-content\/uploads\/2025\/12\/dafu-via-lactea-11--293x300.jpg",293,300,true],"medium_large":["https:\/\/varietieseym.com.uy\/wp-content\/uploads\/2025\/12\/dafu-via-lactea-11-.jpg",598,612,false],"large":["https:\/\/varietieseym.com.uy\/wp-content\/uploads\/2025\/12\/dafu-via-lactea-11-.jpg",598,612,false],"1536x1536":["https:\/\/varietieseym.com.uy\/wp-content\/uploads\/2025\/12\/dafu-via-lactea-11-.jpg",598,612,false],"2048x2048":["https:\/\/varietieseym.com.uy\/wp-content\/uploads\/2025\/12\/dafu-via-lactea-11-.jpg",598,612,false],"woocommerce_thumbnail":["https:\/\/varietieseym.com.uy\/wp-content\/uploads\/2025\/12\/dafu-via-lactea-11--300x300.jpg",300,300,true],"woocommerce_single":["https:\/\/varietieseym.com.uy\/wp-content\/uploads\/2025\/12\/dafu-via-lactea-11-.jpg",598,612,false],"woocommerce_gallery_thumbnail":["https:\/\/varietieseym.com.uy\/wp-content\/uploads\/2025\/12\/dafu-via-lactea-11--100x100.jpg",100,100,true]},"uagb_author_info":{"display_name":"Varietieseym","author_link":"https:\/\/varietieseym.com.uy\/index.php\/author\/"},"uagb_comment_info":0,"uagb_excerpt":"Con los esmaltes blancos DAFU para manicura francesa, obtendr\u00e1s la calidad y precisi\u00f3n que buscas para lograr unas u\u00f1as impecables. Dise\u00f1ado para un acabado preciso y elegante, este kit es la opci\u00f3n ideal para quienes valoran la belleza cl\u00e1sica con un toque contempor\u00e1neo. Cada frasco de 10 ml ofrece una f\u00f3rmula de alto rendimiento que&hellip;","_links":{"self":[{"href":"https:\/\/varietieseym.com.uy\/index.php\/wp-json\/wp\/v2\/product\/9858","targetHints":{"allow":["GET"]}}],"collection":[{"href":"https:\/\/varietieseym.com.uy\/index.php\/wp-json\/wp\/v2\/product"}],"about":[{"href":"https:\/\/varietieseym.com.uy\/index.php\/wp-json\/wp\/v2\/types\/product"}],"wp:featuredmedia":[{"embeddable":true,"href":"https:\/\/varietieseym.com.uy\/index.php\/wp-json\/wp\/v2\/media\/9861"}],"wp:attachment":[{"href":"https:\/\/varietieseym.com.uy\/index.php\/wp-json\/wp\/v2\/media?parent=9858"}],"wp:term":[{"taxonomy":"product_brand","embeddable":true,"href":"https:\/\/varietieseym.com.uy\/index.php\/wp-json\/wp\/v2\/product_brand?post=9858"},{"taxonomy":"product_cat","embeddable":true,"href":"https:\/\/varietieseym.com.uy\/index.php\/wp-json\/wp\/v2\/product_cat?post=9858"},{"taxonomy":"product_tag","embeddable":true,"href":"https:\/\/varietieseym.com.uy\/index.php\/wp-json\/wp\/v2\/product_tag?post=9858"}],"curies":[{"name":"wp","href":"https:\/\/api.w.org\/{rel}","templated":true}]}}