{"id":9933,"date":"2025-12-27T20:46:31","date_gmt":"2025-12-27T23:46:31","guid":{"rendered":"https:\/\/varietieseym.com.uy\/?post_type=product&#038;p=9933"},"modified":"2026-05-01T00:06:10","modified_gmt":"2026-05-01T03:06:10","slug":"gel-de-construccion-dafu","status":"publish","type":"product","link":"https:\/\/varietieseym.com.uy\/index.php\/producto\/gel-de-construccion-dafu\/","title":{"rendered":"Gel de construccion Dafu"},"content":{"rendered":"<p class=\"QN2lPu\">Gel de construccion dafu es la opci\u00f3n perfecta para profesionales que buscan calidad, practicidad y resultados impecables. Con una f\u00f3rmula enriquecida con queratina, proporciona autonivelante y una fijaci\u00f3n excelente, asegurando un acabado suave, resistente y natural. Ideal para extensiones con moldes, puntas y fibras, tambi\u00e9n est\u00e1 indicada para la reconstrucci\u00f3n de u\u00f1as mordidas y el fortalecimiento de u\u00f1as naturales. Su textura moderna permite una aplicaci\u00f3n sencilla, con alta durabilidad y un brillo intenso.<\/p>\n","protected":false},"excerpt":{"rendered":"<p>Gel de construccion dafu es la opci\u00f3n perfecta para profesionales que buscan calidad, practicidad y resultados impecables. Con una f\u00f3rmula enriquecida con queratina, proporciona autonivelante y una fijaci\u00f3n excelente, asegurando un acabado suave, resistente y natural. Ideal para extensiones con moldes, puntas y fibras, tambi\u00e9n est\u00e1 indicada para la reconstrucci\u00f3n de u\u00f1as mordidas y el &hellip;<\/p>\n<p class=\"read-more\"> <a class=\"\" href=\"https:\/\/varietieseym.com.uy\/index.php\/producto\/gel-de-construccion-dafu\/\"> <span class=\"screen-reader-text\">Gel de construccion Dafu<\/span> Leer m\u00e1s &raquo;<\/a><\/p>\n","protected":false},"featured_media":9946,"template":"","meta":{"_uag_custom_page_level_css":"","site-sidebar-layout":"default","site-content-layout":"","ast-site-content-layout":"default","site-content-style":"default","site-sidebar-style":"default","ast-global-header-display":"","ast-banner-title-visibility":"","ast-main-header-display":"","ast-hfb-above-header-display":"","ast-hfb-below-header-display":"","ast-hfb-mobile-header-display":"","site-post-title":"","ast-breadcrumbs-content":"","ast-featured-img":"","footer-sml-layout":"","theme-transparent-header-meta":"default","adv-header-id-meta":"","stick-header-meta":"","header-above-stick-meta":"","header-main-stick-meta":"","header-below-stick-meta":"","astra-migrate-meta-layouts":"set","_joinchat":[]},"product_brand":[],"product_cat":[219,185],"product_tag":[],"class_list":{"0":"post-9933","1":"product","2":"type-product","3":"status-publish","4":"has-post-thumbnail","6":"product_cat-construccion-unas","7":"product_cat-gel-unas","8":"desktop-align-center","9":"tablet-align-left","10":"mobile-align-left","12":"first","13":"instock","14":"shipping-taxable","15":"purchasable","16":"product-type-variable"},"uagb_featured_image_src":{"full":["https:\/\/varietieseym.com.uy\/wp-content\/uploads\/2025\/12\/gel-construccion-dafu-portada.jpg",810,835,false],"thumbnail":["https:\/\/varietieseym.com.uy\/wp-content\/uploads\/2025\/12\/gel-construccion-dafu-portada-150x150.jpg",150,150,true],"medium":["https:\/\/varietieseym.com.uy\/wp-content\/uploads\/2025\/12\/gel-construccion-dafu-portada-291x300.jpg",291,300,true],"medium_large":["https:\/\/varietieseym.com.uy\/wp-content\/uploads\/2025\/12\/gel-construccion-dafu-portada-768x792.jpg",768,792,true],"large":["https:\/\/varietieseym.com.uy\/wp-content\/uploads\/2025\/12\/gel-construccion-dafu-portada.jpg",810,835,false],"1536x1536":["https:\/\/varietieseym.com.uy\/wp-content\/uploads\/2025\/12\/gel-construccion-dafu-portada.jpg",810,835,false],"2048x2048":["https:\/\/varietieseym.com.uy\/wp-content\/uploads\/2025\/12\/gel-construccion-dafu-portada.jpg",810,835,false],"woocommerce_thumbnail":["https:\/\/varietieseym.com.uy\/wp-content\/uploads\/2025\/12\/gel-construccion-dafu-portada-300x300.jpg",300,300,true],"woocommerce_single":["https:\/\/varietieseym.com.uy\/wp-content\/uploads\/2025\/12\/gel-construccion-dafu-portada-600x619.jpg",600,619,true],"woocommerce_gallery_thumbnail":["https:\/\/varietieseym.com.uy\/wp-content\/uploads\/2025\/12\/gel-construccion-dafu-portada-100x100.jpg",100,100,true]},"uagb_author_info":{"display_name":"Varietieseym","author_link":"https:\/\/varietieseym.com.uy\/index.php\/author\/"},"uagb_comment_info":0,"uagb_excerpt":"Gel de construccion dafu es la opci\u00f3n perfecta para profesionales que buscan calidad, practicidad y resultados impecables. Con una f\u00f3rmula enriquecida con queratina, proporciona autonivelante y una fijaci\u00f3n excelente, asegurando un acabado suave, resistente y natural. Ideal para extensiones con moldes, puntas y fibras, tambi\u00e9n est\u00e1 indicada para la reconstrucci\u00f3n de u\u00f1as mordidas y el&hellip;","_links":{"self":[{"href":"https:\/\/varietieseym.com.uy\/index.php\/wp-json\/wp\/v2\/product\/9933","targetHints":{"allow":["GET"]}}],"collection":[{"href":"https:\/\/varietieseym.com.uy\/index.php\/wp-json\/wp\/v2\/product"}],"about":[{"href":"https:\/\/varietieseym.com.uy\/index.php\/wp-json\/wp\/v2\/types\/product"}],"wp:featuredmedia":[{"embeddable":true,"href":"https:\/\/varietieseym.com.uy\/index.php\/wp-json\/wp\/v2\/media\/9946"}],"wp:attachment":[{"href":"https:\/\/varietieseym.com.uy\/index.php\/wp-json\/wp\/v2\/media?parent=9933"}],"wp:term":[{"taxonomy":"product_brand","embeddable":true,"href":"https:\/\/varietieseym.com.uy\/index.php\/wp-json\/wp\/v2\/product_brand?post=9933"},{"taxonomy":"product_cat","embeddable":true,"href":"https:\/\/varietieseym.com.uy\/index.php\/wp-json\/wp\/v2\/product_cat?post=9933"},{"taxonomy":"product_tag","embeddable":true,"href":"https:\/\/varietieseym.com.uy\/index.php\/wp-json\/wp\/v2\/product_tag?post=9933"}],"curies":[{"name":"wp","href":"https:\/\/api.w.org\/{rel}","templated":true}]}}