{"id":9959,"date":"2025-12-27T21:46:22","date_gmt":"2025-12-28T00:46:22","guid":{"rendered":"https:\/\/varietieseym.com.uy\/?post_type=product&#038;p=9959"},"modified":"2026-04-05T17:17:55","modified_gmt":"2026-04-05T20:17:55","slug":"polygel-solido-faceshower","status":"publish","type":"product","link":"https:\/\/varietieseym.com.uy\/index.php\/producto\/polygel-solido-faceshower\/","title":{"rendered":"Polygel Solido Faceshows."},"content":{"rendered":"<ul class=\"a-unordered-list a-vertical a-spacing-mini\">\n<li class=\"a-spacing-mini\"><span class=\"a-list-item\">Este gel de construcci\u00f3n de u\u00f1as se puede usar para extender, modelar y decorar las u\u00f1as.<\/span><\/li>\n<li class=\"a-spacing-mini\"><span class=\"a-list-item\"> El gel constructor s\u00f3lido puede extender las u\u00f1as no es de consistencia pegajoso a mano no se pega por lo que no necesita otras herramientas o formas de u\u00f1as para operar, f\u00e1cil de hacer la extensi\u00f3n de u\u00f1as por s\u00ed mismo. El gel constructor puede extender r\u00e1pidamente la longitud de sus u\u00f1as con un recorte en un tama\u00f1o adecuado seg\u00fan las necesidades reales, m\u00e1s flexible y m\u00e1s liviana, pero no es f\u00e1cil de romper, al igual que las u\u00f1as naturales.<\/span><\/li>\n<\/ul>\n","protected":false},"excerpt":{"rendered":"<p>Este gel de construcci\u00f3n de u\u00f1as se puede usar para extender, modelar y decorar las u\u00f1as. El gel constructor s\u00f3lido puede extender las u\u00f1as no es de consistencia pegajoso a mano no se pega por lo que no necesita otras herramientas o formas de u\u00f1as para operar, f\u00e1cil de hacer la extensi\u00f3n de u\u00f1as por &hellip;<\/p>\n<p class=\"read-more\"> <a class=\"\" href=\"https:\/\/varietieseym.com.uy\/index.php\/producto\/polygel-solido-faceshower\/\"> <span class=\"screen-reader-text\">Polygel Solido Faceshows.<\/span> Leer m\u00e1s &raquo;<\/a><\/p>\n","protected":false},"featured_media":9961,"template":"","meta":{"_uag_custom_page_level_css":"","site-sidebar-layout":"default","site-content-layout":"","ast-site-content-layout":"default","site-content-style":"default","site-sidebar-style":"default","ast-global-header-display":"","ast-banner-title-visibility":"","ast-main-header-display":"","ast-hfb-above-header-display":"","ast-hfb-below-header-display":"","ast-hfb-mobile-header-display":"","site-post-title":"","ast-breadcrumbs-content":"","ast-featured-img":"","footer-sml-layout":"","theme-transparent-header-meta":"default","adv-header-id-meta":"","stick-header-meta":"","header-above-stick-meta":"","header-main-stick-meta":"","header-below-stick-meta":"","astra-migrate-meta-layouts":"set","_joinchat":[]},"product_brand":[],"product_cat":[219,185,131],"product_tag":[],"class_list":{"0":"post-9959","1":"product","2":"type-product","3":"status-publish","4":"has-post-thumbnail","6":"product_cat-construccion-unas","7":"product_cat-gel-unas","8":"product_cat-unas","9":"desktop-align-center","10":"tablet-align-left","11":"mobile-align-left","13":"first","14":"instock","15":"shipping-taxable","16":"purchasable","17":"product-type-variable"},"uagb_featured_image_src":{"full":["https:\/\/varietieseym.com.uy\/wp-content\/uploads\/2025\/12\/polygel-solido-faceshows-colores1.jpg",892,871,false],"thumbnail":["https:\/\/varietieseym.com.uy\/wp-content\/uploads\/2025\/12\/polygel-solido-faceshows-colores1-150x150.jpg",150,150,true],"medium":["https:\/\/varietieseym.com.uy\/wp-content\/uploads\/2025\/12\/polygel-solido-faceshows-colores1-300x293.jpg",300,293,true],"medium_large":["https:\/\/varietieseym.com.uy\/wp-content\/uploads\/2025\/12\/polygel-solido-faceshows-colores1-768x750.jpg",768,750,true],"large":["https:\/\/varietieseym.com.uy\/wp-content\/uploads\/2025\/12\/polygel-solido-faceshows-colores1.jpg",892,871,false],"1536x1536":["https:\/\/varietieseym.com.uy\/wp-content\/uploads\/2025\/12\/polygel-solido-faceshows-colores1.jpg",892,871,false],"2048x2048":["https:\/\/varietieseym.com.uy\/wp-content\/uploads\/2025\/12\/polygel-solido-faceshows-colores1.jpg",892,871,false],"woocommerce_thumbnail":["https:\/\/varietieseym.com.uy\/wp-content\/uploads\/2025\/12\/polygel-solido-faceshows-colores1-300x300.jpg",300,300,true],"woocommerce_single":["https:\/\/varietieseym.com.uy\/wp-content\/uploads\/2025\/12\/polygel-solido-faceshows-colores1-600x586.jpg",600,586,true],"woocommerce_gallery_thumbnail":["https:\/\/varietieseym.com.uy\/wp-content\/uploads\/2025\/12\/polygel-solido-faceshows-colores1-100x100.jpg",100,100,true]},"uagb_author_info":{"display_name":"Varietieseym","author_link":"https:\/\/varietieseym.com.uy\/index.php\/author\/"},"uagb_comment_info":0,"uagb_excerpt":"Este gel de construcci\u00f3n de u\u00f1as se puede usar para extender, modelar y decorar las u\u00f1as. El gel constructor s\u00f3lido puede extender las u\u00f1as no es de consistencia pegajoso a mano no se pega por lo que no necesita otras herramientas o formas de u\u00f1as para operar, f\u00e1cil de hacer la extensi\u00f3n de u\u00f1as por&hellip;","_links":{"self":[{"href":"https:\/\/varietieseym.com.uy\/index.php\/wp-json\/wp\/v2\/product\/9959","targetHints":{"allow":["GET"]}}],"collection":[{"href":"https:\/\/varietieseym.com.uy\/index.php\/wp-json\/wp\/v2\/product"}],"about":[{"href":"https:\/\/varietieseym.com.uy\/index.php\/wp-json\/wp\/v2\/types\/product"}],"wp:featuredmedia":[{"embeddable":true,"href":"https:\/\/varietieseym.com.uy\/index.php\/wp-json\/wp\/v2\/media\/9961"}],"wp:attachment":[{"href":"https:\/\/varietieseym.com.uy\/index.php\/wp-json\/wp\/v2\/media?parent=9959"}],"wp:term":[{"taxonomy":"product_brand","embeddable":true,"href":"https:\/\/varietieseym.com.uy\/index.php\/wp-json\/wp\/v2\/product_brand?post=9959"},{"taxonomy":"product_cat","embeddable":true,"href":"https:\/\/varietieseym.com.uy\/index.php\/wp-json\/wp\/v2\/product_cat?post=9959"},{"taxonomy":"product_tag","embeddable":true,"href":"https:\/\/varietieseym.com.uy\/index.php\/wp-json\/wp\/v2\/product_tag?post=9959"}],"curies":[{"name":"wp","href":"https:\/\/api.w.org\/{rel}","templated":true}]}}