{"id":9971,"date":"2025-12-27T22:32:02","date_gmt":"2025-12-28T01:32:02","guid":{"rendered":"https:\/\/varietieseym.com.uy\/?post_type=product&#038;p=9971"},"modified":"2025-12-27T22:32:02","modified_gmt":"2025-12-28T01:32:02","slug":"parafina-repos","status":"publish","type":"product","link":"https:\/\/varietieseym.com.uy\/index.php\/producto\/parafina-repos\/","title":{"rendered":"Parafina Repos"},"content":{"rendered":"<p class=\"QN2lPu\">Hidrata la piel durante el tratamiento de pies y manos.<\/p>\n<p class=\"QN2lPu\">Contiene: lactato s\u00f3dico, que mantiene la hidrataci\u00f3n natural de la piel, gracias a su capacidad para retener la humedad, dej\u00e1ndola hidratada durante 24 horas. Omega Active, activo con fuentes de OMG 3, 6 y 9 con acci\u00f3n sustitutiva de l\u00edpidos que hace que la piel est\u00e9 m\u00e1s hidratada y saludable.<\/p>\n<p class=\"QN2lPu\">Modo de uso:<\/p>\n<p class=\"QN2lPu\">&#8211; Aplicar una capa de parafina repos sobre la piel, dej\u00e1ndola actuar hasta que sea absorbida, y si es necesario eliminar el exceso.<\/p>\n","protected":false},"excerpt":{"rendered":"<p>Hidrata la piel durante el tratamiento de pies y manos. Contiene: lactato s\u00f3dico, que mantiene la hidrataci\u00f3n natural de la piel, gracias a su capacidad para retener la humedad, dej\u00e1ndola hidratada durante 24 horas. Omega Active, activo con fuentes de OMG 3, 6 y 9 con acci\u00f3n sustitutiva de l\u00edpidos que hace que la piel &hellip;<\/p>\n<p class=\"read-more\"> <a class=\"\" href=\"https:\/\/varietieseym.com.uy\/index.php\/producto\/parafina-repos\/\"> <span class=\"screen-reader-text\">Parafina Repos<\/span> Leer m\u00e1s &raquo;<\/a><\/p>\n","protected":false},"featured_media":9972,"template":"","meta":{"_uag_custom_page_level_css":"","site-sidebar-layout":"default","site-content-layout":"","ast-site-content-layout":"default","site-content-style":"default","site-sidebar-style":"default","ast-global-header-display":"","ast-banner-title-visibility":"","ast-main-header-display":"","ast-hfb-above-header-display":"","ast-hfb-below-header-display":"","ast-hfb-mobile-header-display":"","site-post-title":"","ast-breadcrumbs-content":"","ast-featured-img":"","footer-sml-layout":"","theme-transparent-header-meta":"default","adv-header-id-meta":"","stick-header-meta":"","header-above-stick-meta":"","header-main-stick-meta":"","header-below-stick-meta":"","astra-migrate-meta-layouts":"set","_joinchat":[]},"product_brand":[],"product_cat":[131,137],"product_tag":[],"class_list":{"0":"post-9971","1":"product","2":"type-product","3":"status-publish","4":"has-post-thumbnail","6":"product_cat-unas","7":"product_cat-otros","8":"desktop-align-center","9":"tablet-align-left","10":"mobile-align-left","12":"first","13":"instock","14":"shipping-taxable","15":"purchasable","16":"product-type-simple"},"uagb_featured_image_src":{"full":["https:\/\/varietieseym.com.uy\/wp-content\/uploads\/2025\/12\/parafina.jpg",813,817,false],"thumbnail":["https:\/\/varietieseym.com.uy\/wp-content\/uploads\/2025\/12\/parafina-150x150.jpg",150,150,true],"medium":["https:\/\/varietieseym.com.uy\/wp-content\/uploads\/2025\/12\/parafina-300x300.jpg",300,300,true],"medium_large":["https:\/\/varietieseym.com.uy\/wp-content\/uploads\/2025\/12\/parafina-768x772.jpg",768,772,true],"large":["https:\/\/varietieseym.com.uy\/wp-content\/uploads\/2025\/12\/parafina.jpg",813,817,false],"1536x1536":["https:\/\/varietieseym.com.uy\/wp-content\/uploads\/2025\/12\/parafina.jpg",813,817,false],"2048x2048":["https:\/\/varietieseym.com.uy\/wp-content\/uploads\/2025\/12\/parafina.jpg",813,817,false],"woocommerce_thumbnail":["https:\/\/varietieseym.com.uy\/wp-content\/uploads\/2025\/12\/parafina-300x300.jpg",300,300,true],"woocommerce_single":["https:\/\/varietieseym.com.uy\/wp-content\/uploads\/2025\/12\/parafina-600x603.jpg",600,603,true],"woocommerce_gallery_thumbnail":["https:\/\/varietieseym.com.uy\/wp-content\/uploads\/2025\/12\/parafina-100x100.jpg",100,100,true]},"uagb_author_info":{"display_name":"Varietieseym","author_link":"https:\/\/varietieseym.com.uy\/index.php\/author\/"},"uagb_comment_info":0,"uagb_excerpt":"Hidrata la piel durante el tratamiento de pies y manos. Contiene: lactato s\u00f3dico, que mantiene la hidrataci\u00f3n natural de la piel, gracias a su capacidad para retener la humedad, dej\u00e1ndola hidratada durante 24 horas. Omega Active, activo con fuentes de OMG 3, 6 y 9 con acci\u00f3n sustitutiva de l\u00edpidos que hace que la piel&hellip;","_links":{"self":[{"href":"https:\/\/varietieseym.com.uy\/index.php\/wp-json\/wp\/v2\/product\/9971","targetHints":{"allow":["GET"]}}],"collection":[{"href":"https:\/\/varietieseym.com.uy\/index.php\/wp-json\/wp\/v2\/product"}],"about":[{"href":"https:\/\/varietieseym.com.uy\/index.php\/wp-json\/wp\/v2\/types\/product"}],"wp:featuredmedia":[{"embeddable":true,"href":"https:\/\/varietieseym.com.uy\/index.php\/wp-json\/wp\/v2\/media\/9972"}],"wp:attachment":[{"href":"https:\/\/varietieseym.com.uy\/index.php\/wp-json\/wp\/v2\/media?parent=9971"}],"wp:term":[{"taxonomy":"product_brand","embeddable":true,"href":"https:\/\/varietieseym.com.uy\/index.php\/wp-json\/wp\/v2\/product_brand?post=9971"},{"taxonomy":"product_cat","embeddable":true,"href":"https:\/\/varietieseym.com.uy\/index.php\/wp-json\/wp\/v2\/product_cat?post=9971"},{"taxonomy":"product_tag","embeddable":true,"href":"https:\/\/varietieseym.com.uy\/index.php\/wp-json\/wp\/v2\/product_tag?post=9971"}],"curies":[{"name":"wp","href":"https:\/\/api.w.org\/{rel}","templated":true}]}}