{"id":9973,"date":"2025-12-27T22:42:48","date_gmt":"2025-12-28T01:42:48","guid":{"rendered":"https:\/\/varietieseym.com.uy\/?post_type=product&#038;p=9973"},"modified":"2026-02-12T11:59:03","modified_gmt":"2026-02-12T14:59:03","slug":"serum-hidratante-pies","status":"publish","type":"product","link":"https:\/\/varietieseym.com.uy\/index.php\/producto\/serum-hidratante-pies\/","title":{"rendered":"Serum hidratante pies"},"content":{"rendered":"<p class=\"QN2lPu\">S\u00e9rum hidratante para manos secas y pies contacto seco!<\/p>\n<p class=\"QN2lPu\">Enriquecido con una mezcla de aceite de almendra, aceite de coco y aceite de girasol, este s\u00e9rum ha sido especialmente formulado para proporcionar una hidrataci\u00f3n intensiva en manos y pies secos.<\/p>\n<p class=\"QN2lPu\">Nutre y suaviza la piel \u00e1spera, dej\u00e1ndola suave, sedosa y revitalizada.<\/p>\n<p class=\"QN2lPu\">Su formula de r\u00e1pida absorci\u00f3n garantiza una aplicaci\u00f3n f\u00e1cil e instant\u00e1nea, sin dejar una sensaci\u00f3n pegajosa.<\/p>\n<p class=\"QN2lPu\">Date un capricho con manos y pies suaves e hidratados todo el d\u00eda con nuestro Repos Hydrating Hand and Foot Serum.<\/p>\n<p class=\"QN2lPu\">C\u00f3mo usar: Aplica en manos y pies limpios y secos, masajeando suavemente hasta que el producto sea completamente absorbido.<\/p>\n<p class=\"QN2lPu\">\n","protected":false},"excerpt":{"rendered":"<p>S\u00e9rum hidratante para manos secas y pies contacto seco! Enriquecido con una mezcla de aceite de almendra, aceite de coco y aceite de girasol, este s\u00e9rum ha sido especialmente formulado para proporcionar una hidrataci\u00f3n intensiva en manos y pies secos. Nutre y suaviza la piel \u00e1spera, dej\u00e1ndola suave, sedosa y revitalizada. Su formula de r\u00e1pida &hellip;<\/p>\n<p class=\"read-more\"> <a class=\"\" href=\"https:\/\/varietieseym.com.uy\/index.php\/producto\/serum-hidratante-pies\/\"> <span class=\"screen-reader-text\">Serum hidratante pies<\/span> Leer m\u00e1s &raquo;<\/a><\/p>\n","protected":false},"featured_media":9974,"template":"","meta":{"_uag_custom_page_level_css":"","site-sidebar-layout":"default","site-content-layout":"","ast-site-content-layout":"default","site-content-style":"default","site-sidebar-style":"default","ast-global-header-display":"","ast-banner-title-visibility":"","ast-main-header-display":"","ast-hfb-above-header-display":"","ast-hfb-below-header-display":"","ast-hfb-mobile-header-display":"","site-post-title":"","ast-breadcrumbs-content":"","ast-featured-img":"","footer-sml-layout":"","theme-transparent-header-meta":"default","adv-header-id-meta":"","stick-header-meta":"","header-above-stick-meta":"","header-main-stick-meta":"","header-below-stick-meta":"","astra-migrate-meta-layouts":"set","_joinchat":[]},"product_brand":[],"product_cat":[250,137],"product_tag":[],"class_list":{"0":"post-9973","1":"product","2":"type-product","3":"status-publish","4":"has-post-thumbnail","6":"product_cat-hidratantes","7":"product_cat-otros","8":"desktop-align-center","9":"tablet-align-left","10":"mobile-align-left","12":"first","13":"instock","14":"shipping-taxable","15":"purchasable","16":"product-type-simple"},"uagb_featured_image_src":{"full":["https:\/\/varietieseym.com.uy\/wp-content\/uploads\/2025\/12\/serum-pies.jpg",793,816,false],"thumbnail":["https:\/\/varietieseym.com.uy\/wp-content\/uploads\/2025\/12\/serum-pies-150x150.jpg",150,150,true],"medium":["https:\/\/varietieseym.com.uy\/wp-content\/uploads\/2025\/12\/serum-pies-292x300.jpg",292,300,true],"medium_large":["https:\/\/varietieseym.com.uy\/wp-content\/uploads\/2025\/12\/serum-pies-768x790.jpg",768,790,true],"large":["https:\/\/varietieseym.com.uy\/wp-content\/uploads\/2025\/12\/serum-pies.jpg",793,816,false],"1536x1536":["https:\/\/varietieseym.com.uy\/wp-content\/uploads\/2025\/12\/serum-pies.jpg",793,816,false],"2048x2048":["https:\/\/varietieseym.com.uy\/wp-content\/uploads\/2025\/12\/serum-pies.jpg",793,816,false],"woocommerce_thumbnail":["https:\/\/varietieseym.com.uy\/wp-content\/uploads\/2025\/12\/serum-pies-300x300.jpg",300,300,true],"woocommerce_single":["https:\/\/varietieseym.com.uy\/wp-content\/uploads\/2025\/12\/serum-pies-600x617.jpg",600,617,true],"woocommerce_gallery_thumbnail":["https:\/\/varietieseym.com.uy\/wp-content\/uploads\/2025\/12\/serum-pies-100x100.jpg",100,100,true]},"uagb_author_info":{"display_name":"Varietieseym","author_link":"https:\/\/varietieseym.com.uy\/index.php\/author\/"},"uagb_comment_info":0,"uagb_excerpt":"S\u00e9rum hidratante para manos secas y pies contacto seco! Enriquecido con una mezcla de aceite de almendra, aceite de coco y aceite de girasol, este s\u00e9rum ha sido especialmente formulado para proporcionar una hidrataci\u00f3n intensiva en manos y pies secos. Nutre y suaviza la piel \u00e1spera, dej\u00e1ndola suave, sedosa y revitalizada. Su formula de r\u00e1pida&hellip;","_links":{"self":[{"href":"https:\/\/varietieseym.com.uy\/index.php\/wp-json\/wp\/v2\/product\/9973","targetHints":{"allow":["GET"]}}],"collection":[{"href":"https:\/\/varietieseym.com.uy\/index.php\/wp-json\/wp\/v2\/product"}],"about":[{"href":"https:\/\/varietieseym.com.uy\/index.php\/wp-json\/wp\/v2\/types\/product"}],"wp:featuredmedia":[{"embeddable":true,"href":"https:\/\/varietieseym.com.uy\/index.php\/wp-json\/wp\/v2\/media\/9974"}],"wp:attachment":[{"href":"https:\/\/varietieseym.com.uy\/index.php\/wp-json\/wp\/v2\/media?parent=9973"}],"wp:term":[{"taxonomy":"product_brand","embeddable":true,"href":"https:\/\/varietieseym.com.uy\/index.php\/wp-json\/wp\/v2\/product_brand?post=9973"},{"taxonomy":"product_cat","embeddable":true,"href":"https:\/\/varietieseym.com.uy\/index.php\/wp-json\/wp\/v2\/product_cat?post=9973"},{"taxonomy":"product_tag","embeddable":true,"href":"https:\/\/varietieseym.com.uy\/index.php\/wp-json\/wp\/v2\/product_tag?post=9973"}],"curies":[{"name":"wp","href":"https:\/\/api.w.org\/{rel}","templated":true}]}}